{"id":4513,"date":"2021-04-22T10:22:23","date_gmt":"2021-04-22T08:22:23","guid":{"rendered":"https:\/\/franz-jost.com\/jardin\/videos\/bunker-glatt-rechen-mit-golfrechen\/"},"modified":"2024-05-28T12:53:37","modified_gmt":"2024-05-28T10:53:37","slug":"bunker-glatt-rechen-mit-golfrechen","status":"publish","type":"page","link":"https:\/\/franz-jost.com\/fr\/jardin\/videos\/bunker-glatt-rechen-mit-golfrechen\/","title":{"rendered":"Bunker glatt rechen mit Golfrechen"},"content":{"rendered":"<div id='slider'  class='av-layout-grid-container av-5l7lq-c2d543e814c66aae6d9e01b27424e165 entry-content-wrapper main_color av-flex-cells  avia-builder-el-0  el_before_av_layout_row  avia-builder-el-first   container_wrap fullsize'  >\n\n<style type=\"text\/css\" data-created_by=\"avia_inline_auto\" id=\"style-css-av-k75096je-011f9abed54c9eec810f32a832dfe8dd\">\n.flex_cell.av-k75096je-011f9abed54c9eec810f32a832dfe8dd{\nvertical-align:top;\n}\n.responsive #top #wrap_all .flex_cell.av-k75096je-011f9abed54c9eec810f32a832dfe8dd{\npadding:0px 0px 0px 0px !important;\n}\n<\/style>\n<div class='flex_cell av-k75096je-011f9abed54c9eec810f32a832dfe8dd av-gridrow-cell av_one_full no_margin  avia-builder-el-1  avia-builder-el-no-sibling  content-align-top'  ><div class='flex_cell_inner'>\n<style type=\"text\/css\" data-created_by=\"avia_inline_auto\" id=\"style-css-av-3j0je-02e62cac2e4e173b51234d4ad9c20a43\">\n#top .flex_column.av-3j0je-02e62cac2e4e173b51234d4ad9c20a43{\nmargin-bottom:-3%;\n}\n.flex_column.av-3j0je-02e62cac2e4e173b51234d4ad9c20a43{\nborder-radius:0px 0px 0px 0px;\npadding:0px 0px 0px 0px;\n}\n.responsive #top #wrap_all .flex_column.av-3j0je-02e62cac2e4e173b51234d4ad9c20a43{\nmargin-bottom:-3%;\n}\n<\/style>\n<div  class='flex_column av-3j0je-02e62cac2e4e173b51234d4ad9c20a43 av_one_full  avia-builder-el-2  avia-builder-el-no-sibling  first flex_column_div av-zero-column-padding  '     ><style type=\"text\/css\" data-created_by=\"avia_inline_auto\" id=\"style-css-av-k7505tn4-80fd4cf5e76cf9754788e78e1846a6c4\">\n.avia-image-container.av-k7505tn4-80fd4cf5e76cf9754788e78e1846a6c4 img.avia_image{\nbox-shadow:none;\n}\n.avia-image-container.av-k7505tn4-80fd4cf5e76cf9754788e78e1846a6c4 .av-image-caption-overlay-center{\ncolor:#ffffff;\n}\n<\/style>\n<div  class='avia-image-container av-k7505tn4-80fd4cf5e76cf9754788e78e1846a6c4 av-styling- avia-align-center  avia-builder-el-3  avia-builder-el-no-sibling '   itemprop=\"image\" itemscope=\"itemscope\" itemtype=\"https:\/\/schema.org\/ImageObject\" ><div class=\"avia-image-container-inner\"><div class=\"avia-image-overlay-wrap\"><img fetchpriority=\"high\" class='wp-image-1561 avia-img-lazy-loading-not-1561 avia_image ' src='https:\/\/franz-jost.com\/wp-content\/uploads\/2020\/03\/JOST-MADE-BY-Kopfbild.png' alt='' title=''  height=\"392\" width=\"2000\"  itemprop=\"thumbnailUrl\"  \/><\/div><\/div><\/div><\/div>\n<\/div><\/div>\n<\/div>\n<div id='av-layout-grid-2'  class='av-layout-grid-container av-5l7lq-a101debedd55bdd1c659b41affb4457d entry-content-wrapper main_color av-flex-cells  avia-builder-el-4  el_after_av_layout_row  el_before_av_layout_row  grid-row-not-first  container_wrap fullsize'  >\n\n<style type=\"text\/css\" data-created_by=\"avia_inline_auto\" id=\"style-css-av-k75096je-74d19b249ac347642ca83dd6248fc73a\">\n.flex_cell.av-k75096je-74d19b249ac347642ca83dd6248fc73a{\nvertical-align:top;\n}\n.responsive #top #wrap_all .flex_cell.av-k75096je-74d19b249ac347642ca83dd6248fc73a{\npadding:50px 0px 0px 0px !important;\n}\n<\/style>\n<div class='flex_cell av-k75096je-74d19b249ac347642ca83dd6248fc73a av-gridrow-cell av_one_full no_margin  avia-builder-el-5  avia-builder-el-no-sibling  content-align-top'  ><div class='flex_cell_inner'>\n<style type=\"text\/css\" data-created_by=\"avia_inline_auto\" id=\"style-css-av-3j0je-424cebc3a635be9f07fc37f0d4bb7d83\">\n.flex_column.av-3j0je-424cebc3a635be9f07fc37f0d4bb7d83{\nborder-radius:0px 0px 0px 0px;\npadding:2px 2px 2px 2px;\n}\n<\/style>\n<div  class='flex_column av-3j0je-424cebc3a635be9f07fc37f0d4bb7d83 av_one_full  avia-builder-el-6  avia-builder-el-no-sibling  first no_margin flex_column_div  '     ><section  class='av_textblock_section av-k761y7k4-91d83235bbdf320b58cba839d4813f14 '   itemscope=\"itemscope\" itemtype=\"https:\/\/schema.org\/CreativeWork\" ><div class='avia_textblock av_inherit_color'  itemprop=\"text\" ><h3><span lang=\"FR\">Un bunker de sable parfaitement \u00e9galis\u00e9 gr\u00e2ce au r\u00e2teau de golf BR16 ou BR16G\u00a0<\/span><\/h3>\n<\/div><\/section><br \/>\n\n<style type=\"text\/css\" data-created_by=\"avia_inline_auto\" id=\"style-css-av-k7620v3n-c2f0be3334541c4e0bddc79fc967a459\">\n#top .hr.hr-invisible.av-k7620v3n-c2f0be3334541c4e0bddc79fc967a459{\nheight:20px;\n}\n<\/style>\n<div  class='hr av-k7620v3n-c2f0be3334541c4e0bddc79fc967a459 hr-invisible  avia-builder-el-8  el_after_av_textblock  avia-builder-el-last '><span class='hr-inner '><span class=\"hr-inner-style\"><\/span><\/span><\/div><\/p><\/div>\n<\/div><\/div><\/div><div id='av-layout-grid-3'  class='av-layout-grid-container av-6k4m6t-a7bd4c918dae19633cc0c7759467cf29 entry-content-wrapper main_color av-flex-cells  avia-builder-el-9  el_after_av_layout_row  avia-builder-el-last  grid-row-not-first  container_wrap fullsize'  >\n\n<style type=\"text\/css\" data-created_by=\"avia_inline_auto\" id=\"style-css-av-kascabkb-de192829fc7e9c14185055b4f757e004\">\n.flex_cell.av-kascabkb-de192829fc7e9c14185055b4f757e004{\nvertical-align:top;\n}\n.responsive #top #wrap_all .flex_cell.av-kascabkb-de192829fc7e9c14185055b4f757e004{\npadding:0px 0px 15px 0px !important;\n}\n<\/style>\n<div class='flex_cell av-kascabkb-de192829fc7e9c14185055b4f757e004 av-gridrow-cell av_one_full no_margin  avia-builder-el-10  avia-builder-el-no-sibling  content-align-top'  ><div class='flex_cell_inner'><p>\n<style type=\"text\/css\" data-created_by=\"avia_inline_auto\" id=\"style-css-av-my6v9-894e32f6481da5aa00933ae1060349a3\">\n.flex_column.av-my6v9-894e32f6481da5aa00933ae1060349a3{\nborder-radius:0px 0px 0px 0px;\npadding:0px 0px 0px 0px;\n}\n<\/style>\n<div  class='flex_column av-my6v9-894e32f6481da5aa00933ae1060349a3 av_one_full  avia-builder-el-11  el_before_av_one_full  avia-builder-el-first  first flex_column_div av-zero-column-padding  '     ><style type=\"text\/css\" data-created_by=\"avia_inline_auto\" id=\"style-css-av-knr3viz4-27cda26d25ca8c282f2bbc6e222077db\">\n.avia-video.av-knr3viz4-27cda26d25ca8c282f2bbc6e222077db{\nbackground-image:url(https:\/\/franz-jost.com\/wp-content\/uploads\/2021\/04\/bunker_glatt_rechen_mit_golfrechen.jpg);\n}\n<\/style>\n<div  class='avia-video av-knr3viz4-27cda26d25ca8c282f2bbc6e222077db avia-video-16-9 av-preview-image avia-video-load-always avia-video-html5'  itemprop=\"video\" itemtype=\"https:\/\/schema.org\/VideoObject\"  data-original_url='https:\/\/franz-jost.com\/wp-content\/uploads\/videos\/bunker_glatt_rechen-mit_golfrechen.mp4'><video class='avia_video' poster=\"https:\/\/franz-jost.com\/wp-content\/uploads\/2021\/04\/bunker_glatt_rechen_mit_golfrechen.jpg\" autoplay playsinline  preload=\"auto\" muted controls id='player_4513_1344070385_1579864651'><source src='https:\/\/franz-jost.com\/wp-content\/uploads\/videos\/bunker_glatt_rechen-mit_golfrechen.mp4' type='video\/mp4' \/><\/video><\/div><\/div><div class='flex_column_table av-3j0je-7999b1440d90db0f1a355442b63f9c4c sc-av_one_full av-equal-height-column-flextable'>\n<style type=\"text\/css\" data-created_by=\"avia_inline_auto\" id=\"style-css-av-3j0je-7999b1440d90db0f1a355442b63f9c4c\">\n.flex_column.av-3j0je-7999b1440d90db0f1a355442b63f9c4c{\nborder-radius:0px 0px 0px 0px;\npadding:2px 2px 2px 2px;\n}\n<\/style>\n<div  class='flex_column av-3j0je-7999b1440d90db0f1a355442b63f9c4c av_one_full  avia-builder-el-13  el_after_av_one_full  avia-builder-el-last  first flex_column_table_cell av-equal-height-column av-align-top  column-top-margin'     ><div  class='avia-button-wrap av-k8znf74n-de6ab234677aae0df4531ef0c26256c6-wrap avia-button-left  avia-builder-el-14  avia-builder-el-no-sibling '><a href='https:\/\/franz-jost.com\/fr\/jardin\/videos\/'  class='avia-button av-k8znf74n-de6ab234677aae0df4531ef0c26256c6 av-link-btn avia-icon_select-yes-left-icon avia-size-small avia-position-left avia-color-theme-color'   aria-label=\"Aper\u00e7u des vid\u00e9os\"><span class='avia_button_icon avia_button_icon_left avia-iconfont avia-font-entypo-fontello' data-av_icon='\ue874' data-av_iconfont='entypo-fontello' ><\/span><span class='avia_iconbox_title' >Aper\u00e7u des vid\u00e9os<\/span><\/a><\/div><\/div><\/div><!--close column table wrapper. Autoclose: 1 --><\/p>\n<\/div><\/div><\/div><\/p>\n","protected":false},"excerpt":{"rendered":"","protected":false},"author":1,"featured_media":0,"parent":4454,"menu_order":3,"comment_status":"closed","ping_status":"closed","template":"","meta":{"footnotes":""},"class_list":["post-4513","page","type-page","status-publish","hentry"],"aioseo_notices":[],"_links":{"self":[{"href":"https:\/\/franz-jost.com\/fr\/wp-json\/wp\/v2\/pages\/4513","targetHints":{"allow":["GET"]}}],"collection":[{"href":"https:\/\/franz-jost.com\/fr\/wp-json\/wp\/v2\/pages"}],"about":[{"href":"https:\/\/franz-jost.com\/fr\/wp-json\/wp\/v2\/types\/page"}],"author":[{"embeddable":true,"href":"https:\/\/franz-jost.com\/fr\/wp-json\/wp\/v2\/users\/1"}],"replies":[{"embeddable":true,"href":"https:\/\/franz-jost.com\/fr\/wp-json\/wp\/v2\/comments?post=4513"}],"version-history":[{"count":2,"href":"https:\/\/franz-jost.com\/fr\/wp-json\/wp\/v2\/pages\/4513\/revisions"}],"predecessor-version":[{"id":4516,"href":"https:\/\/franz-jost.com\/fr\/wp-json\/wp\/v2\/pages\/4513\/revisions\/4516"}],"up":[{"embeddable":true,"href":"https:\/\/franz-jost.com\/fr\/wp-json\/wp\/v2\/pages\/4454"}],"wp:attachment":[{"href":"https:\/\/franz-jost.com\/fr\/wp-json\/wp\/v2\/media?parent=4513"}],"curies":[{"name":"wp","href":"https:\/\/api.w.org\/{rel}","templated":true}]}}