{"id":4496,"date":"2021-04-21T14:51:05","date_gmt":"2021-04-21T12:51:05","guid":{"rendered":"https:\/\/franz-jost.com\/jardin\/videos\/das-beste-fuer-perfekten-rasen\/"},"modified":"2024-05-28T12:45:27","modified_gmt":"2024-05-28T10:45:27","slug":"das-beste-fuer-perfekten-rasen","status":"publish","type":"page","link":"https:\/\/franz-jost.com\/fr\/jardin\/videos\/das-beste-fuer-perfekten-rasen\/","title":{"rendered":"Das Beste f\u00fcr perfekten Rasen"},"content":{"rendered":"<div id='slider'  class='av-layout-grid-container av-5l7lq-c2d543e814c66aae6d9e01b27424e165 entry-content-wrapper main_color av-flex-cells  avia-builder-el-0  el_before_av_layout_row  avia-builder-el-first   container_wrap fullsize'  >\n\n<style type=\"text\/css\" data-created_by=\"avia_inline_auto\" id=\"style-css-av-k75096je-011f9abed54c9eec810f32a832dfe8dd\">\n.flex_cell.av-k75096je-011f9abed54c9eec810f32a832dfe8dd{\nvertical-align:top;\n}\n.responsive #top #wrap_all .flex_cell.av-k75096je-011f9abed54c9eec810f32a832dfe8dd{\npadding:0px 0px 0px 0px !important;\n}\n<\/style>\n<div class='flex_cell av-k75096je-011f9abed54c9eec810f32a832dfe8dd av-gridrow-cell av_one_full no_margin  avia-builder-el-1  avia-builder-el-no-sibling  content-align-top'  ><div class='flex_cell_inner'>\n<style type=\"text\/css\" data-created_by=\"avia_inline_auto\" id=\"style-css-av-3j0je-02e62cac2e4e173b51234d4ad9c20a43\">\n#top .flex_column.av-3j0je-02e62cac2e4e173b51234d4ad9c20a43{\nmargin-bottom:-3%;\n}\n.flex_column.av-3j0je-02e62cac2e4e173b51234d4ad9c20a43{\nborder-radius:0px 0px 0px 0px;\npadding:0px 0px 0px 0px;\n}\n.responsive #top #wrap_all .flex_column.av-3j0je-02e62cac2e4e173b51234d4ad9c20a43{\nmargin-bottom:-3%;\n}\n<\/style>\n<div  class='flex_column av-3j0je-02e62cac2e4e173b51234d4ad9c20a43 av_one_full  avia-builder-el-2  avia-builder-el-no-sibling  first flex_column_div av-zero-column-padding  '     ><style type=\"text\/css\" data-created_by=\"avia_inline_auto\" id=\"style-css-av-k7505tn4-80fd4cf5e76cf9754788e78e1846a6c4\">\n.avia-image-container.av-k7505tn4-80fd4cf5e76cf9754788e78e1846a6c4 img.avia_image{\nbox-shadow:none;\n}\n.avia-image-container.av-k7505tn4-80fd4cf5e76cf9754788e78e1846a6c4 .av-image-caption-overlay-center{\ncolor:#ffffff;\n}\n<\/style>\n<div  class='avia-image-container av-k7505tn4-80fd4cf5e76cf9754788e78e1846a6c4 av-styling- avia-align-center  avia-builder-el-3  avia-builder-el-no-sibling '   itemprop=\"image\" itemscope=\"itemscope\" itemtype=\"https:\/\/schema.org\/ImageObject\" ><div class=\"avia-image-container-inner\"><div class=\"avia-image-overlay-wrap\"><img fetchpriority=\"high\" class='wp-image-1561 avia-img-lazy-loading-not-1561 avia_image ' src='https:\/\/franz-jost.com\/wp-content\/uploads\/2020\/03\/JOST-MADE-BY-Kopfbild.png' alt='' title=''  height=\"392\" width=\"2000\"  itemprop=\"thumbnailUrl\"  \/><\/div><\/div><\/div><\/div>\n<\/div><\/div>\n<\/div>\n<div id='av-layout-grid-2'  class='av-layout-grid-container av-5l7lq-a101debedd55bdd1c659b41affb4457d entry-content-wrapper main_color av-flex-cells  avia-builder-el-4  el_after_av_layout_row  el_before_av_layout_row  grid-row-not-first  container_wrap fullsize'  >\n\n<style type=\"text\/css\" data-created_by=\"avia_inline_auto\" id=\"style-css-av-k75096je-74d19b249ac347642ca83dd6248fc73a\">\n.flex_cell.av-k75096je-74d19b249ac347642ca83dd6248fc73a{\nvertical-align:top;\n}\n.responsive #top #wrap_all .flex_cell.av-k75096je-74d19b249ac347642ca83dd6248fc73a{\npadding:50px 0px 0px 0px !important;\n}\n<\/style>\n<div class='flex_cell av-k75096je-74d19b249ac347642ca83dd6248fc73a av-gridrow-cell av_one_full no_margin  avia-builder-el-5  avia-builder-el-no-sibling  content-align-top'  ><div class='flex_cell_inner'>\n<style type=\"text\/css\" data-created_by=\"avia_inline_auto\" id=\"style-css-av-3j0je-424cebc3a635be9f07fc37f0d4bb7d83\">\n.flex_column.av-3j0je-424cebc3a635be9f07fc37f0d4bb7d83{\nborder-radius:0px 0px 0px 0px;\npadding:2px 2px 2px 2px;\n}\n<\/style>\n<div  class='flex_column av-3j0je-424cebc3a635be9f07fc37f0d4bb7d83 av_one_full  avia-builder-el-6  avia-builder-el-no-sibling  first no_margin flex_column_div  '     ><section  class='av_textblock_section av-k761y7k4-91d83235bbdf320b58cba839d4813f14 '   itemscope=\"itemscope\" itemtype=\"https:\/\/schema.org\/CreativeWork\" ><div class='avia_textblock av_inherit_color'  itemprop=\"text\" ><h3><span lang=\"FR\">L\u2019approche optimale pour un gazon parfait\u00a0<\/span><\/h3>\n<\/div><\/section><br \/>\n<section  class='av_textblock_section av-k761y7k4-0858e1d13308007fc2fe004c84cc5d2a '   itemscope=\"itemscope\" itemtype=\"https:\/\/schema.org\/CreativeWork\" ><div class='avia_textblock'  itemprop=\"text\" ><div><span lang=\"FR\">le top-dressing avec du sable, gr\u00e2ce au r\u00e2teau GH16E (r\u00e2teau avec bord d\u2019\u00e9pandage)<\/span><\/div>\n<\/div><\/section><br \/>\n\n<style type=\"text\/css\" data-created_by=\"avia_inline_auto\" id=\"style-css-av-k7620v3n-c2f0be3334541c4e0bddc79fc967a459\">\n#top .hr.hr-invisible.av-k7620v3n-c2f0be3334541c4e0bddc79fc967a459{\nheight:20px;\n}\n<\/style>\n<div  class='hr av-k7620v3n-c2f0be3334541c4e0bddc79fc967a459 hr-invisible  avia-builder-el-9  el_after_av_textblock  avia-builder-el-last '><span class='hr-inner '><span class=\"hr-inner-style\"><\/span><\/span><\/div><\/p><\/div>\n<\/div><\/div><\/div><div id='av-layout-grid-3'  class='av-layout-grid-container av-6k4m6t-a7bd4c918dae19633cc0c7759467cf29 entry-content-wrapper main_color av-flex-cells  avia-builder-el-10  el_after_av_layout_row  avia-builder-el-last  grid-row-not-first  container_wrap fullsize'  >\n\n<style type=\"text\/css\" data-created_by=\"avia_inline_auto\" id=\"style-css-av-kascabkb-de192829fc7e9c14185055b4f757e004\">\n.flex_cell.av-kascabkb-de192829fc7e9c14185055b4f757e004{\nvertical-align:top;\n}\n.responsive #top #wrap_all .flex_cell.av-kascabkb-de192829fc7e9c14185055b4f757e004{\npadding:0px 0px 15px 0px !important;\n}\n<\/style>\n<div class='flex_cell av-kascabkb-de192829fc7e9c14185055b4f757e004 av-gridrow-cell av_one_full no_margin  avia-builder-el-11  avia-builder-el-no-sibling  content-align-top'  ><div class='flex_cell_inner'><p>\n<style type=\"text\/css\" data-created_by=\"avia_inline_auto\" id=\"style-css-av-my6v9-894e32f6481da5aa00933ae1060349a3\">\n.flex_column.av-my6v9-894e32f6481da5aa00933ae1060349a3{\nborder-radius:0px 0px 0px 0px;\npadding:0px 0px 0px 0px;\n}\n<\/style>\n<div  class='flex_column av-my6v9-894e32f6481da5aa00933ae1060349a3 av_one_full  avia-builder-el-12  el_before_av_one_full  avia-builder-el-first  first flex_column_div av-zero-column-padding  '     ><style type=\"text\/css\" data-created_by=\"avia_inline_auto\" id=\"style-css-av-knr3viz4-93a4269845ac7674e76f6bf019035e1e\">\n.avia-video.av-knr3viz4-93a4269845ac7674e76f6bf019035e1e{\nbackground-image:url(https:\/\/franz-jost.com\/wp-content\/uploads\/2021\/04\/das_beste_fuer_perfekten_rasen-1030x515.jpg);\n}\n<\/style>\n<div  class='avia-video av-knr3viz4-93a4269845ac7674e76f6bf019035e1e avia-video-16-9 av-preview-image avia-video-load-always avia-video-html5'  itemprop=\"video\" itemtype=\"https:\/\/schema.org\/VideoObject\"  data-original_url='https:\/\/franz-jost.com\/wp-content\/uploads\/videos\/das_beste_fuer_perfekten_rasen.mp4'><video class='avia_video' poster=\"https:\/\/franz-jost.com\/wp-content\/uploads\/2021\/04\/das_beste_fuer_perfekten_rasen-1030x515.jpg\" autoplay playsinline  preload=\"auto\" muted controls id='player_4496_1045566506_35538803'><source src='https:\/\/franz-jost.com\/wp-content\/uploads\/videos\/das_beste_fuer_perfekten_rasen.mp4' type='video\/mp4' \/><\/video><\/div><\/div><div class='flex_column_table av-3j0je-7999b1440d90db0f1a355442b63f9c4c sc-av_one_full av-equal-height-column-flextable'>\n<style type=\"text\/css\" data-created_by=\"avia_inline_auto\" id=\"style-css-av-3j0je-7999b1440d90db0f1a355442b63f9c4c\">\n.flex_column.av-3j0je-7999b1440d90db0f1a355442b63f9c4c{\nborder-radius:0px 0px 0px 0px;\npadding:2px 2px 2px 2px;\n}\n<\/style>\n<div  class='flex_column av-3j0je-7999b1440d90db0f1a355442b63f9c4c av_one_full  avia-builder-el-14  el_after_av_one_full  avia-builder-el-last  first flex_column_table_cell av-equal-height-column av-align-top  column-top-margin'     ><div  class='avia-button-wrap av-k8znf74n-de6ab234677aae0df4531ef0c26256c6-wrap avia-button-left  avia-builder-el-15  avia-builder-el-no-sibling '><a href='https:\/\/franz-jost.com\/fr\/jardin\/videos\/'  class='avia-button av-k8znf74n-de6ab234677aae0df4531ef0c26256c6 av-link-btn avia-icon_select-yes-left-icon avia-size-small avia-position-left avia-color-theme-color'   aria-label=\"Aper\u00e7u des vid\u00e9os\"><span class='avia_button_icon avia_button_icon_left avia-iconfont avia-font-entypo-fontello' data-av_icon='\ue874' data-av_iconfont='entypo-fontello' ><\/span><span class='avia_iconbox_title' >Aper\u00e7u des vid\u00e9os<\/span><\/a><\/div><\/div><\/div><!--close column table wrapper. Autoclose: 1 --><\/p>\n<\/div><\/div><\/div><\/p>\n","protected":false},"excerpt":{"rendered":"","protected":false},"author":1,"featured_media":0,"parent":4454,"menu_order":1,"comment_status":"closed","ping_status":"closed","template":"","meta":{"footnotes":""},"class_list":["post-4496","page","type-page","status-publish","hentry"],"aioseo_notices":[],"_links":{"self":[{"href":"https:\/\/franz-jost.com\/fr\/wp-json\/wp\/v2\/pages\/4496","targetHints":{"allow":["GET"]}}],"collection":[{"href":"https:\/\/franz-jost.com\/fr\/wp-json\/wp\/v2\/pages"}],"about":[{"href":"https:\/\/franz-jost.com\/fr\/wp-json\/wp\/v2\/types\/page"}],"author":[{"embeddable":true,"href":"https:\/\/franz-jost.com\/fr\/wp-json\/wp\/v2\/users\/1"}],"replies":[{"embeddable":true,"href":"https:\/\/franz-jost.com\/fr\/wp-json\/wp\/v2\/comments?post=4496"}],"version-history":[{"count":2,"href":"https:\/\/franz-jost.com\/fr\/wp-json\/wp\/v2\/pages\/4496\/revisions"}],"predecessor-version":[{"id":4498,"href":"https:\/\/franz-jost.com\/fr\/wp-json\/wp\/v2\/pages\/4496\/revisions\/4498"}],"up":[{"embeddable":true,"href":"https:\/\/franz-jost.com\/fr\/wp-json\/wp\/v2\/pages\/4454"}],"wp:attachment":[{"href":"https:\/\/franz-jost.com\/fr\/wp-json\/wp\/v2\/media?parent=4496"}],"curies":[{"name":"wp","href":"https:\/\/api.w.org\/{rel}","templated":true}]}}