{"id":4454,"date":"2021-04-21T09:02:36","date_gmt":"2021-04-21T07:02:36","guid":{"rendered":"https:\/\/franz-jost.com\/jardin\/videos\/"},"modified":"2024-05-28T12:22:26","modified_gmt":"2024-05-28T10:22:26","slug":"videos","status":"publish","type":"page","link":"https:\/\/franz-jost.com\/fr\/jardin\/videos\/","title":{"rendered":"VIDEOS"},"content":{"rendered":"<div id='slider'  class='av-layout-grid-container av-5l7lq-c2d543e814c66aae6d9e01b27424e165 entry-content-wrapper main_color av-flex-cells  avia-builder-el-0  el_before_av_layerslider  avia-builder-el-first   container_wrap fullsize'  >\n\n<style type=\"text\/css\" data-created_by=\"avia_inline_auto\" id=\"style-css-av-k75096je-011f9abed54c9eec810f32a832dfe8dd\">\n.flex_cell.av-k75096je-011f9abed54c9eec810f32a832dfe8dd{\nvertical-align:top;\n}\n.responsive #top #wrap_all .flex_cell.av-k75096je-011f9abed54c9eec810f32a832dfe8dd{\npadding:0px 0px 0px 0px !important;\n}\n<\/style>\n<div class='flex_cell av-k75096je-011f9abed54c9eec810f32a832dfe8dd av-gridrow-cell av_one_full no_margin  avia-builder-el-1  avia-builder-el-no-sibling  content-align-top'  ><div class='flex_cell_inner'>\n<style type=\"text\/css\" data-created_by=\"avia_inline_auto\" id=\"style-css-av-3j0je-02e62cac2e4e173b51234d4ad9c20a43\">\n#top .flex_column.av-3j0je-02e62cac2e4e173b51234d4ad9c20a43{\nmargin-bottom:-3%;\n}\n.flex_column.av-3j0je-02e62cac2e4e173b51234d4ad9c20a43{\nborder-radius:0px 0px 0px 0px;\npadding:0px 0px 0px 0px;\n}\n.responsive #top #wrap_all .flex_column.av-3j0je-02e62cac2e4e173b51234d4ad9c20a43{\nmargin-bottom:-3%;\n}\n<\/style>\n<div  class='flex_column av-3j0je-02e62cac2e4e173b51234d4ad9c20a43 av_one_full  avia-builder-el-2  avia-builder-el-no-sibling  first flex_column_div av-zero-column-padding  '     ><style type=\"text\/css\" data-created_by=\"avia_inline_auto\" id=\"style-css-av-k7505tn4-80fd4cf5e76cf9754788e78e1846a6c4\">\n.avia-image-container.av-k7505tn4-80fd4cf5e76cf9754788e78e1846a6c4 img.avia_image{\nbox-shadow:none;\n}\n.avia-image-container.av-k7505tn4-80fd4cf5e76cf9754788e78e1846a6c4 .av-image-caption-overlay-center{\ncolor:#ffffff;\n}\n<\/style>\n<div  class='avia-image-container av-k7505tn4-80fd4cf5e76cf9754788e78e1846a6c4 av-styling- avia-align-center  avia-builder-el-3  avia-builder-el-no-sibling '   itemprop=\"image\" itemscope=\"itemscope\" itemtype=\"https:\/\/schema.org\/ImageObject\" ><div class=\"avia-image-container-inner\"><div class=\"avia-image-overlay-wrap\"><img fetchpriority=\"high\" class='wp-image-1561 avia-img-lazy-loading-not-1561 avia_image ' src='https:\/\/franz-jost.com\/wp-content\/uploads\/2020\/03\/JOST-MADE-BY-Kopfbild.png' alt='' title=''  height=\"392\" width=\"2000\"  itemprop=\"thumbnailUrl\"  \/><\/div><\/div><\/div><\/div>\n<\/div><\/div>\n<\/div>\n<div id='layer_slider_1'  class='avia-layerslider main_color avia-shadow  avia-builder-el-4  el_after_av_layout_row  el_before_av_layout_row  slider-not-first container_wrap fullsize'  style='height: 626px; max-width: 2000px; margin: 0 auto;'  ><\/div>\n<div id='av-layout-grid-2'  class='av-layout-grid-container av-5l7lq-6-688b76d18db092ead218d0a0abeb38eb entry-content-wrapper main_color av-flex-cells  avia-builder-el-5  el_after_av_layerslider  el_before_av_layout_row  grid-row-not-first  container_wrap fullsize'  >\n\n<style type=\"text\/css\" data-created_by=\"avia_inline_auto\" id=\"style-css-av-k75096je-5-4ac3fa5c518bd3a61f40c34bdc7c504a\">\n.flex_cell.av-k75096je-5-4ac3fa5c518bd3a61f40c34bdc7c504a{\nvertical-align:top;\n}\n.responsive #top #wrap_all .flex_cell.av-k75096je-5-4ac3fa5c518bd3a61f40c34bdc7c504a{\npadding:0px 0px 0px 0px !important;\n}\n<\/style>\n<div class='flex_cell av-k75096je-5-4ac3fa5c518bd3a61f40c34bdc7c504a av-gridrow-cell av_one_full no_margin  avia-builder-el-6  avia-builder-el-no-sibling  content-align-top'  ><div class='flex_cell_inner'><p>\n<style type=\"text\/css\" data-created_by=\"avia_inline_auto\" id=\"style-css-av-k7620v3n-c2f0be3334541c4e0bddc79fc967a459\">\n#top .hr.hr-invisible.av-k7620v3n-c2f0be3334541c4e0bddc79fc967a459{\nheight:20px;\n}\n<\/style>\n<div  class='hr av-k7620v3n-c2f0be3334541c4e0bddc79fc967a459 hr-invisible  avia-builder-el-7  el_before_av_one_full  avia-builder-el-first '><span class='hr-inner '><span class=\"hr-inner-style\"><\/span><\/span><\/div><br \/>\n\n<style type=\"text\/css\" data-created_by=\"avia_inline_auto\" id=\"style-css-av-3j0je-4-9394055ea46745ba17720f16e2e4354c\">\n.flex_column.av-3j0je-4-9394055ea46745ba17720f16e2e4354c{\nborder-radius:0px 0px 0px 0px;\npadding:2px 2px 2px 2px;\n}\n<\/style>\n<div  class='flex_column av-3j0je-4-9394055ea46745ba17720f16e2e4354c av_one_full  avia-builder-el-8  el_after_av_hr  avia-builder-el-last  first no_margin flex_column_div  '     ><section  class='av_textblock_section av-k761y7k4-91d83235bbdf320b58cba839d4813f14 '   itemscope=\"itemscope\" itemtype=\"https:\/\/schema.org\/CreativeWork\" ><div class='avia_textblock av_inherit_color'  itemprop=\"text\" ><h1>Vid\u00e9os<\/h1>\n<p>Conseils et astuces pour la manipulation de nos produits<\/p>\n<\/div><\/section><br \/>\n\n<style type=\"text\/css\" data-created_by=\"avia_inline_auto\" id=\"style-css-av-k7620v3n-3-f6f72a90e0cbfdb77c162a8fd3422150\">\n#top .hr.hr-invisible.av-k7620v3n-3-f6f72a90e0cbfdb77c162a8fd3422150{\nheight:20px;\n}\n<\/style>\n<div  class='hr av-k7620v3n-3-f6f72a90e0cbfdb77c162a8fd3422150 hr-invisible  avia-builder-el-10  el_after_av_textblock  avia-builder-el-last '><span class='hr-inner '><span class=\"hr-inner-style\"><\/span><\/span><\/div><\/p><\/div><\/p>\n<\/div><\/div><\/div><div id='av-layout-grid-3'  class='av-layout-grid-container av-6k4m6t-a7bd4c918dae19633cc0c7759467cf29 entry-content-wrapper main_color av-flex-cells  avia-builder-el-11  el_after_av_layout_row  avia-builder-el-last  grid-row-not-first  container_wrap fullsize'  >\n\n<style type=\"text\/css\" data-created_by=\"avia_inline_auto\" id=\"style-css-av-kascabkb-ce332526cc594333d52f735898935862\">\n.flex_cell.av-kascabkb-ce332526cc594333d52f735898935862{\nvertical-align:top;\n}\n.responsive #top #wrap_all .flex_cell.av-kascabkb-ce332526cc594333d52f735898935862{\npadding:0px 0px 0px 0px !important;\n}\n<\/style>\n<div class='flex_cell av-kascabkb-ce332526cc594333d52f735898935862 av-gridrow-cell av_one_full no_margin  avia-builder-el-12  avia-builder-el-no-sibling  content-align-top av-zero-padding'  ><div class='flex_cell_inner'><p><div class='flex_column_table av-knrhopl5-50b4527c1b112c382afa5bb83f69b269 sc-av_one_half av-equal-height-column-flextable'>\n<style type=\"text\/css\" data-created_by=\"avia_inline_auto\" id=\"style-css-av-knrhopl5-50b4527c1b112c382afa5bb83f69b269\">\n.flex_column.av-knrhopl5-50b4527c1b112c382afa5bb83f69b269{\nborder-radius:0px 0px 0px 0px;\npadding:0px 0px 0px 0px;\n}\n<\/style>\n<div  class='flex_column av-knrhopl5-50b4527c1b112c382afa5bb83f69b269 av_one_half  avia-builder-el-13  el_before_av_one_half  avia-builder-el-first  first flex_column_table_cell av-equal-height-column av-align-top av-zero-column-padding  '     ><section  class='av_textblock_section av-k761y7k4-2-724bf883ad9ca56ae3b49d5a3f6d52e6 '   itemscope=\"itemscope\" itemtype=\"https:\/\/schema.org\/CreativeWork\" ><div class='avia_textblock'  itemprop=\"text\" ><h2><span lang=\"FR\">L\u2019approche optimale pour un gazon parfait\u00a0<\/span><\/h2>\n<\/div><\/section><br \/>\n\n<style type=\"text\/css\" data-created_by=\"avia_inline_auto\" id=\"style-css-av-knrhnuql-c8552b5c80793ac69fb9358cd555f703\">\n.avia-image-container.av-knrhnuql-c8552b5c80793ac69fb9358cd555f703 img.avia_image{\nbox-shadow:none;\n}\n.avia-image-container.av-knrhnuql-c8552b5c80793ac69fb9358cd555f703 .av-image-caption-overlay-center{\ncolor:#ffffff;\n}\n<\/style>\n<div  class='avia-image-container av-knrhnuql-c8552b5c80793ac69fb9358cd555f703 av-styling-no-styling av-img-linked avia-align-center  avia-builder-el-15  el_after_av_textblock  avia-builder-el-last '   itemprop=\"image\" itemscope=\"itemscope\" itemtype=\"https:\/\/schema.org\/ImageObject\" ><div class=\"avia-image-container-inner\"><div class=\"avia-image-overlay-wrap\"><a href=\"https:\/\/franz-jost.com\/garten\/videos\/das-beste-fuer-perfekten-rasen\/\" class='avia_image '  aria-label='das_beste_fuer_perfekten_rasen-video'><img fetchpriority=\"high\" class='wp-image-3570 avia-img-lazy-loading-not-3570 avia_image ' src='https:\/\/franz-jost.com\/wp-content\/uploads\/2021\/04\/das_beste_fuer_perfekten_rasen-video.jpg' alt='' title='das_beste_fuer_perfekten_rasen-video'  height=\"750\" width=\"1500\"  itemprop=\"thumbnailUrl\"  \/><\/a><\/div><\/div><\/div><\/p><\/div><div class='av-flex-placeholder'><\/div>\n<style type=\"text\/css\" data-created_by=\"avia_inline_auto\" id=\"style-css-av-my6v9-1402edd10659f9cb30ddec293b481dc4\">\n.flex_column.av-my6v9-1402edd10659f9cb30ddec293b481dc4{\nborder-radius:0px 0px 0px 0px;\npadding:0px 0px 0px 0px;\n}\n<\/style>\n<div  class='flex_column av-my6v9-1402edd10659f9cb30ddec293b481dc4 av_one_half  avia-builder-el-16  el_after_av_one_half  el_before_av_one_half  flex_column_table_cell av-equal-height-column av-align-top av-zero-column-padding  '     ><section  class='av_textblock_section av-knr4m3bg-5db90b4590d9943aedb66677915fc13c '   itemscope=\"itemscope\" itemtype=\"https:\/\/schema.org\/CreativeWork\" ><div class='avia_textblock'  itemprop=\"text\" ><h2><span lang=\"FR\">Le travail et la pr\u00e9paration du sol pour la pose du gazon en rouleaux<\/span><\/h2>\n<\/div><\/section><br \/>\n\n<style type=\"text\/css\" data-created_by=\"avia_inline_auto\" id=\"style-css-av-knrgode9-3cc91db59ddb98b044c18059bf7cbb01\">\n.avia-image-container.av-knrgode9-3cc91db59ddb98b044c18059bf7cbb01 img.avia_image{\nbox-shadow:none;\n}\n.avia-image-container.av-knrgode9-3cc91db59ddb98b044c18059bf7cbb01 .av-image-caption-overlay-center{\ncolor:#ffffff;\n}\n<\/style>\n<div  class='avia-image-container av-knrgode9-3cc91db59ddb98b044c18059bf7cbb01 av-styling-no-styling av-img-linked avia-align-center  avia-builder-el-18  el_after_av_textblock  avia-builder-el-last '   itemprop=\"image\" itemscope=\"itemscope\" itemtype=\"https:\/\/schema.org\/ImageObject\" ><div class=\"avia-image-container-inner\"><div class=\"avia-image-overlay-wrap\"><a href=\"https:\/\/franz-jost.com\/garten\/videos\/bearbeitung-des-bodens-vor-der-verlegung-eines-rollrasens\/\" class='avia_image '  aria-label='bearbeitung_des_-bodens_vor_rollrasen-video'><img fetchpriority=\"high\" class='wp-image-3566 avia-img-lazy-loading-not-3566 avia_image ' src='https:\/\/franz-jost.com\/wp-content\/uploads\/2021\/04\/bearbeitung_des_-bodens_vor_rollrasen-video.jpg' alt='' title='bearbeitung_des_-bodens_vor_rollrasen-video'  height=\"750\" width=\"1500\"  itemprop=\"thumbnailUrl\"  \/><\/a><\/div><\/div><\/div><\/p><\/div><\/div><!--close column table wrapper. Autoclose: 1 -->\n<style type=\"text\/css\" data-created_by=\"avia_inline_auto\" id=\"style-css-av-2pyyb0-e65c97f02a87f503956ecae72aaa7cb3\">\n.flex_column.av-2pyyb0-e65c97f02a87f503956ecae72aaa7cb3{\nborder-radius:0px 0px 0px 0px;\npadding:0px 0px 0px 0px;\n}\n<\/style>\n<div  class='flex_column av-2pyyb0-e65c97f02a87f503956ecae72aaa7cb3 av_one_half  avia-builder-el-19  el_after_av_one_half  el_before_av_one_half  first flex_column_div av-zero-column-padding  column-top-margin'     ><section  class='av_textblock_section av-knsmc26h-54edef10594521cf449256ca96cf11ba '   itemscope=\"itemscope\" itemtype=\"https:\/\/schema.org\/CreativeWork\" ><div class='avia_textblock'  itemprop=\"text\" ><h2><span lang=\"FR\">Un bunker de sable parfaitement \u00e9galis\u00e9 gr\u00e2ce au r\u00e2teau de golf <\/span><\/h2>\n<\/div><\/section><br \/>\n\n<style type=\"text\/css\" data-created_by=\"avia_inline_auto\" id=\"style-css-av-knsmayss-a06dd40ff8d740c4667968a332fddcff\">\n.avia-image-container.av-knsmayss-a06dd40ff8d740c4667968a332fddcff img.avia_image{\nbox-shadow:none;\n}\n.avia-image-container.av-knsmayss-a06dd40ff8d740c4667968a332fddcff .av-image-caption-overlay-center{\ncolor:#ffffff;\n}\n<\/style>\n<div  class='avia-image-container av-knsmayss-a06dd40ff8d740c4667968a332fddcff av-styling-no-styling av-img-linked avia-align-center  avia-builder-el-21  el_after_av_textblock  avia-builder-el-last '   itemprop=\"image\" itemscope=\"itemscope\" itemtype=\"https:\/\/schema.org\/ImageObject\" ><div class=\"avia-image-container-inner\"><div class=\"avia-image-overlay-wrap\"><a href=\"https:\/\/franz-jost.com\/garten\/videos\/bunker-glatt-rechen-mit-golfrechen\/\" class='avia_image '  aria-label='bunker_glatt_rechen_mit_golfrechen-video'><img fetchpriority=\"high\" class='wp-image-3637 avia-img-lazy-loading-not-3637 avia_image ' src='https:\/\/franz-jost.com\/wp-content\/uploads\/2021\/04\/bunker_glatt_rechen_mit_golfrechen-video.jpg' alt='' title='bunker_glatt_rechen_mit_golfrechen-video'  height=\"750\" width=\"1500\"  itemprop=\"thumbnailUrl\"  \/><\/a><\/div><\/div><\/div><\/p><\/div>\n<style type=\"text\/css\" data-created_by=\"avia_inline_auto\" id=\"style-css-av-8mfjw-fe1a73b97ea6b7112889e0fd850e3270\">\n.flex_column.av-8mfjw-fe1a73b97ea6b7112889e0fd850e3270{\nborder-radius:0px 0px 0px 0px;\npadding:0px 0px 0px 0px;\n}\n<\/style>\n<div  class='flex_column av-8mfjw-fe1a73b97ea6b7112889e0fd850e3270 av_one_half  avia-builder-el-22  el_after_av_one_half  avia-builder-el-last  flex_column_div av-zero-column-padding  column-top-margin'     ><section  class='av_textblock_section av-lwq8a09v-ee55c9e8a27c4c62d20298f0f2079edc '   itemscope=\"itemscope\" itemtype=\"https:\/\/schema.org\/CreativeWork\" ><div class='avia_textblock'  itemprop=\"text\" ><h2><span lang=\"FR\">La r\u00e9partition du compost sur le carr\u00e9 de l\u00e9gumes \u00e0 l\u2019aide du r\u00e2teau de jardin <\/span><\/h2>\n<\/div><\/section><br \/>\n\n<style type=\"text\/css\" data-created_by=\"avia_inline_auto\" id=\"style-css-av-lwq89py6-dcac6546f65e96a35a3c5efd029c04dd\">\n.avia-image-container.av-lwq89py6-dcac6546f65e96a35a3c5efd029c04dd img.avia_image{\nbox-shadow:none;\n}\n.avia-image-container.av-lwq89py6-dcac6546f65e96a35a3c5efd029c04dd .av-image-caption-overlay-center{\ncolor:#ffffff;\n}\n<\/style>\n<div  class='avia-image-container av-lwq89py6-dcac6546f65e96a35a3c5efd029c04dd av-styling-no-styling av-img-linked avia-align-center  avia-builder-el-24  el_after_av_textblock  avia-builder-el-last '   itemprop=\"image\" itemscope=\"itemscope\" itemtype=\"https:\/\/schema.org\/ImageObject\" ><div class=\"avia-image-container-inner\"><div class=\"avia-image-overlay-wrap\"><a href=\"https:\/\/franz-jost.com\/garten\/videos\/verteilen-von-gruenschnittkompost-mit-der-gartenharke\/\" class='avia_image '  aria-label='Screenshot'><img fetchpriority=\"high\" class='wp-image-4429 avia-img-lazy-loading-not-4429 avia_image ' src='https:\/\/franz-jost.com\/wp-content\/uploads\/2024\/05\/VIDEO-2022-04-15-17-55-41-thumbnail-2.jpg' alt='' title='Screenshot'  height=\"750\" width=\"1500\"  itemprop=\"thumbnailUrl\"  \/><\/a><\/div><\/div><\/div><\/p><\/div><\/p>\n<\/div><\/div><\/div><\/p>\n","protected":false},"excerpt":{"rendered":"","protected":false},"author":1,"featured_media":0,"parent":2222,"menu_order":7,"comment_status":"closed","ping_status":"closed","template":"","meta":{"footnotes":""},"class_list":["post-4454","page","type-page","status-publish","hentry"],"aioseo_notices":[],"_links":{"self":[{"href":"https:\/\/franz-jost.com\/fr\/wp-json\/wp\/v2\/pages\/4454","targetHints":{"allow":["GET"]}}],"collection":[{"href":"https:\/\/franz-jost.com\/fr\/wp-json\/wp\/v2\/pages"}],"about":[{"href":"https:\/\/franz-jost.com\/fr\/wp-json\/wp\/v2\/types\/page"}],"author":[{"embeddable":true,"href":"https:\/\/franz-jost.com\/fr\/wp-json\/wp\/v2\/users\/1"}],"replies":[{"embeddable":true,"href":"https:\/\/franz-jost.com\/fr\/wp-json\/wp\/v2\/comments?post=4454"}],"version-history":[{"count":2,"href":"https:\/\/franz-jost.com\/fr\/wp-json\/wp\/v2\/pages\/4454\/revisions"}],"predecessor-version":[{"id":4457,"href":"https:\/\/franz-jost.com\/fr\/wp-json\/wp\/v2\/pages\/4454\/revisions\/4457"}],"up":[{"embeddable":true,"href":"https:\/\/franz-jost.com\/fr\/wp-json\/wp\/v2\/pages\/2222"}],"wp:attachment":[{"href":"https:\/\/franz-jost.com\/fr\/wp-json\/wp\/v2\/media?parent=4454"}],"curies":[{"name":"wp","href":"https:\/\/api.w.org\/{rel}","templated":true}]}}