{"id":2820,"date":"2020-03-20T10:42:27","date_gmt":"2020-03-20T09:42:27","guid":{"rendered":"https:\/\/franz-jost.com\/jardin\/assortiment-de-jardin\/polygabel\/"},"modified":"2021-05-11T10:36:59","modified_gmt":"2021-05-11T08:36:59","slug":"polygabel","status":"publish","type":"page","link":"https:\/\/franz-jost.com\/fr\/jardin\/assortiment-de-jardin\/polygabel\/","title":{"rendered":"Polyfourche"},"content":{"rendered":"<div id='layer_slider_1'  class='avia-layerslider main_color avia-shadow  avia-builder-el-0  el_before_av_hr  avia-builder-el-first  container_wrap fullsize'  style='height: 391px; max-width: 2000px; margin: 0 auto;'  ><\/div><div id='after_layer_slider_1'  class='main_color av_default_container_wrap container_wrap fullsize'  ><div class='container av-section-cont-open' ><div class='template-page content  av-content-full alpha units'><div class='post-entry post-entry-type-page post-entry-2820'><div class='entry-content-wrapper clearfix'>\n\n<style type=\"text\/css\" data-created_by=\"avia_inline_auto\" id=\"style-css-av-k7alf1t8-f8c4dc3e3ee8a3f3d7dd88b30ccd80e6\">\n#top .hr.hr-invisible.av-k7alf1t8-f8c4dc3e3ee8a3f3d7dd88b30ccd80e6{\nheight:2px;\n}\n<\/style>\n<div  class='hr av-k7alf1t8-f8c4dc3e3ee8a3f3d7dd88b30ccd80e6 hr-invisible  avia-builder-el-1  el_after_av_layerslider  el_before_av_layout_row  avia-builder-el-no-sibling '><span class='hr-inner '><span class=\"hr-inner-style\"><\/span><\/span><\/div>\n<\/div><\/div><\/div><!-- close content main div --><\/div><\/div><div id='av-layout-grid-1'  class='av-layout-grid-container av-5l7lq-a101debedd55bdd1c659b41affb4457d entry-content-wrapper main_color av-flex-cells  avia-builder-el-2  el_after_av_hr  avia-builder-el-last  grid-row-not-first  container_wrap fullsize'  >\n\n<style type=\"text\/css\" data-created_by=\"avia_inline_auto\" id=\"style-css-av-k75096je-4500daf66b83f7a1f4c2235dd069e8fb\">\n.flex_cell.av-k75096je-4500daf66b83f7a1f4c2235dd069e8fb{\nvertical-align:top;\n}\n.responsive #top #wrap_all .flex_cell.av-k75096je-4500daf66b83f7a1f4c2235dd069e8fb{\npadding:0px 50px 0px 0px !important;\n}\n<\/style>\n<div class='flex_cell av-k75096je-4500daf66b83f7a1f4c2235dd069e8fb av-gridrow-cell av_one_third no_margin  avia-builder-el-3  el_before_av_cell_two_third  avia-builder-el-first  content-align-top'  ><div class='flex_cell_inner'><p>\n<style type=\"text\/css\" data-created_by=\"avia_inline_auto\" id=\"style-css-av-3j0je-424cebc3a635be9f07fc37f0d4bb7d83\">\n.flex_column.av-3j0je-424cebc3a635be9f07fc37f0d4bb7d83{\nborder-radius:0px 0px 0px 0px;\npadding:2px 2px 2px 2px;\n}\n<\/style>\n<div  class='flex_column av-3j0je-424cebc3a635be9f07fc37f0d4bb7d83 av_one_full  avia-builder-el-4  el_before_av_one_fifth  avia-builder-el-first  first no_margin flex_column_div  '     ><style type=\"text\/css\" data-created_by=\"avia_inline_auto\" id=\"style-css-av-k7alf1t8-d47efa04842e5cbc247ea1be21a31c23\">\n#top .hr.hr-invisible.av-k7alf1t8-d47efa04842e5cbc247ea1be21a31c23{\nheight:40px;\n}\n<\/style>\n<div  class='hr av-k7alf1t8-d47efa04842e5cbc247ea1be21a31c23 hr-invisible  avia-builder-el-5  avia-builder-el-no-sibling '><span class='hr-inner '><span class=\"hr-inner-style\"><\/span><\/span><\/div><\/div>\n<style type=\"text\/css\" data-created_by=\"avia_inline_auto\" id=\"style-css-av-3j0je-424cebc3a635be9f07fc37f0d4bb7d83\">\n.flex_column.av-3j0je-424cebc3a635be9f07fc37f0d4bb7d83{\nborder-radius:0px 0px 0px 0px;\npadding:2px 2px 2px 2px;\n}\n<\/style>\n<div  class='flex_column av-3j0je-424cebc3a635be9f07fc37f0d4bb7d83 av_one_fifth  avia-builder-el-6  el_after_av_one_full  el_before_av_four_fifth  first no_margin flex_column_div  column-top-margin'     ><style type=\"text\/css\" data-created_by=\"avia_inline_auto\" id=\"style-css-av-k7619c2f-c7f1b125f6e5c3f24af6f42e794c5b8c\">\n.avia-image-container.av-k7619c2f-c7f1b125f6e5c3f24af6f42e794c5b8c img.avia_image{\nbox-shadow:none;\n}\n.avia-image-container.av-k7619c2f-c7f1b125f6e5c3f24af6f42e794c5b8c .av-image-caption-overlay-center{\ncolor:#ffffff;\n}\n<\/style>\n<div  class='avia-image-container av-k7619c2f-c7f1b125f6e5c3f24af6f42e794c5b8c av-styling-no-styling avia-align-center  avia-builder-el-7  avia-builder-el-no-sibling '   itemprop=\"image\" itemscope=\"itemscope\" itemtype=\"https:\/\/schema.org\/ImageObject\" ><div class=\"avia-image-container-inner\"><div class=\"avia-image-overlay-wrap\"><img fetchpriority=\"high\" class='wp-image-1286 avia-img-lazy-loading-not-1286 avia_image ' src='https:\/\/franz-jost.com\/wp-content\/uploads\/2020\/03\/JOST-WEB-RECHEN-MELDUNGE-punkt-30px.jpg' alt='' title=''  height=\"30\" width=\"30\"  itemprop=\"thumbnailUrl\"  \/><\/div><\/div><\/div><\/div>\n<style type=\"text\/css\" data-created_by=\"avia_inline_auto\" id=\"style-css-av-3j0je-01da4e150b2c193350930c6794bb84a0\">\n.flex_column.av-3j0je-01da4e150b2c193350930c6794bb84a0{\nborder-radius:0px 0px 0px 0px;\npadding:2px 2px 2px 2px;\n}\n<\/style>\n<div  class='flex_column av-3j0je-01da4e150b2c193350930c6794bb84a0 av_four_fifth  avia-builder-el-8  el_after_av_one_fifth  el_before_av_one_fifth  no_margin flex_column_div  column-top-margin'     ><p>\n<style type=\"text\/css\" data-created_by=\"avia_inline_auto\" id=\"style-css-av-40qyro-ee5c05517f78b9c4e5771ce1d3d9a96d\">\n#top .av-special-heading.av-40qyro-ee5c05517f78b9c4e5771ce1d3d9a96d{\npadding-bottom:10px;\n}\nbody .av-special-heading.av-40qyro-ee5c05517f78b9c4e5771ce1d3d9a96d .av-special-heading-tag .heading-char{\nfont-size:25px;\n}\n.av-special-heading.av-40qyro-ee5c05517f78b9c4e5771ce1d3d9a96d .av-subheading{\nfont-size:15px;\n}\n<\/style>\n<div  class='av-special-heading av-40qyro-ee5c05517f78b9c4e5771ce1d3d9a96d av-special-heading-h3 blockquote modern-quote  avia-builder-el-9  el_before_av_textblock  avia-builder-el-first  av-linked-heading'><h3 class='av-special-heading-tag '  itemprop=\"headline\"  >POLYFOURCHE EN PLASTIQUE<\/h3><div class=\"special-heading-border\"><div class=\"special-heading-inner-border\"><\/div><\/div><\/div><br \/>\n<section  class='av_textblock_section av-k7al8md9-caaf05638a672e894d1a1983ffc76b21 '   itemscope=\"itemscope\" itemtype=\"https:\/\/schema.org\/CreativeWork\" ><div class='avia_textblock'  itemprop=\"text\" ><p>La Polyfourche est un instrument combin\u00e9 tr\u00e8s versatile, permettant de pelleter, de ratisser, de tamiser, \u2026<\/p>\n<p>Poids plume, elle est l&rsquo;auxiliaire id\u00e9al permettant, sans devoir se pencher, de rassembler et \u00e9vacuer feuilles, mauvaises herbes, r\u00e9sidus de tonte, ch\u00e2taignes, noix, fruits tomb\u00e9s au sol,\u2026 jusqu&rsquo;\u00e0 m\u00eame nettoyer l&rsquo;\u00e9tang ! Elle trouve aussi son utilit\u00e9 dans le box des chevaux et en p\u00e2ture.\u00a0De plus, le risque de se blessure, pour l&rsquo;homme comme pour l&rsquo;animal, est bien moindre que lors de l&rsquo;usage d&rsquo;outils m\u00e9talliques.\u00a0Instrument complet, y-compris manche courbe ergonomique en aluminium, avec poign\u00e9e en D.<\/p>\n<\/div><\/section><\/p><\/div>\n<style type=\"text\/css\" data-created_by=\"avia_inline_auto\" id=\"style-css-av-3j0je-424cebc3a635be9f07fc37f0d4bb7d83\">\n.flex_column.av-3j0je-424cebc3a635be9f07fc37f0d4bb7d83{\nborder-radius:0px 0px 0px 0px;\npadding:2px 2px 2px 2px;\n}\n<\/style>\n<div  class='flex_column av-3j0je-424cebc3a635be9f07fc37f0d4bb7d83 av_one_fifth  avia-builder-el-11  el_after_av_four_fifth  el_before_av_four_fifth  first no_margin flex_column_div  '     ><style type=\"text\/css\" data-created_by=\"avia_inline_auto\" id=\"style-css-av-k7alf1t8-266c7af376ca405be0816f90f90f5a60\">\n#top .hr.hr-invisible.av-k7alf1t8-266c7af376ca405be0816f90f90f5a60{\nheight:30px;\n}\n<\/style>\n<div  class='hr av-k7alf1t8-266c7af376ca405be0816f90f90f5a60 hr-invisible  avia-builder-el-12  avia-builder-el-no-sibling '><span class='hr-inner '><span class=\"hr-inner-style\"><\/span><\/span><\/div><\/div>\n<style type=\"text\/css\" data-created_by=\"avia_inline_auto\" id=\"style-css-av-3j0je-01da4e150b2c193350930c6794bb84a0\">\n.flex_column.av-3j0je-01da4e150b2c193350930c6794bb84a0{\nborder-radius:0px 0px 0px 0px;\npadding:2px 2px 2px 2px;\n}\n<\/style>\n<div  class='flex_column av-3j0je-01da4e150b2c193350930c6794bb84a0 av_four_fifth  avia-builder-el-13  el_after_av_one_fifth  avia-builder-el-last  no_margin flex_column_div  '     ><p>\n<style type=\"text\/css\" data-created_by=\"avia_inline_auto\" id=\"style-css-av-k7alf1t8-266c7af376ca405be0816f90f90f5a60\">\n#top .hr.hr-invisible.av-k7alf1t8-266c7af376ca405be0816f90f90f5a60{\nheight:30px;\n}\n<\/style>\n<div  class='hr av-k7alf1t8-266c7af376ca405be0816f90f90f5a60 hr-invisible  avia-builder-el-14  el_before_av_icon_box  avia-builder-el-first '><span class='hr-inner '><span class=\"hr-inner-style\"><\/span><\/span><\/div><br \/>\n\n<style type=\"text\/css\" data-created_by=\"avia_inline_auto\" id=\"style-css-av-kadycc2f-683c5f9c1db3f778ef25bae0b31eeca4\">\n.iconbox.av-kadycc2f-683c5f9c1db3f778ef25bae0b31eeca4 .iconbox_icon{\nbackground-color:#fcc251;\nborder:1px solid #fcc251;\ncolor:#ffffff;\n}\n.iconbox.av-kadycc2f-683c5f9c1db3f778ef25bae0b31eeca4 .iconbox_icon.avia-svg-icon svg:first-child{\nfill:#ffffff;\nstroke:#ffffff;\n}\n<\/style>\n<article  class='iconbox iconbox_top av-kadycc2f-683c5f9c1db3f778ef25bae0b31eeca4  avia-builder-el-15  el_after_av_hr  avia-builder-el-last  main_color'  itemscope=\"itemscope\" itemtype=\"https:\/\/schema.org\/CreativeWork\" ><div class=\"iconbox_content\"><header class=\"entry-content-header\" aria-label=\"Ic\u00f4ne : &lt;a href=&quot;#happyforms-modal&quot; data-form-id=&quot;2747&quot;&gt;DEMANDE&lt;\/a&gt;\"><div class='iconbox_icon heading-color avia-iconfont avia-font-entypo-fontello' data-av_icon='\ue81e' data-av_iconfont='entypo-fontello' title=\"&lt;a href=&quot;#happyforms-modal&quot; data-form-id=&quot;2747&quot;&gt;DEMANDE&lt;\/a&gt;\" desc=\"&lt;a href=&quot;#happyforms-modal&quot; data-form-id=&quot;2747&quot;&gt;DEMANDE&lt;\/a&gt;\" ><\/div><h4 class='iconbox_content_title '  itemprop=\"headline\" ><a href='https:\/\/franz-jost.com\/fr\/kontakt\/' title='&lt;a href=&quot;#happyforms-modal&quot; data-form-id=&quot;2747&quot;&gt;DEMANDE&lt;\/a&gt;'  ><a href=\"#happyforms-modal\" data-form-id=\"2747\">DEMANDE<\/a><\/a><\/h4><\/header><div class='iconbox_content_container '  itemprop=\"text\" ><\/div><\/div><footer class=\"entry-footer\"><\/footer><\/article><\/p><\/div><\/p>\n<\/div><\/div>\n<style type=\"text\/css\" data-created_by=\"avia_inline_auto\" id=\"style-css-av-k75096je-db1fd07ee83ee64119badeec6fe48ff8\">\n.flex_cell.av-k75096je-db1fd07ee83ee64119badeec6fe48ff8{\nvertical-align:top;\n}\n.responsive #top #wrap_all .flex_cell.av-k75096je-db1fd07ee83ee64119badeec6fe48ff8{\npadding:0px 40px 0px 0px !important;\n}\n<\/style>\n<div class='flex_cell av-k75096je-db1fd07ee83ee64119badeec6fe48ff8 av-gridrow-cell av_two_third no_margin  avia-builder-el-16  el_after_av_cell_one_third  avia-builder-el-last  content-align-top'  ><div class='flex_cell_inner'><p><div class='flex_column_table av-3j0je-7999b1440d90db0f1a355442b63f9c4c sc-av_one_full av-equal-height-column-flextable'>\n<style type=\"text\/css\" data-created_by=\"avia_inline_auto\" id=\"style-css-av-3j0je-7999b1440d90db0f1a355442b63f9c4c\">\n.flex_column.av-3j0je-7999b1440d90db0f1a355442b63f9c4c{\nborder-radius:0px 0px 0px 0px;\npadding:2px 2px 2px 2px;\n}\n<\/style>\n<div  class='flex_column av-3j0je-7999b1440d90db0f1a355442b63f9c4c av_one_full  avia-builder-el-17  el_before_av_one_half  avia-builder-el-first  first flex_column_table_cell av-equal-height-column av-align-top  '     ><style type=\"text\/css\" data-created_by=\"avia_inline_auto\" id=\"style-css-av-27zv0k-67ab519d5432fe5b54d6ea4c1dcf9d22\">\n#top .av-special-heading.av-27zv0k-67ab519d5432fe5b54d6ea4c1dcf9d22{\npadding-bottom:10px;\n}\nbody .av-special-heading.av-27zv0k-67ab519d5432fe5b54d6ea4c1dcf9d22 .av-special-heading-tag .heading-char{\nfont-size:25px;\n}\n.av-special-heading.av-27zv0k-67ab519d5432fe5b54d6ea4c1dcf9d22 .av-subheading{\nfont-size:15px;\n}\n<\/style>\n<div  class='av-special-heading av-27zv0k-67ab519d5432fe5b54d6ea4c1dcf9d22 av-special-heading-h3  avia-builder-el-18  avia-builder-el-no-sibling  av-linked-heading'><h3 class='av-special-heading-tag '  itemprop=\"headline\"  >NOTRE GAMME<\/h3><div class=\"special-heading-border\"><div class=\"special-heading-inner-border\"><\/div><\/div><\/div><\/div><\/div><!--close column table wrapper. Autoclose: 1 --><div class='flex_column_table av-3j0je-79105c29ad12f0ef532fa5f521e0fb90 sc-av_one_half av-equal-height-column-flextable'>\n<style type=\"text\/css\" data-created_by=\"avia_inline_auto\" id=\"style-css-av-3j0je-79105c29ad12f0ef532fa5f521e0fb90\">\n#top .flex_column_table.av-equal-height-column-flextable.av-3j0je-79105c29ad12f0ef532fa5f521e0fb90{\nmargin-bottom:20px;\n}\n.flex_column.av-3j0je-79105c29ad12f0ef532fa5f521e0fb90{\nborder-radius:0px 0px 0px 0px;\npadding:2px 2px 2px 2px;\n}\n<\/style>\n<div  class='flex_column av-3j0je-79105c29ad12f0ef532fa5f521e0fb90 av_one_half  avia-builder-el-19  el_after_av_one_full  el_before_av_one_half  first flex_column_table_cell av-equal-height-column av-align-top avia-link-column av-column-link  column-top-margin'    data-link-column-url=\"https:\/\/franz-jost.com\/garten\/sortiment\/polygabel\/polygabel-ga185d-blau\/\"   ><a class=\"av-screen-reader-only\" href=https:\/\/franz-jost.com\/garten\/sortiment\/polygabel\/polygabel-ga185d-blau\/ >Lier vers : Polygabel GA185D BLAU<\/a><p>\n<style type=\"text\/css\" data-created_by=\"avia_inline_auto\" id=\"style-css-av-k7bm3ftj-d3854258e315e27ebafe877e232a7ebe\">\n.avia-image-container.av-k7bm3ftj-d3854258e315e27ebafe877e232a7ebe img.avia_image{\nbox-shadow:none;\n}\n.avia-image-container.av-k7bm3ftj-d3854258e315e27ebafe877e232a7ebe .av-image-caption-overlay-center{\ncolor:#ffffff;\n}\n<\/style>\n<div  class='avia-image-container av-k7bm3ftj-d3854258e315e27ebafe877e232a7ebe av-styling-no-styling av-hover-grow avia-align-center  avia-builder-el-20  el_before_av_textblock  avia-builder-el-first  img classalignnone size-medium wp-image-137 zoooom'   itemprop=\"image\" itemscope=\"itemscope\" itemtype=\"https:\/\/schema.org\/ImageObject\" ><div class=\"avia-image-container-inner\"><div class=\"avia-image-overlay-wrap\"><img fetchpriority=\"high\" class='wp-image-1706 avia-img-lazy-loading-not-1706 avia_image ' src='https:\/\/franz-jost.com\/wp-content\/uploads\/2020\/04\/JOST-WEB-POLYGABEL-GA185D-BLAU-ohne-Stiel_neu-1030x1030.jpg' alt='' title=''  height=\"1030\" width=\"1030\"  itemprop=\"thumbnailUrl\"  \/><\/div><\/div><\/div><br \/>\n<section  class='av_textblock_section av-k7bmcjkv-fda6b1ae2901cabab86bcfeccf8e3449 '   itemscope=\"itemscope\" itemtype=\"https:\/\/schema.org\/CreativeWork\" ><div class='avia_textblock'  itemprop=\"text\" ><p><strong>GA18 BLEU<\/strong> &#8211; <a href=\"https:\/\/franz-jost.com\/garten\/sortiment\/polygabel\/polygabel-ga185d-blau\/\">zoom et d\u00e9tails<\/a><\/p>\n<\/div><\/section><\/p><\/div><div class='av-flex-placeholder'><\/div>\n<style type=\"text\/css\" data-created_by=\"avia_inline_auto\" id=\"style-css-av-3j0je-9a4b705371030a2e0d75880c715e2fd2\">\n#top .flex_column_table.av-equal-height-column-flextable.av-3j0je-9a4b705371030a2e0d75880c715e2fd2{\nmargin-bottom:20px;\n}\n.flex_column.av-3j0je-9a4b705371030a2e0d75880c715e2fd2{\nborder-radius:0px 0px 0px 0px;\npadding:2px 2px 2px 2px;\n}\n<\/style>\n<div  class='flex_column av-3j0je-9a4b705371030a2e0d75880c715e2fd2 av_one_half  avia-builder-el-22  el_after_av_one_half  el_before_av_one_half  flex_column_table_cell av-equal-height-column av-align-top avia-link-column av-column-link  column-top-margin'    data-link-column-url=\"https:\/\/franz-jost.com\/garten\/sortiment\/polygabel\/polygabel-ga185d-blau-lang\/\"   ><a class=\"av-screen-reader-only\" href=https:\/\/franz-jost.com\/garten\/sortiment\/polygabel\/polygabel-ga185d-blau-lang\/ >Lier vers : Polygabel GA185D ROT<\/a><p>\n<style type=\"text\/css\" data-created_by=\"avia_inline_auto\" id=\"style-css-av-k7bm3ftj-d0a25c6da1b3d5c62c47e7e73c3843db\">\n.avia-image-container.av-k7bm3ftj-d0a25c6da1b3d5c62c47e7e73c3843db img.avia_image{\nbox-shadow:none;\n}\n.avia-image-container.av-k7bm3ftj-d0a25c6da1b3d5c62c47e7e73c3843db .av-image-caption-overlay-center{\ncolor:#ffffff;\n}\n<\/style>\n<div  class='avia-image-container av-k7bm3ftj-d0a25c6da1b3d5c62c47e7e73c3843db av-styling-no-styling av-hover-grow avia-align-center  avia-builder-el-23  el_before_av_textblock  avia-builder-el-first  img classalignnone size-medium wp-image-137 zoooom'   itemprop=\"image\" itemscope=\"itemscope\" itemtype=\"https:\/\/schema.org\/ImageObject\" ><div class=\"avia-image-container-inner\"><div class=\"avia-image-overlay-wrap\"><img fetchpriority=\"high\" class='wp-image-1711 avia-img-lazy-loading-not-1711 avia_image ' src='https:\/\/franz-jost.com\/wp-content\/uploads\/2020\/04\/JOST-WEB-POLYGABEL-GA185D-ROT-ohne-Stiel_neu-1030x1030.jpg' alt='' title=''  height=\"1030\" width=\"1030\"  itemprop=\"thumbnailUrl\"  \/><\/div><\/div><\/div><br \/>\n<section  class='av_textblock_section av-k7bmcjkv-fda6b1ae2901cabab86bcfeccf8e3449 '   itemscope=\"itemscope\" itemtype=\"https:\/\/schema.org\/CreativeWork\" ><div class='avia_textblock'  itemprop=\"text\" ><p><strong>GA18 ROUGE<\/strong> &#8211; <a href=\"https:\/\/franz-jost.com\/garten\/sortiment\/polygabel\/polygabel-ga185d-blau-lang\/\">zoom et d\u00e9tails<\/a><\/p>\n<\/div><\/section><\/p><\/div><\/div><!--close column table wrapper. Autoclose: 1 --><div class='flex_column_table av-3j0je-1a5f6a521884704b42611dd362d6576d sc-av_one_half av-equal-height-column-flextable'>\n<style type=\"text\/css\" data-created_by=\"avia_inline_auto\" id=\"style-css-av-3j0je-1a5f6a521884704b42611dd362d6576d\">\n#top .flex_column_table.av-equal-height-column-flextable.av-3j0je-1a5f6a521884704b42611dd362d6576d{\nmargin-bottom:20px;\n}\n.flex_column.av-3j0je-1a5f6a521884704b42611dd362d6576d{\nborder-radius:0px 0px 0px 0px;\npadding:2px 2px 2px 2px;\n}\n<\/style>\n<div  class='flex_column av-3j0je-1a5f6a521884704b42611dd362d6576d av_one_half  avia-builder-el-25  el_after_av_one_half  el_before_av_one_half  first flex_column_table_cell av-equal-height-column av-align-top avia-link-column av-column-link  column-top-margin'    data-link-column-url=\"https:\/\/franz-jost.com\/garten\/sortiment\/polygabel\/polygabel-ga18sd-blau\/\"   ><a class=\"av-screen-reader-only\" href=https:\/\/franz-jost.com\/garten\/sortiment\/polygabel\/polygabel-ga18sd-blau\/ >Lier vers : Polygabel GA18SD BLAU<\/a><p>\n<style type=\"text\/css\" data-created_by=\"avia_inline_auto\" id=\"style-css-av-k7bm3ftj-3e6871e9e359b1ce3746c7656bdbaf46\">\n.avia-image-container.av-k7bm3ftj-3e6871e9e359b1ce3746c7656bdbaf46 img.avia_image{\nbox-shadow:none;\n}\n.avia-image-container.av-k7bm3ftj-3e6871e9e359b1ce3746c7656bdbaf46 .av-image-caption-overlay-center{\ncolor:#ffffff;\n}\n<\/style>\n<div  class='avia-image-container av-k7bm3ftj-3e6871e9e359b1ce3746c7656bdbaf46 av-styling-no-styling av-hover-grow avia-align-center  avia-builder-el-26  el_before_av_textblock  avia-builder-el-first  img classalignnone size-medium wp-image-137 zoooom'   itemprop=\"image\" itemscope=\"itemscope\" itemtype=\"https:\/\/schema.org\/ImageObject\" ><div class=\"avia-image-container-inner\"><div class=\"avia-image-overlay-wrap\"><img fetchpriority=\"high\" class='wp-image-1436 avia-img-lazy-loading-not-1436 avia_image ' src='https:\/\/franz-jost.com\/wp-content\/uploads\/2020\/03\/JOST-WEB-POLYGABEL-GA185D-BLAU-LANG-450x1030.jpg' alt='' title=''  height=\"1030\" width=\"450\"  itemprop=\"thumbnailUrl\"  \/><\/div><\/div><\/div><br \/>\n<section  class='av_textblock_section av-k7bmcjkv-fda6b1ae2901cabab86bcfeccf8e3449 '   itemscope=\"itemscope\" itemtype=\"https:\/\/schema.org\/CreativeWork\" ><div class='avia_textblock'  itemprop=\"text\" ><p><strong>GA18SD BLEU <\/strong>(avec manche et poign\u00e9e-D) &#8211; <a href=\"https:\/\/franz-jost.com\/garten\/sortiment\/polygabel\/polygabel-ga18sd-blau\/\">zoom et d\u00e9tails<\/a><\/p>\n<\/div><\/section><\/p><\/div><div class='av-flex-placeholder'><\/div>\n<style type=\"text\/css\" data-created_by=\"avia_inline_auto\" id=\"style-css-av-3j0je-74b12c2908c7f11f1e600ec6e2acc9e5\">\n#top .flex_column_table.av-equal-height-column-flextable.av-3j0je-74b12c2908c7f11f1e600ec6e2acc9e5{\nmargin-bottom:20px;\n}\n.flex_column.av-3j0je-74b12c2908c7f11f1e600ec6e2acc9e5{\nborder-radius:0px 0px 0px 0px;\npadding:2px 2px 2px 2px;\n}\n<\/style>\n<div  class='flex_column av-3j0je-74b12c2908c7f11f1e600ec6e2acc9e5 av_one_half  avia-builder-el-28  el_after_av_one_half  avia-builder-el-last  flex_column_table_cell av-equal-height-column av-align-top avia-link-column av-column-link  column-top-margin'    data-link-column-url=\"https:\/\/franz-jost.com\/garten\/sortiment\/polygabel\/polygabel-ga18sd-rot\/\"   ><a class=\"av-screen-reader-only\" href=https:\/\/franz-jost.com\/garten\/sortiment\/polygabel\/polygabel-ga18sd-rot\/ >Lier vers : Polygabel GA18SD ROT<\/a><p>\n<style type=\"text\/css\" data-created_by=\"avia_inline_auto\" id=\"style-css-av-k7bm3ftj-c97b65347b99257f499a86d1ad44f406\">\n.avia-image-container.av-k7bm3ftj-c97b65347b99257f499a86d1ad44f406 img.avia_image{\nbox-shadow:none;\n}\n.avia-image-container.av-k7bm3ftj-c97b65347b99257f499a86d1ad44f406 .av-image-caption-overlay-center{\ncolor:#ffffff;\n}\n<\/style>\n<div  class='avia-image-container av-k7bm3ftj-c97b65347b99257f499a86d1ad44f406 av-styling-no-styling av-hover-grow avia-align-center  avia-builder-el-29  el_before_av_textblock  avia-builder-el-first  img classalignnone size-medium wp-image-137 zoooom'   itemprop=\"image\" itemscope=\"itemscope\" itemtype=\"https:\/\/schema.org\/ImageObject\" ><div class=\"avia-image-container-inner\"><div class=\"avia-image-overlay-wrap\"><img fetchpriority=\"high\" class='wp-image-1441 avia-img-lazy-loading-not-1441 avia_image ' src='https:\/\/franz-jost.com\/wp-content\/uploads\/2020\/03\/JOST-WEB-POLYGABEL-GA185D-ROT-LANG-448x1030.jpg' alt='' title=''  height=\"1030\" width=\"448\"  itemprop=\"thumbnailUrl\"  \/><\/div><\/div><\/div><br \/>\n<section  class='av_textblock_section av-k7bmcjkv-fda6b1ae2901cabab86bcfeccf8e3449 '   itemscope=\"itemscope\" itemtype=\"https:\/\/schema.org\/CreativeWork\" ><div class='avia_textblock'  itemprop=\"text\" ><p><strong>GA18SD ROUGE <\/strong>(avec manche et poign\u00e9e-D) &#8211; <a href=\"https:\/\/franz-jost.com\/garten\/sortiment\/polygabel\/polygabel-ga18sd-rot\/\">zoom et d\u00e9tails<\/a><\/p>\n<\/div><\/section><\/p><\/div><\/div><!--close column table wrapper. Autoclose: 1 --><\/p>\n<\/div><\/div>\n<\/div>\n","protected":false},"excerpt":{"rendered":"","protected":false},"author":1,"featured_media":0,"parent":2738,"menu_order":5,"comment_status":"closed","ping_status":"closed","template":"","meta":{"footnotes":""},"class_list":["post-2820","page","type-page","status-publish","hentry"],"aioseo_notices":[],"_links":{"self":[{"href":"https:\/\/franz-jost.com\/fr\/wp-json\/wp\/v2\/pages\/2820","targetHints":{"allow":["GET"]}}],"collection":[{"href":"https:\/\/franz-jost.com\/fr\/wp-json\/wp\/v2\/pages"}],"about":[{"href":"https:\/\/franz-jost.com\/fr\/wp-json\/wp\/v2\/types\/page"}],"author":[{"embeddable":true,"href":"https:\/\/franz-jost.com\/fr\/wp-json\/wp\/v2\/users\/1"}],"replies":[{"embeddable":true,"href":"https:\/\/franz-jost.com\/fr\/wp-json\/wp\/v2\/comments?post=2820"}],"version-history":[{"count":8,"href":"https:\/\/franz-jost.com\/fr\/wp-json\/wp\/v2\/pages\/2820\/revisions"}],"predecessor-version":[{"id":4103,"href":"https:\/\/franz-jost.com\/fr\/wp-json\/wp\/v2\/pages\/2820\/revisions\/4103"}],"up":[{"embeddable":true,"href":"https:\/\/franz-jost.com\/fr\/wp-json\/wp\/v2\/pages\/2738"}],"wp:attachment":[{"href":"https:\/\/franz-jost.com\/fr\/wp-json\/wp\/v2\/media?parent=2820"}],"curies":[{"name":"wp","href":"https:\/\/api.w.org\/{rel}","templated":true}]}}