{"id":2808,"date":"2020-03-20T10:35:22","date_gmt":"2020-03-20T09:35:22","guid":{"rendered":"https:\/\/franz-jost.com\/jardin\/assortiment-de-jardin\/golfrechen\/"},"modified":"2021-05-11T10:35:44","modified_gmt":"2021-05-11T08:35:44","slug":"golfrechen","status":"publish","type":"page","link":"https:\/\/franz-jost.com\/fr\/jardin\/assortiment-de-jardin\/golfrechen\/","title":{"rendered":"R\u00e2teaux de golf"},"content":{"rendered":"<div id='layer_slider_1'  class='avia-layerslider main_color avia-shadow  avia-builder-el-0  el_before_av_hr  avia-builder-el-first  container_wrap fullsize'  style='height: 391px; max-width: 2000px; margin: 0 auto;'  ><\/div><div id='after_layer_slider_1'  class='main_color av_default_container_wrap container_wrap fullsize'  ><div class='container av-section-cont-open' ><div class='template-page content  av-content-full alpha units'><div class='post-entry post-entry-type-page post-entry-2808'><div class='entry-content-wrapper clearfix'>\n\n<style type=\"text\/css\" data-created_by=\"avia_inline_auto\" id=\"style-css-av-k7alf1t8-f8c4dc3e3ee8a3f3d7dd88b30ccd80e6\">\n#top .hr.hr-invisible.av-k7alf1t8-f8c4dc3e3ee8a3f3d7dd88b30ccd80e6{\nheight:2px;\n}\n<\/style>\n<div  class='hr av-k7alf1t8-f8c4dc3e3ee8a3f3d7dd88b30ccd80e6 hr-invisible  avia-builder-el-1  el_after_av_layerslider  el_before_av_layout_row  avia-builder-el-no-sibling '><span class='hr-inner '><span class=\"hr-inner-style\"><\/span><\/span><\/div>\n<\/div><\/div><\/div><!-- close content main div --><\/div><\/div><div id='av-layout-grid-1'  class='av-layout-grid-container av-5l7lq-a101debedd55bdd1c659b41affb4457d entry-content-wrapper main_color av-flex-cells  avia-builder-el-2  el_after_av_hr  avia-builder-el-last  grid-row-not-first  container_wrap fullsize'  >\n\n<style type=\"text\/css\" data-created_by=\"avia_inline_auto\" id=\"style-css-av-k75096je-4500daf66b83f7a1f4c2235dd069e8fb\">\n.flex_cell.av-k75096je-4500daf66b83f7a1f4c2235dd069e8fb{\nvertical-align:top;\n}\n.responsive #top #wrap_all .flex_cell.av-k75096je-4500daf66b83f7a1f4c2235dd069e8fb{\npadding:0px 50px 0px 0px !important;\n}\n<\/style>\n<div class='flex_cell av-k75096je-4500daf66b83f7a1f4c2235dd069e8fb av-gridrow-cell av_one_third no_margin  avia-builder-el-3  el_before_av_cell_two_third  avia-builder-el-first  content-align-top'  ><div class='flex_cell_inner'><p>\n<style type=\"text\/css\" data-created_by=\"avia_inline_auto\" id=\"style-css-av-3j0je-424cebc3a635be9f07fc37f0d4bb7d83\">\n.flex_column.av-3j0je-424cebc3a635be9f07fc37f0d4bb7d83{\nborder-radius:0px 0px 0px 0px;\npadding:2px 2px 2px 2px;\n}\n<\/style>\n<div  class='flex_column av-3j0je-424cebc3a635be9f07fc37f0d4bb7d83 av_one_full  avia-builder-el-4  el_before_av_one_fifth  avia-builder-el-first  first no_margin flex_column_div  '     ><style type=\"text\/css\" data-created_by=\"avia_inline_auto\" id=\"style-css-av-k7alf1t8-d47efa04842e5cbc247ea1be21a31c23\">\n#top .hr.hr-invisible.av-k7alf1t8-d47efa04842e5cbc247ea1be21a31c23{\nheight:40px;\n}\n<\/style>\n<div  class='hr av-k7alf1t8-d47efa04842e5cbc247ea1be21a31c23 hr-invisible  avia-builder-el-5  avia-builder-el-no-sibling '><span class='hr-inner '><span class=\"hr-inner-style\"><\/span><\/span><\/div><\/div>\n<style type=\"text\/css\" data-created_by=\"avia_inline_auto\" id=\"style-css-av-3j0je-424cebc3a635be9f07fc37f0d4bb7d83\">\n.flex_column.av-3j0je-424cebc3a635be9f07fc37f0d4bb7d83{\nborder-radius:0px 0px 0px 0px;\npadding:2px 2px 2px 2px;\n}\n<\/style>\n<div  class='flex_column av-3j0je-424cebc3a635be9f07fc37f0d4bb7d83 av_one_fifth  avia-builder-el-6  el_after_av_one_full  el_before_av_four_fifth  first no_margin flex_column_div  column-top-margin'     ><style type=\"text\/css\" data-created_by=\"avia_inline_auto\" id=\"style-css-av-k7619c2f-c7f1b125f6e5c3f24af6f42e794c5b8c\">\n.avia-image-container.av-k7619c2f-c7f1b125f6e5c3f24af6f42e794c5b8c img.avia_image{\nbox-shadow:none;\n}\n.avia-image-container.av-k7619c2f-c7f1b125f6e5c3f24af6f42e794c5b8c .av-image-caption-overlay-center{\ncolor:#ffffff;\n}\n<\/style>\n<div  class='avia-image-container av-k7619c2f-c7f1b125f6e5c3f24af6f42e794c5b8c av-styling-no-styling avia-align-center  avia-builder-el-7  avia-builder-el-no-sibling '   itemprop=\"image\" itemscope=\"itemscope\" itemtype=\"https:\/\/schema.org\/ImageObject\" ><div class=\"avia-image-container-inner\"><div class=\"avia-image-overlay-wrap\"><img fetchpriority=\"high\" class='wp-image-1286 avia-img-lazy-loading-not-1286 avia_image ' src='https:\/\/franz-jost.com\/wp-content\/uploads\/2020\/03\/JOST-WEB-RECHEN-MELDUNGE-punkt-30px.jpg' alt='' title=''  height=\"30\" width=\"30\"  itemprop=\"thumbnailUrl\"  \/><\/div><\/div><\/div><\/div>\n<style type=\"text\/css\" data-created_by=\"avia_inline_auto\" id=\"style-css-av-3j0je-01da4e150b2c193350930c6794bb84a0\">\n.flex_column.av-3j0je-01da4e150b2c193350930c6794bb84a0{\nborder-radius:0px 0px 0px 0px;\npadding:2px 2px 2px 2px;\n}\n<\/style>\n<div  class='flex_column av-3j0je-01da4e150b2c193350930c6794bb84a0 av_four_fifth  avia-builder-el-8  el_after_av_one_fifth  el_before_av_one_fifth  no_margin flex_column_div  column-top-margin'     ><p>\n<style type=\"text\/css\" data-created_by=\"avia_inline_auto\" id=\"style-css-av-3i5dtk-73fb0a3ed3271f0ef334088f8e3b66b2\">\n#top .av-special-heading.av-3i5dtk-73fb0a3ed3271f0ef334088f8e3b66b2{\npadding-bottom:10px;\n}\nbody .av-special-heading.av-3i5dtk-73fb0a3ed3271f0ef334088f8e3b66b2 .av-special-heading-tag .heading-char{\nfont-size:25px;\n}\n.av-special-heading.av-3i5dtk-73fb0a3ed3271f0ef334088f8e3b66b2 .av-subheading{\nfont-size:15px;\n}\n<\/style>\n<div  class='av-special-heading av-3i5dtk-73fb0a3ed3271f0ef334088f8e3b66b2 av-special-heading-h1 blockquote modern-quote  avia-builder-el-9  el_before_av_textblock  avia-builder-el-first  av-linked-heading'><h1 class='av-special-heading-tag '  itemprop=\"headline\"  >R\u00c2TEAUX DE GOLF EN PLASTIQUE<\/h1><div class=\"special-heading-border\"><div class=\"special-heading-inner-border\"><\/div><\/div><\/div><br \/>\n<section  class='av_textblock_section av-k7al8md9-caaf05638a672e894d1a1983ffc76b21 '   itemscope=\"itemscope\" itemtype=\"https:\/\/schema.org\/CreativeWork\" ><div class='avia_textblock'  itemprop=\"text\" ><p>Connu aussi sous la d\u00e9signation de &lsquo;r\u00e2teau \u00e0 bunker&rsquo;, cet instrument \u00e9quipe les terrains de golf depuis de nombreuses ann\u00e9es.\u00a0\u00c0 l&rsquo;instar du r\u00e2teau GH16E, il est pourvu d&rsquo;un rebord d&rsquo;\u00e9galisation, avec toutefois 16 dents raccourcies.\u00a0Le bord du bunker peut d\u00e8s lors \u00eatre tr\u00e8s facilement ameubli et liss\u00e9. Manche recommand\u00e9 : c\u00f4ne A, 28 x 1600 mm. \u00a0C\u00f4ne A : \u00e0 une extr\u00e9mit\u00e9, sur une longueur de 90 mm, le diam\u00e8tre se r\u00e9duit de 28 \u00e0 17 mm.<\/p>\n<\/div><\/section><\/p><\/div>\n<style type=\"text\/css\" data-created_by=\"avia_inline_auto\" id=\"style-css-av-3j0je-424cebc3a635be9f07fc37f0d4bb7d83\">\n.flex_column.av-3j0je-424cebc3a635be9f07fc37f0d4bb7d83{\nborder-radius:0px 0px 0px 0px;\npadding:2px 2px 2px 2px;\n}\n<\/style>\n<div  class='flex_column av-3j0je-424cebc3a635be9f07fc37f0d4bb7d83 av_one_fifth  avia-builder-el-11  el_after_av_four_fifth  el_before_av_four_fifth  first no_margin flex_column_div  '     ><style type=\"text\/css\" data-created_by=\"avia_inline_auto\" id=\"style-css-av-k7alf1t8-266c7af376ca405be0816f90f90f5a60\">\n#top .hr.hr-invisible.av-k7alf1t8-266c7af376ca405be0816f90f90f5a60{\nheight:30px;\n}\n<\/style>\n<div  class='hr av-k7alf1t8-266c7af376ca405be0816f90f90f5a60 hr-invisible  avia-builder-el-12  avia-builder-el-no-sibling '><span class='hr-inner '><span class=\"hr-inner-style\"><\/span><\/span><\/div><\/div>\n<style type=\"text\/css\" data-created_by=\"avia_inline_auto\" id=\"style-css-av-3j0je-01da4e150b2c193350930c6794bb84a0\">\n.flex_column.av-3j0je-01da4e150b2c193350930c6794bb84a0{\nborder-radius:0px 0px 0px 0px;\npadding:2px 2px 2px 2px;\n}\n<\/style>\n<div  class='flex_column av-3j0je-01da4e150b2c193350930c6794bb84a0 av_four_fifth  avia-builder-el-13  el_after_av_one_fifth  avia-builder-el-last  no_margin flex_column_div  '     ><p>\n<style type=\"text\/css\" data-created_by=\"avia_inline_auto\" id=\"style-css-av-k7alf1t8-266c7af376ca405be0816f90f90f5a60\">\n#top .hr.hr-invisible.av-k7alf1t8-266c7af376ca405be0816f90f90f5a60{\nheight:30px;\n}\n<\/style>\n<div  class='hr av-k7alf1t8-266c7af376ca405be0816f90f90f5a60 hr-invisible  avia-builder-el-14  el_before_av_icon_box  avia-builder-el-first '><span class='hr-inner '><span class=\"hr-inner-style\"><\/span><\/span><\/div><br \/>\n\n<style type=\"text\/css\" data-created_by=\"avia_inline_auto\" id=\"style-css-av-kadycc2f-683c5f9c1db3f778ef25bae0b31eeca4\">\n.iconbox.av-kadycc2f-683c5f9c1db3f778ef25bae0b31eeca4 .iconbox_icon{\nbackground-color:#fcc251;\nborder:1px solid #fcc251;\ncolor:#ffffff;\n}\n.iconbox.av-kadycc2f-683c5f9c1db3f778ef25bae0b31eeca4 .iconbox_icon.avia-svg-icon svg:first-child{\nfill:#ffffff;\nstroke:#ffffff;\n}\n<\/style>\n<article  class='iconbox iconbox_top av-kadycc2f-683c5f9c1db3f778ef25bae0b31eeca4  avia-builder-el-15  el_after_av_hr  avia-builder-el-last  main_color'  itemscope=\"itemscope\" itemtype=\"https:\/\/schema.org\/CreativeWork\" ><div class=\"iconbox_content\"><header class=\"entry-content-header\" aria-label=\"Ic\u00f4ne : &lt;a href=&quot;#happyforms-modal&quot; data-form-id=&quot;2747&quot;&gt;DEMANDE&lt;\/a&gt;\"><div class='iconbox_icon heading-color avia-iconfont avia-font-entypo-fontello' data-av_icon='\ue81e' data-av_iconfont='entypo-fontello' title=\"&lt;a href=&quot;#happyforms-modal&quot; data-form-id=&quot;2747&quot;&gt;DEMANDE&lt;\/a&gt;\" desc=\"&lt;a href=&quot;#happyforms-modal&quot; data-form-id=&quot;2747&quot;&gt;DEMANDE&lt;\/a&gt;\" ><\/div><h4 class='iconbox_content_title '  itemprop=\"headline\" ><a href='https:\/\/franz-jost.com\/fr\/kontakt\/' title='&lt;a href=&quot;#happyforms-modal&quot; data-form-id=&quot;2747&quot;&gt;DEMANDE&lt;\/a&gt;'  ><a href=\"#happyforms-modal\" data-form-id=\"2747\">DEMANDE<\/a><\/a><\/h4><\/header><div class='iconbox_content_container '  itemprop=\"text\" ><\/div><\/div><footer class=\"entry-footer\"><\/footer><\/article><\/p><\/div><\/p>\n<\/div><\/div>\n<style type=\"text\/css\" data-created_by=\"avia_inline_auto\" id=\"style-css-av-k75096je-db1fd07ee83ee64119badeec6fe48ff8\">\n.flex_cell.av-k75096je-db1fd07ee83ee64119badeec6fe48ff8{\nvertical-align:top;\n}\n.responsive #top #wrap_all .flex_cell.av-k75096je-db1fd07ee83ee64119badeec6fe48ff8{\npadding:0px 40px 0px 0px !important;\n}\n<\/style>\n<div class='flex_cell av-k75096je-db1fd07ee83ee64119badeec6fe48ff8 av-gridrow-cell av_two_third no_margin  avia-builder-el-16  el_after_av_cell_one_third  avia-builder-el-last  content-align-top'  ><div class='flex_cell_inner'><p><div class='flex_column_table av-3j0je-7999b1440d90db0f1a355442b63f9c4c sc-av_one_full av-equal-height-column-flextable'>\n<style type=\"text\/css\" data-created_by=\"avia_inline_auto\" id=\"style-css-av-3j0je-7999b1440d90db0f1a355442b63f9c4c\">\n.flex_column.av-3j0je-7999b1440d90db0f1a355442b63f9c4c{\nborder-radius:0px 0px 0px 0px;\npadding:2px 2px 2px 2px;\n}\n<\/style>\n<div  class='flex_column av-3j0je-7999b1440d90db0f1a355442b63f9c4c av_one_full  avia-builder-el-17  el_before_av_one_half  avia-builder-el-first  first flex_column_table_cell av-equal-height-column av-align-top  '     ><style type=\"text\/css\" data-created_by=\"avia_inline_auto\" id=\"style-css-av-2lqjnc-3dfda4f5afcbe29b79645de6a482b9e1\">\n#top .av-special-heading.av-2lqjnc-3dfda4f5afcbe29b79645de6a482b9e1{\npadding-bottom:10px;\n}\nbody .av-special-heading.av-2lqjnc-3dfda4f5afcbe29b79645de6a482b9e1 .av-special-heading-tag .heading-char{\nfont-size:25px;\n}\n.av-special-heading.av-2lqjnc-3dfda4f5afcbe29b79645de6a482b9e1 .av-subheading{\nfont-size:15px;\n}\n<\/style>\n<div  class='av-special-heading av-2lqjnc-3dfda4f5afcbe29b79645de6a482b9e1 av-special-heading-h2  avia-builder-el-18  avia-builder-el-no-sibling  av-linked-heading'><h2 class='av-special-heading-tag '  itemprop=\"headline\"  >NOTRE GAMME<\/h2><div class=\"special-heading-border\"><div class=\"special-heading-inner-border\"><\/div><\/div><\/div><\/div><\/div><!--close column table wrapper. Autoclose: 1 --><div class='flex_column_table av-3j0je-49e53e0290a92805f4612dda49b0763f sc-av_one_half av-equal-height-column-flextable'>\n<style type=\"text\/css\" data-created_by=\"avia_inline_auto\" id=\"style-css-av-3j0je-49e53e0290a92805f4612dda49b0763f\">\n#top .flex_column_table.av-equal-height-column-flextable.av-3j0je-49e53e0290a92805f4612dda49b0763f{\nmargin-bottom:20px;\n}\n.flex_column.av-3j0je-49e53e0290a92805f4612dda49b0763f{\nborder-radius:0px 0px 0px 0px;\npadding:2px 2px 2px 2px;\n}\n<\/style>\n<div  class='flex_column av-3j0je-49e53e0290a92805f4612dda49b0763f av_one_half  avia-builder-el-19  el_after_av_one_full  el_before_av_one_half  first flex_column_table_cell av-equal-height-column av-align-top avia-link-column av-column-link  column-top-margin'    data-link-column-url=\"https:\/\/franz-jost.com\/garten\/sortiment\/golfrechen\/golfrechen-br16g-gelb\/\"   ><a class=\"av-screen-reader-only\" href=https:\/\/franz-jost.com\/garten\/sortiment\/golfrechen\/golfrechen-br16g-gelb\/ >Lier vers : Golfrechen BR16G GELB<\/a><p>\n<style type=\"text\/css\" data-created_by=\"avia_inline_auto\" id=\"style-css-av-k7bm3ftj-253f97071aae1c7f0920b7a72c492ea9\">\n.avia-image-container.av-k7bm3ftj-253f97071aae1c7f0920b7a72c492ea9 img.avia_image{\nbox-shadow:none;\n}\n.avia-image-container.av-k7bm3ftj-253f97071aae1c7f0920b7a72c492ea9 .av-image-caption-overlay-center{\ncolor:#ffffff;\n}\n<\/style>\n<div  class='avia-image-container av-k7bm3ftj-253f97071aae1c7f0920b7a72c492ea9 av-styling-no-styling av-hover-grow avia-align-center  avia-builder-el-20  el_before_av_textblock  avia-builder-el-first  img classalignnone size-medium wp-image-137 zoooom'   itemprop=\"image\" itemscope=\"itemscope\" itemtype=\"https:\/\/schema.org\/ImageObject\" ><div class=\"avia-image-container-inner\"><div class=\"avia-image-overlay-wrap\"><img fetchpriority=\"high\" class='wp-image-1426 avia-img-lazy-loading-not-1426 avia_image ' src='https:\/\/franz-jost.com\/wp-content\/uploads\/2020\/03\/JOST-WEB-GOLFRECHEN-BR16-GELB-1030x1030.jpg' alt='' title=''  height=\"1030\" width=\"1030\"  itemprop=\"thumbnailUrl\"  \/><\/div><\/div><\/div><br \/>\n<section  class='av_textblock_section av-k7bmcjkv-fda6b1ae2901cabab86bcfeccf8e3449 '   itemscope=\"itemscope\" itemtype=\"https:\/\/schema.org\/CreativeWork\" ><div class='avia_textblock'  itemprop=\"text\" ><p><strong>BR16G JAUNE<\/strong> &#8211; <a href=\"https:\/\/franz-jost.com\/garten\/sortiment\/golfrechen\/golfrechen-br16g-gelb\/\">zoom et d\u00e9tails<\/a><\/p>\n<\/div><\/section><\/p><\/div><div class='av-flex-placeholder'><\/div>\n<style type=\"text\/css\" data-created_by=\"avia_inline_auto\" id=\"style-css-av-3j0je-b2284ac63b62e8450afb29f5f22ffab4\">\n#top .flex_column_table.av-equal-height-column-flextable.av-3j0je-b2284ac63b62e8450afb29f5f22ffab4{\nmargin-bottom:20px;\n}\n.flex_column.av-3j0je-b2284ac63b62e8450afb29f5f22ffab4{\nborder-radius:0px 0px 0px 0px;\npadding:2px 2px 2px 2px;\n}\n<\/style>\n<div  class='flex_column av-3j0je-b2284ac63b62e8450afb29f5f22ffab4 av_one_half  avia-builder-el-22  el_after_av_one_half  el_before_av_one_half  flex_column_table_cell av-equal-height-column av-align-top avia-link-column av-column-link  column-top-margin'    data-link-column-url=\"https:\/\/franz-jost.com\/garten\/sortiment\/golfrechen\/golfrechen-br16g-schwarz\/\"   ><a class=\"av-screen-reader-only\" href=https:\/\/franz-jost.com\/garten\/sortiment\/golfrechen\/golfrechen-br16g-schwarz\/ >Lier vers : Golfrechen BR16G SCHWARZ<\/a><p>\n<style type=\"text\/css\" data-created_by=\"avia_inline_auto\" id=\"style-css-av-k7bm3ftj-041c17d01a50134b6c04eb2c73b683ae\">\n.avia-image-container.av-k7bm3ftj-041c17d01a50134b6c04eb2c73b683ae img.avia_image{\nbox-shadow:none;\n}\n.avia-image-container.av-k7bm3ftj-041c17d01a50134b6c04eb2c73b683ae .av-image-caption-overlay-center{\ncolor:#ffffff;\n}\n<\/style>\n<div  class='avia-image-container av-k7bm3ftj-041c17d01a50134b6c04eb2c73b683ae av-styling-no-styling av-hover-grow avia-align-center  avia-builder-el-23  el_before_av_textblock  avia-builder-el-first  img classalignnone size-medium wp-image-137 zoooom'   itemprop=\"image\" itemscope=\"itemscope\" itemtype=\"https:\/\/schema.org\/ImageObject\" ><div class=\"avia-image-container-inner\"><div class=\"avia-image-overlay-wrap\"><img fetchpriority=\"high\" class='wp-image-1431 avia-img-lazy-loading-not-1431 avia_image ' src='https:\/\/franz-jost.com\/wp-content\/uploads\/2020\/03\/JOST-WEB-GOLFRECHEN-BR16-SCHWARZ-1030x1030.jpg' alt='' title=''  height=\"1030\" width=\"1030\"  itemprop=\"thumbnailUrl\"  \/><\/div><\/div><\/div><br \/>\n<section  class='av_textblock_section av-k7bmcjkv-fda6b1ae2901cabab86bcfeccf8e3449 '   itemscope=\"itemscope\" itemtype=\"https:\/\/schema.org\/CreativeWork\" ><div class='avia_textblock'  itemprop=\"text\" ><p><strong>BR16G NOIR<\/strong> &#8211; <a href=\"https:\/\/franz-jost.com\/garten\/sortiment\/golfrechen\/golfrechen-br16g-schwarz\/\">zoom et d\u00e9tails<\/a><\/p>\n<\/div><\/section><\/p><\/div><\/div><!--close column table wrapper. Autoclose: 1 --><div class='flex_column_table av-3j0je-0ea84731ce8e2969a970a777edb8d4b5 sc-av_one_half av-equal-height-column-flextable'>\n<style type=\"text\/css\" data-created_by=\"avia_inline_auto\" id=\"style-css-av-3j0je-0ea84731ce8e2969a970a777edb8d4b5\">\n.flex_column.av-3j0je-0ea84731ce8e2969a970a777edb8d4b5{\nborder-radius:0px 0px 0px 0px;\npadding:2px 2px 2px 2px;\n}\n<\/style>\n<div  class='flex_column av-3j0je-0ea84731ce8e2969a970a777edb8d4b5 av_one_half  avia-builder-el-25  el_after_av_one_half  el_before_av_one_half  first flex_column_table_cell av-equal-height-column av-align-top avia-link-column av-column-link  column-top-margin'    data-link-column-url=\"https:\/\/franz-jost.com\/garten\/sortiment\/golfrechen\/golfrechen-br16-gelb\/\"   ><a class=\"av-screen-reader-only\" href=https:\/\/franz-jost.com\/garten\/sortiment\/golfrechen\/golfrechen-br16-gelb\/ >Lier vers : Golfrechen BR16 GELB<\/a><p>\n<style type=\"text\/css\" data-created_by=\"avia_inline_auto\" id=\"style-css-av-k7bm3ftj-3232dcccc516f11e5eb6c810ad5aa8d5\">\n.avia-image-container.av-k7bm3ftj-3232dcccc516f11e5eb6c810ad5aa8d5 img.avia_image{\nbox-shadow:none;\n}\n.avia-image-container.av-k7bm3ftj-3232dcccc516f11e5eb6c810ad5aa8d5 .av-image-caption-overlay-center{\ncolor:#ffffff;\n}\n<\/style>\n<div  class='avia-image-container av-k7bm3ftj-3232dcccc516f11e5eb6c810ad5aa8d5 av-styling-no-styling av-hover-grow avia-align-center  avia-builder-el-26  el_before_av_textblock  avia-builder-el-first  img classalignnone size-medium wp-image-137 zoooom'   itemprop=\"image\" itemscope=\"itemscope\" itemtype=\"https:\/\/schema.org\/ImageObject\" ><div class=\"avia-image-container-inner\"><div class=\"avia-image-overlay-wrap\"><img fetchpriority=\"high\" class='wp-image-1666 avia-img-lazy-loading-not-1666 avia_image ' src='https:\/\/franz-jost.com\/wp-content\/uploads\/2020\/03\/JOST-WEB-GOLFRECHEN-BR16-GELB-1-1030x1030.jpg' alt='' title=''  height=\"1030\" width=\"1030\"  itemprop=\"thumbnailUrl\"  \/><\/div><\/div><\/div><br \/>\n<section  class='av_textblock_section av-k7bmcjkv-fda6b1ae2901cabab86bcfeccf8e3449 '   itemscope=\"itemscope\" itemtype=\"https:\/\/schema.org\/CreativeWork\" ><div class='avia_textblock'  itemprop=\"text\" ><p><strong>BR16 JAUNE,<\/strong> autres positions obliques comme le BR16G<br \/>\n<a href=\"https:\/\/franz-jost.com\/garten\/sortiment\/golfrechen\/golfrechen-br16-gelb\/\">zoom et d\u00e9tails<\/a><\/p>\n<\/div><\/section><\/p><\/div><div class='av-flex-placeholder'><\/div>\n<style type=\"text\/css\" data-created_by=\"avia_inline_auto\" id=\"style-css-av-3j0je-b2284ac63b62e8450afb29f5f22ffab4\">\n.flex_column.av-3j0je-b2284ac63b62e8450afb29f5f22ffab4{\nborder-radius:0px 0px 0px 0px;\npadding:2px 2px 2px 2px;\n}\n<\/style>\n<div  class='flex_column av-3j0je-b2284ac63b62e8450afb29f5f22ffab4 av_one_half  avia-builder-el-28  el_after_av_one_half  avia-builder-el-last  flex_column_table_cell av-equal-height-column av-align-top avia-link-column av-column-link  column-top-margin'    data-link-column-url=\"https:\/\/franz-jost.com\/garten\/sortiment\/golfrechen\/golfrechen-br16g-schwarz\/\"   ><a class=\"av-screen-reader-only\" href=https:\/\/franz-jost.com\/garten\/sortiment\/golfrechen\/golfrechen-br16g-schwarz\/ >Lier vers : Golfrechen BR16G SCHWARZ<\/a><\/div><\/div><!--close column table wrapper. Autoclose: 1 --><\/p>\n<\/div><\/div>\n<\/div>\n","protected":false},"excerpt":{"rendered":"","protected":false},"author":1,"featured_media":0,"parent":2738,"menu_order":4,"comment_status":"closed","ping_status":"closed","template":"","meta":{"footnotes":""},"class_list":["post-2808","page","type-page","status-publish","hentry"],"aioseo_notices":[],"_links":{"self":[{"href":"https:\/\/franz-jost.com\/fr\/wp-json\/wp\/v2\/pages\/2808","targetHints":{"allow":["GET"]}}],"collection":[{"href":"https:\/\/franz-jost.com\/fr\/wp-json\/wp\/v2\/pages"}],"about":[{"href":"https:\/\/franz-jost.com\/fr\/wp-json\/wp\/v2\/types\/page"}],"author":[{"embeddable":true,"href":"https:\/\/franz-jost.com\/fr\/wp-json\/wp\/v2\/users\/1"}],"replies":[{"embeddable":true,"href":"https:\/\/franz-jost.com\/fr\/wp-json\/wp\/v2\/comments?post=2808"}],"version-history":[{"count":8,"href":"https:\/\/franz-jost.com\/fr\/wp-json\/wp\/v2\/pages\/2808\/revisions"}],"predecessor-version":[{"id":4095,"href":"https:\/\/franz-jost.com\/fr\/wp-json\/wp\/v2\/pages\/2808\/revisions\/4095"}],"up":[{"embeddable":true,"href":"https:\/\/franz-jost.com\/fr\/wp-json\/wp\/v2\/pages\/2738"}],"wp:attachment":[{"href":"https:\/\/franz-jost.com\/fr\/wp-json\/wp\/v2\/media?parent=2808"}],"curies":[{"name":"wp","href":"https:\/\/api.w.org\/{rel}","templated":true}]}}