{"id":2796,"date":"2020-03-20T10:22:59","date_gmt":"2020-03-20T09:22:59","guid":{"rendered":"https:\/\/franz-jost.com\/jardin\/assortiment-de-jardin\/laubgreifer\/"},"modified":"2021-05-11T10:34:46","modified_gmt":"2021-05-11T08:34:46","slug":"laubgreifer","status":"publish","type":"page","link":"https:\/\/franz-jost.com\/fr\/jardin\/assortiment-de-jardin\/laubgreifer\/","title":{"rendered":"Pince \u00e0 feuilles"},"content":{"rendered":"<div id='layer_slider_1'  class='avia-layerslider main_color avia-shadow  avia-builder-el-0  el_before_av_hr  avia-builder-el-first  container_wrap fullsize'  style='height: 391px; max-width: 2000px; margin: 0 auto;'  ><\/div><div id='after_layer_slider_1'  class='main_color av_default_container_wrap container_wrap fullsize'  ><div class='container av-section-cont-open' ><div class='template-page content  av-content-full alpha units'><div class='post-entry post-entry-type-page post-entry-2796'><div class='entry-content-wrapper clearfix'>\n\n<style type=\"text\/css\" data-created_by=\"avia_inline_auto\" id=\"style-css-av-k7alf1t8-f8c4dc3e3ee8a3f3d7dd88b30ccd80e6\">\n#top .hr.hr-invisible.av-k7alf1t8-f8c4dc3e3ee8a3f3d7dd88b30ccd80e6{\nheight:2px;\n}\n<\/style>\n<div  class='hr av-k7alf1t8-f8c4dc3e3ee8a3f3d7dd88b30ccd80e6 hr-invisible  avia-builder-el-1  el_after_av_layerslider  el_before_av_layout_row  avia-builder-el-no-sibling '><span class='hr-inner '><span class=\"hr-inner-style\"><\/span><\/span><\/div>\n<\/div><\/div><\/div><!-- close content main div --><\/div><\/div><div id='av-layout-grid-1'  class='av-layout-grid-container av-5l7lq-a101debedd55bdd1c659b41affb4457d entry-content-wrapper main_color av-flex-cells  avia-builder-el-2  el_after_av_hr  avia-builder-el-last  grid-row-not-first  container_wrap fullsize'  >\n\n<style type=\"text\/css\" data-created_by=\"avia_inline_auto\" id=\"style-css-av-k75096je-4500daf66b83f7a1f4c2235dd069e8fb\">\n.flex_cell.av-k75096je-4500daf66b83f7a1f4c2235dd069e8fb{\nvertical-align:top;\n}\n.responsive #top #wrap_all .flex_cell.av-k75096je-4500daf66b83f7a1f4c2235dd069e8fb{\npadding:0px 50px 0px 0px !important;\n}\n<\/style>\n<div class='flex_cell av-k75096je-4500daf66b83f7a1f4c2235dd069e8fb av-gridrow-cell av_one_third no_margin  avia-builder-el-3  el_before_av_cell_two_third  avia-builder-el-first  content-align-top'  ><div class='flex_cell_inner'><p>\n<style type=\"text\/css\" data-created_by=\"avia_inline_auto\" id=\"style-css-av-3j0je-424cebc3a635be9f07fc37f0d4bb7d83\">\n.flex_column.av-3j0je-424cebc3a635be9f07fc37f0d4bb7d83{\nborder-radius:0px 0px 0px 0px;\npadding:2px 2px 2px 2px;\n}\n<\/style>\n<div  class='flex_column av-3j0je-424cebc3a635be9f07fc37f0d4bb7d83 av_one_full  avia-builder-el-4  el_before_av_one_fifth  avia-builder-el-first  first no_margin flex_column_div  '     ><style type=\"text\/css\" data-created_by=\"avia_inline_auto\" id=\"style-css-av-k7alf1t8-d47efa04842e5cbc247ea1be21a31c23\">\n#top .hr.hr-invisible.av-k7alf1t8-d47efa04842e5cbc247ea1be21a31c23{\nheight:40px;\n}\n<\/style>\n<div  class='hr av-k7alf1t8-d47efa04842e5cbc247ea1be21a31c23 hr-invisible  avia-builder-el-5  avia-builder-el-no-sibling '><span class='hr-inner '><span class=\"hr-inner-style\"><\/span><\/span><\/div><\/div>\n<style type=\"text\/css\" data-created_by=\"avia_inline_auto\" id=\"style-css-av-3j0je-424cebc3a635be9f07fc37f0d4bb7d83\">\n.flex_column.av-3j0je-424cebc3a635be9f07fc37f0d4bb7d83{\nborder-radius:0px 0px 0px 0px;\npadding:2px 2px 2px 2px;\n}\n<\/style>\n<div  class='flex_column av-3j0je-424cebc3a635be9f07fc37f0d4bb7d83 av_one_fifth  avia-builder-el-6  el_after_av_one_full  el_before_av_four_fifth  first no_margin flex_column_div  column-top-margin'     ><style type=\"text\/css\" data-created_by=\"avia_inline_auto\" id=\"style-css-av-k7619c2f-c7f1b125f6e5c3f24af6f42e794c5b8c\">\n.avia-image-container.av-k7619c2f-c7f1b125f6e5c3f24af6f42e794c5b8c img.avia_image{\nbox-shadow:none;\n}\n.avia-image-container.av-k7619c2f-c7f1b125f6e5c3f24af6f42e794c5b8c .av-image-caption-overlay-center{\ncolor:#ffffff;\n}\n<\/style>\n<div  class='avia-image-container av-k7619c2f-c7f1b125f6e5c3f24af6f42e794c5b8c av-styling-no-styling avia-align-center  avia-builder-el-7  avia-builder-el-no-sibling '   itemprop=\"image\" itemscope=\"itemscope\" itemtype=\"https:\/\/schema.org\/ImageObject\" ><div class=\"avia-image-container-inner\"><div class=\"avia-image-overlay-wrap\"><img fetchpriority=\"high\" class='wp-image-1286 avia-img-lazy-loading-not-1286 avia_image ' src='https:\/\/franz-jost.com\/wp-content\/uploads\/2020\/03\/JOST-WEB-RECHEN-MELDUNGE-punkt-30px.jpg' alt='' title=''  height=\"30\" width=\"30\"  itemprop=\"thumbnailUrl\"  \/><\/div><\/div><\/div><\/div>\n<style type=\"text\/css\" data-created_by=\"avia_inline_auto\" id=\"style-css-av-3j0je-01da4e150b2c193350930c6794bb84a0\">\n.flex_column.av-3j0je-01da4e150b2c193350930c6794bb84a0{\nborder-radius:0px 0px 0px 0px;\npadding:2px 2px 2px 2px;\n}\n<\/style>\n<div  class='flex_column av-3j0je-01da4e150b2c193350930c6794bb84a0 av_four_fifth  avia-builder-el-8  el_after_av_one_fifth  el_before_av_one_fifth  no_margin flex_column_div  column-top-margin'     ><p>\n<style type=\"text\/css\" data-created_by=\"avia_inline_auto\" id=\"style-css-av-49k6i4-02316216864d864db5bfefa19dbf4afc\">\n#top .av-special-heading.av-49k6i4-02316216864d864db5bfefa19dbf4afc{\npadding-bottom:10px;\n}\nbody .av-special-heading.av-49k6i4-02316216864d864db5bfefa19dbf4afc .av-special-heading-tag .heading-char{\nfont-size:25px;\n}\n.av-special-heading.av-49k6i4-02316216864d864db5bfefa19dbf4afc .av-subheading{\nfont-size:15px;\n}\n<\/style>\n<div  class='av-special-heading av-49k6i4-02316216864d864db5bfefa19dbf4afc av-special-heading-h1 blockquote modern-quote  avia-builder-el-9  el_before_av_textblock  avia-builder-el-first  av-linked-heading'><h1 class='av-special-heading-tag '  itemprop=\"headline\"  >PINCE \u00c0 FEUILLES EN PLASTIQUE<\/h1><div class=\"special-heading-border\"><div class=\"special-heading-inner-border\"><\/div><\/div><\/div><br \/>\n<section  class='av_textblock_section av-k7al8md9-caaf05638a672e894d1a1983ffc76b21 '   itemscope=\"itemscope\" itemtype=\"https:\/\/schema.org\/CreativeWork\" ><div class='avia_textblock'  itemprop=\"text\" ><p>Disponible comme set de 2 griffes manuelles ou ensemble avec le r\u00e2teau combin\u00e9 REGA, cet outil de jardinage apporte une aide pr\u00e9cieuse pour rassembler et ramasser feuilles et d\u00e9bris. Dans la version &lsquo;set&rsquo;, les 2 griffes se clipsent l&rsquo;une \u00e0 l&rsquo;autre.<\/p>\n<p>Mati\u00e8re : PP \u2013 Couleurs : vert, jaune, noir \u2013 Mod\u00e8le d\u00e9pos\u00e9 N\u00b0: 002 946 350.<\/p>\n<\/div><\/section><\/p><\/div>\n<style type=\"text\/css\" data-created_by=\"avia_inline_auto\" id=\"style-css-av-3j0je-424cebc3a635be9f07fc37f0d4bb7d83\">\n.flex_column.av-3j0je-424cebc3a635be9f07fc37f0d4bb7d83{\nborder-radius:0px 0px 0px 0px;\npadding:2px 2px 2px 2px;\n}\n<\/style>\n<div  class='flex_column av-3j0je-424cebc3a635be9f07fc37f0d4bb7d83 av_one_fifth  avia-builder-el-11  el_after_av_four_fifth  el_before_av_four_fifth  first no_margin flex_column_div  '     ><style type=\"text\/css\" data-created_by=\"avia_inline_auto\" id=\"style-css-av-k7alf1t8-266c7af376ca405be0816f90f90f5a60\">\n#top .hr.hr-invisible.av-k7alf1t8-266c7af376ca405be0816f90f90f5a60{\nheight:30px;\n}\n<\/style>\n<div  class='hr av-k7alf1t8-266c7af376ca405be0816f90f90f5a60 hr-invisible  avia-builder-el-12  avia-builder-el-no-sibling '><span class='hr-inner '><span class=\"hr-inner-style\"><\/span><\/span><\/div><\/div>\n<style type=\"text\/css\" data-created_by=\"avia_inline_auto\" id=\"style-css-av-3j0je-01da4e150b2c193350930c6794bb84a0\">\n.flex_column.av-3j0je-01da4e150b2c193350930c6794bb84a0{\nborder-radius:0px 0px 0px 0px;\npadding:2px 2px 2px 2px;\n}\n<\/style>\n<div  class='flex_column av-3j0je-01da4e150b2c193350930c6794bb84a0 av_four_fifth  avia-builder-el-13  el_after_av_one_fifth  avia-builder-el-last  no_margin flex_column_div  '     ><p>\n<style type=\"text\/css\" data-created_by=\"avia_inline_auto\" id=\"style-css-av-k7alf1t8-266c7af376ca405be0816f90f90f5a60\">\n#top .hr.hr-invisible.av-k7alf1t8-266c7af376ca405be0816f90f90f5a60{\nheight:30px;\n}\n<\/style>\n<div  class='hr av-k7alf1t8-266c7af376ca405be0816f90f90f5a60 hr-invisible  avia-builder-el-14  el_before_av_icon_box  avia-builder-el-first '><span class='hr-inner '><span class=\"hr-inner-style\"><\/span><\/span><\/div><br \/>\n\n<style type=\"text\/css\" data-created_by=\"avia_inline_auto\" id=\"style-css-av-kadycc2f-683c5f9c1db3f778ef25bae0b31eeca4\">\n.iconbox.av-kadycc2f-683c5f9c1db3f778ef25bae0b31eeca4 .iconbox_icon{\nbackground-color:#fcc251;\nborder:1px solid #fcc251;\ncolor:#ffffff;\n}\n.iconbox.av-kadycc2f-683c5f9c1db3f778ef25bae0b31eeca4 .iconbox_icon.avia-svg-icon svg:first-child{\nfill:#ffffff;\nstroke:#ffffff;\n}\n<\/style>\n<article  class='iconbox iconbox_top av-kadycc2f-683c5f9c1db3f778ef25bae0b31eeca4  avia-builder-el-15  el_after_av_hr  avia-builder-el-last  main_color'  itemscope=\"itemscope\" itemtype=\"https:\/\/schema.org\/CreativeWork\" ><div class=\"iconbox_content\"><header class=\"entry-content-header\" aria-label=\"Ic\u00f4ne : &lt;a href=&quot;#happyforms-modal&quot; data-form-id=&quot;2747&quot;&gt;DEMANDE&lt;\/a&gt;\"><div class='iconbox_icon heading-color avia-iconfont avia-font-entypo-fontello' data-av_icon='\ue81e' data-av_iconfont='entypo-fontello' title=\"&lt;a href=&quot;#happyforms-modal&quot; data-form-id=&quot;2747&quot;&gt;DEMANDE&lt;\/a&gt;\" desc=\"&lt;a href=&quot;#happyforms-modal&quot; data-form-id=&quot;2747&quot;&gt;DEMANDE&lt;\/a&gt;\" ><\/div><h4 class='iconbox_content_title '  itemprop=\"headline\" ><a href='https:\/\/franz-jost.com\/fr\/kontakt\/' title='&lt;a href=&quot;#happyforms-modal&quot; data-form-id=&quot;2747&quot;&gt;DEMANDE&lt;\/a&gt;'  ><a href=\"#happyforms-modal\" data-form-id=\"2747\">DEMANDE<\/a><\/a><\/h4><\/header><div class='iconbox_content_container '  itemprop=\"text\" ><\/div><\/div><footer class=\"entry-footer\"><\/footer><\/article><\/p><\/div><\/p>\n<\/div><\/div>\n<style type=\"text\/css\" data-created_by=\"avia_inline_auto\" id=\"style-css-av-k75096je-db1fd07ee83ee64119badeec6fe48ff8\">\n.flex_cell.av-k75096je-db1fd07ee83ee64119badeec6fe48ff8{\nvertical-align:top;\n}\n.responsive #top #wrap_all .flex_cell.av-k75096je-db1fd07ee83ee64119badeec6fe48ff8{\npadding:0px 40px 0px 0px !important;\n}\n<\/style>\n<div class='flex_cell av-k75096je-db1fd07ee83ee64119badeec6fe48ff8 av-gridrow-cell av_two_third no_margin  avia-builder-el-16  el_after_av_cell_one_third  avia-builder-el-last  content-align-top'  ><div class='flex_cell_inner'><p><div class='flex_column_table av-3j0je-7999b1440d90db0f1a355442b63f9c4c sc-av_one_full av-equal-height-column-flextable'>\n<style type=\"text\/css\" data-created_by=\"avia_inline_auto\" id=\"style-css-av-3j0je-7999b1440d90db0f1a355442b63f9c4c\">\n.flex_column.av-3j0je-7999b1440d90db0f1a355442b63f9c4c{\nborder-radius:0px 0px 0px 0px;\npadding:2px 2px 2px 2px;\n}\n<\/style>\n<div  class='flex_column av-3j0je-7999b1440d90db0f1a355442b63f9c4c av_one_full  avia-builder-el-17  el_before_av_one_half  avia-builder-el-first  first flex_column_table_cell av-equal-height-column av-align-top  '     ><style type=\"text\/css\" data-created_by=\"avia_inline_auto\" id=\"style-css-av-340c70-5bbbf7f51d6755dc4389794c40bc5a85\">\n#top .av-special-heading.av-340c70-5bbbf7f51d6755dc4389794c40bc5a85{\npadding-bottom:10px;\n}\nbody .av-special-heading.av-340c70-5bbbf7f51d6755dc4389794c40bc5a85 .av-special-heading-tag .heading-char{\nfont-size:25px;\n}\n.av-special-heading.av-340c70-5bbbf7f51d6755dc4389794c40bc5a85 .av-subheading{\nfont-size:15px;\n}\n<\/style>\n<div  class='av-special-heading av-340c70-5bbbf7f51d6755dc4389794c40bc5a85 av-special-heading-h2  avia-builder-el-18  avia-builder-el-no-sibling  av-linked-heading'><h2 class='av-special-heading-tag '  itemprop=\"headline\"  >NOTRE GAMME<\/h2><div class=\"special-heading-border\"><div class=\"special-heading-inner-border\"><\/div><\/div><\/div><\/div><\/div><!--close column table wrapper. Autoclose: 1 --><div class='flex_column_table av-3j0je-d7b72304412034b5fe578b67cd981a95 sc-av_one_half av-equal-height-column-flextable'>\n<style type=\"text\/css\" data-created_by=\"avia_inline_auto\" id=\"style-css-av-3j0je-d7b72304412034b5fe578b67cd981a95\">\n.flex_column.av-3j0je-d7b72304412034b5fe578b67cd981a95{\nborder-radius:0px 0px 0px 0px;\npadding:2px 2px 2px 2px;\n}\n<\/style>\n<div  class='flex_column av-3j0je-d7b72304412034b5fe578b67cd981a95 av_one_half  avia-builder-el-19  el_after_av_one_full  el_before_av_one_half  first flex_column_table_cell av-equal-height-column av-align-top avia-link-column av-column-link  column-top-margin'    data-link-column-url=\"https:\/\/franz-jost.com\/garten\/sortiment\/laubgreifer\/laubgreifer-lh17pp\/\"   ><a class=\"av-screen-reader-only\" href=https:\/\/franz-jost.com\/garten\/sortiment\/laubgreifer\/laubgreifer-lh17pp\/ >Lier vers : Laubgreifer LH17PP<\/a><p>\n<style type=\"text\/css\" data-created_by=\"avia_inline_auto\" id=\"style-css-av-k7bm3ftj-3f5a12963077f0339e39e812ec700cf7\">\n.avia-image-container.av-k7bm3ftj-3f5a12963077f0339e39e812ec700cf7 img.avia_image{\nbox-shadow:none;\n}\n.avia-image-container.av-k7bm3ftj-3f5a12963077f0339e39e812ec700cf7 .av-image-caption-overlay-center{\ncolor:#ffffff;\n}\n<\/style>\n<div  class='avia-image-container av-k7bm3ftj-3f5a12963077f0339e39e812ec700cf7 av-styling-no-styling av-hover-grow avia-align-center  avia-builder-el-20  el_before_av_textblock  avia-builder-el-first  img classalignnone size-medium wp-image-137 zoooom'   itemprop=\"image\" itemscope=\"itemscope\" itemtype=\"https:\/\/schema.org\/ImageObject\" ><div class=\"avia-image-container-inner\"><div class=\"avia-image-overlay-wrap\"><img fetchpriority=\"high\" class='wp-image-1616 avia-img-lazy-loading-not-1616 avia_image ' src='https:\/\/franz-jost.com\/wp-content\/uploads\/2020\/03\/JOST-WEB-LAUBGREIFER-Zoom-1-710x1030.jpg' alt='' title=''  height=\"1030\" width=\"710\"  itemprop=\"thumbnailUrl\"  \/><\/div><\/div><\/div><br \/>\n<section  class='av_textblock_section av-k7bmcjkv-fda6b1ae2901cabab86bcfeccf8e3449 '   itemscope=\"itemscope\" itemtype=\"https:\/\/schema.org\/CreativeWork\" ><div class='avia_textblock'  itemprop=\"text\" ><p><strong>LH17PP jaune<\/strong> &#8211; <a href=\"https:\/\/franz-jost.com\/garten\/sortiment\/laubgreifer\/laubgreifer-lh17pp\/\">zoom et d\u00e9tails<\/a><\/p>\n<\/div><\/section><\/p><\/div><div class='av-flex-placeholder'><\/div>\n<style type=\"text\/css\" data-created_by=\"avia_inline_auto\" id=\"style-css-av-3j0je-34080502cf5c7552cf6fd4a3f510f3ef\">\n.flex_column.av-3j0je-34080502cf5c7552cf6fd4a3f510f3ef{\nborder-radius:0px 0px 0px 0px;\npadding:2px 2px 2px 2px;\n}\n<\/style>\n<div  class='flex_column av-3j0je-34080502cf5c7552cf6fd4a3f510f3ef av_one_half  avia-builder-el-22  el_after_av_one_half  el_before_av_one_half  flex_column_table_cell av-equal-height-column av-align-top avia-link-column av-column-link  column-top-margin'    data-link-column-url=\"https:\/\/franz-jost.com\/garten\/sortiment\/laubgreifer\/laubgreifer-lh17pa\/\"   ><a class=\"av-screen-reader-only\" href=https:\/\/franz-jost.com\/garten\/sortiment\/laubgreifer\/laubgreifer-lh17pa\/ >Lier vers : Laubgreifer LH17PP schwarz<\/a><p>\n<style type=\"text\/css\" data-created_by=\"avia_inline_auto\" id=\"style-css-av-k7bm3ftj-49f63da65d00d35828f207bb7f77e05b\">\n.avia-image-container.av-k7bm3ftj-49f63da65d00d35828f207bb7f77e05b img.avia_image{\nbox-shadow:none;\n}\n.avia-image-container.av-k7bm3ftj-49f63da65d00d35828f207bb7f77e05b .av-image-caption-overlay-center{\ncolor:#ffffff;\n}\n<\/style>\n<div  class='avia-image-container av-k7bm3ftj-49f63da65d00d35828f207bb7f77e05b av-styling-no-styling av-hover-grow avia-align-center  avia-builder-el-23  el_before_av_textblock  avia-builder-el-first  img classalignnone size-medium wp-image-137 zoooom'   itemprop=\"image\" itemscope=\"itemscope\" itemtype=\"https:\/\/schema.org\/ImageObject\" ><div class=\"avia-image-container-inner\"><div class=\"avia-image-overlay-wrap\"><img fetchpriority=\"high\" class='wp-image-1621 avia-img-lazy-loading-not-1621 avia_image ' src='https:\/\/franz-jost.com\/wp-content\/uploads\/2020\/03\/JOST-WEB-LAUBGREIFER-Zoom-2-705x1030.jpg' alt='' title=''  height=\"1030\" width=\"705\"  itemprop=\"thumbnailUrl\"  \/><\/div><\/div><\/div><br \/>\n<section  class='av_textblock_section av-k7bmcjkv-fda6b1ae2901cabab86bcfeccf8e3449 '   itemscope=\"itemscope\" itemtype=\"https:\/\/schema.org\/CreativeWork\" ><div class='avia_textblock'  itemprop=\"text\" ><p><strong>LH17PP <\/strong><b>noir<\/b> &#8211; <a href=\"https:\/\/franz-jost.com\/garten\/sortiment\/laubgreifer\/laubgreifer-lh17pa\/\">zoom et d\u00e9tails<\/a><\/p>\n<\/div><\/section><\/p><\/div><\/div><!--close column table wrapper. Autoclose: 1 --><div class='flex_column_table av-3j0je-698641ea699f4dca585ca529a41f2bfa sc-av_one_half av-equal-height-column-flextable'>\n<style type=\"text\/css\" data-created_by=\"avia_inline_auto\" id=\"style-css-av-3j0je-698641ea699f4dca585ca529a41f2bfa\">\n.flex_column.av-3j0je-698641ea699f4dca585ca529a41f2bfa{\nborder-radius:0px 0px 0px 0px;\npadding:2px 2px 2px 2px;\n}\n<\/style>\n<div  class='flex_column av-3j0je-698641ea699f4dca585ca529a41f2bfa av_one_half  avia-builder-el-25  el_after_av_one_half  el_before_av_one_half  first flex_column_table_cell av-equal-height-column av-align-top avia-link-column av-column-link  column-top-margin'    data-link-column-url=\"https:\/\/franz-jost.com\/garten\/sortiment\/laubgreifer\/laubgreifer-rega26-600pplh17\/\"   ><a class=\"av-screen-reader-only\" href=https:\/\/franz-jost.com\/garten\/sortiment\/laubgreifer\/laubgreifer-rega26-600pplh17\/ >Lier vers : Laubgreifer REGA26-600PPLG17<\/a><p>\n<style type=\"text\/css\" data-created_by=\"avia_inline_auto\" id=\"style-css-av-k7bm3ftj-1539d676f099e8dbb4d24ff7365a3b23\">\n.avia-image-container.av-k7bm3ftj-1539d676f099e8dbb4d24ff7365a3b23 img.avia_image{\nbox-shadow:none;\n}\n.avia-image-container.av-k7bm3ftj-1539d676f099e8dbb4d24ff7365a3b23 .av-image-caption-overlay-center{\ncolor:#ffffff;\n}\n<\/style>\n<div  class='avia-image-container av-k7bm3ftj-1539d676f099e8dbb4d24ff7365a3b23 av-styling-no-styling av-hover-grow avia-align-center  avia-builder-el-26  el_before_av_textblock  avia-builder-el-first  img classalignnone size-medium wp-image-137 zoooom'   itemprop=\"image\" itemscope=\"itemscope\" itemtype=\"https:\/\/schema.org\/ImageObject\" ><div class=\"avia-image-container-inner\"><div class=\"avia-image-overlay-wrap\"><img fetchpriority=\"high\" class='wp-image-1631 avia-img-lazy-loading-not-1631 avia_image ' src='https:\/\/franz-jost.com\/wp-content\/uploads\/2020\/03\/JOST-WEB-LAUBGREIFER-Zoom-3-neu-714x1030.jpg' alt='' title=''  height=\"1030\" width=\"714\"  itemprop=\"thumbnailUrl\"  \/><\/div><\/div><\/div><br \/>\n<section  class='av_textblock_section av-k7bmcjkv-fda6b1ae2901cabab86bcfeccf8e3449 '   itemscope=\"itemscope\" itemtype=\"https:\/\/schema.org\/CreativeWork\" ><div class='avia_textblock'  itemprop=\"text\" ><p><strong>REGA26-600PPLG17<\/strong> &#8211; <a title=\"Laubgreifer REGA26-600PPLG17\" href=\"https:\/\/franz-jost.com\/garten\/sortiment\/laubgreifer\/laubgreifer-rega26-600pplh17\/\">zoom et d\u00e9tails<\/a><\/p>\n<\/div><\/section><\/p><\/div><div class='av-flex-placeholder'><\/div>\n<style type=\"text\/css\" data-created_by=\"avia_inline_auto\" id=\"style-css-av-3j0je-1ac9375c683e98f7fae0b8e3373b688b\">\n.flex_column.av-3j0je-1ac9375c683e98f7fae0b8e3373b688b{\nborder-radius:0px 0px 0px 0px;\npadding:2px 2px 2px 2px;\n}\n<\/style>\n<div  class='flex_column av-3j0je-1ac9375c683e98f7fae0b8e3373b688b av_one_half  avia-builder-el-28  el_after_av_one_half  el_before_av_one_full  flex_column_table_cell av-equal-height-column av-align-top avia-link-column av-column-link  column-top-margin'    data-link-column-url=\"https:\/\/franz-jost.com\/garten\/sortiment\/laubgreifer\/laubgreifer-rega20-450palh17\/\"   ><a class=\"av-screen-reader-only\" href=https:\/\/franz-jost.com\/garten\/sortiment\/laubgreifer\/laubgreifer-rega20-450palh17\/ >Lier vers : Laubgreifer REGA20-450PALG17<\/a><p>\n<style type=\"text\/css\" data-created_by=\"avia_inline_auto\" id=\"style-css-av-k7bm3ftj-a0930bec41fc7f8cd4ab5838d1c68ba9\">\n.avia-image-container.av-k7bm3ftj-a0930bec41fc7f8cd4ab5838d1c68ba9 img.avia_image{\nbox-shadow:none;\n}\n.avia-image-container.av-k7bm3ftj-a0930bec41fc7f8cd4ab5838d1c68ba9 .av-image-caption-overlay-center{\ncolor:#ffffff;\n}\n<\/style>\n<div  class='avia-image-container av-k7bm3ftj-a0930bec41fc7f8cd4ab5838d1c68ba9 av-styling-no-styling av-hover-grow avia-align-center  avia-builder-el-29  el_before_av_textblock  avia-builder-el-first  img classalignnone size-medium wp-image-137 zoooom'   itemprop=\"image\" itemscope=\"itemscope\" itemtype=\"https:\/\/schema.org\/ImageObject\" ><div class=\"avia-image-container-inner\"><div class=\"avia-image-overlay-wrap\"><img fetchpriority=\"high\" class='wp-image-1626 avia-img-lazy-loading-not-1626 avia_image ' src='https:\/\/franz-jost.com\/wp-content\/uploads\/2020\/03\/JOST-WEB-LAUBGREIFER-Zoom-4-708x1030.jpg' alt='' title=''  height=\"1030\" width=\"708\"  itemprop=\"thumbnailUrl\"  \/><\/div><\/div><\/div><br \/>\n<section  class='av_textblock_section av-k7bmcjkv-fda6b1ae2901cabab86bcfeccf8e3449 '   itemscope=\"itemscope\" itemtype=\"https:\/\/schema.org\/CreativeWork\" ><div class='avia_textblock'  itemprop=\"text\" ><p><strong>REGA20-450PALG17<\/strong>\u00a0&#8211; <a title=\"Laubgreifer REGA20-450PALG17\" href=\"https:\/\/franz-jost.com\/garten\/sortiment\/laubgreifer\/laubgreifer-rega20-450palh17\/\">zoom et d\u00e9tails<\/a><\/p>\n<\/div><\/section><\/p><\/div><\/div><!--close column table wrapper. Autoclose: 1 --><div class='flex_column_table av-3j0je-f2d13c2bd1d33c61a03c7f0fa8d59a3a sc-av_one_full av-equal-height-column-flextable'>\n<style type=\"text\/css\" data-created_by=\"avia_inline_auto\" id=\"style-css-av-3j0je-f2d13c2bd1d33c61a03c7f0fa8d59a3a\">\n#top .flex_column_table.av-equal-height-column-flextable.av-3j0je-f2d13c2bd1d33c61a03c7f0fa8d59a3a{\nmargin-bottom:20px;\n}\n.flex_column.av-3j0je-f2d13c2bd1d33c61a03c7f0fa8d59a3a{\nborder-radius:0px 0px 0px 0px;\npadding:2px 2px 2px 2px;\n}\n<\/style>\n<div  class='flex_column av-3j0je-f2d13c2bd1d33c61a03c7f0fa8d59a3a av_one_full  avia-builder-el-31  el_after_av_one_half  avia-builder-el-last  first flex_column_table_cell av-equal-height-column av-align-top avia-link-column av-column-link  column-top-margin'    data-link-column-url=\"https:\/\/franz-jost.com\/garten\/sortiment\/laubgreifer\/laubgreifer-rega20-450palh17\/\"   ><a class=\"av-screen-reader-only\" href=https:\/\/franz-jost.com\/garten\/sortiment\/laubgreifer\/laubgreifer-rega20-450palh17\/ >Lier vers : Laubgreifer REGA20-450PALG17<\/a><section  class='av_textblock_section av-k7bmcjkv-fda6b1ae2901cabab86bcfeccf8e3449 '   itemscope=\"itemscope\" itemtype=\"https:\/\/schema.org\/CreativeWork\" ><div class='avia_textblock'  itemprop=\"text\" ><p>La pince, fix\u00e9e sur le r\u00e2teau REGA, reste facilement d\u00e9montable (voir illustrations).<\/p>\n<\/div><\/section><\/div><\/div><!--close column table wrapper. Autoclose: 1 --><\/p>\n<\/div><\/div>\n<\/div>\n","protected":false},"excerpt":{"rendered":"","protected":false},"author":1,"featured_media":0,"parent":2738,"menu_order":3,"comment_status":"closed","ping_status":"closed","template":"","meta":{"footnotes":""},"class_list":["post-2796","page","type-page","status-publish","hentry"],"aioseo_notices":[],"_links":{"self":[{"href":"https:\/\/franz-jost.com\/fr\/wp-json\/wp\/v2\/pages\/2796","targetHints":{"allow":["GET"]}}],"collection":[{"href":"https:\/\/franz-jost.com\/fr\/wp-json\/wp\/v2\/pages"}],"about":[{"href":"https:\/\/franz-jost.com\/fr\/wp-json\/wp\/v2\/types\/page"}],"author":[{"embeddable":true,"href":"https:\/\/franz-jost.com\/fr\/wp-json\/wp\/v2\/users\/1"}],"replies":[{"embeddable":true,"href":"https:\/\/franz-jost.com\/fr\/wp-json\/wp\/v2\/comments?post=2796"}],"version-history":[{"count":8,"href":"https:\/\/franz-jost.com\/fr\/wp-json\/wp\/v2\/pages\/2796\/revisions"}],"predecessor-version":[{"id":4089,"href":"https:\/\/franz-jost.com\/fr\/wp-json\/wp\/v2\/pages\/2796\/revisions\/4089"}],"up":[{"embeddable":true,"href":"https:\/\/franz-jost.com\/fr\/wp-json\/wp\/v2\/pages\/2738"}],"wp:attachment":[{"href":"https:\/\/franz-jost.com\/fr\/wp-json\/wp\/v2\/media?parent=2796"}],"curies":[{"name":"wp","href":"https:\/\/api.w.org\/{rel}","templated":true}]}}