{"id":2383,"date":"2020-04-07T12:45:04","date_gmt":"2020-04-07T10:45:04","guid":{"rendered":"https:\/\/franz-jost.com\/moulage-par-injection\/fotogalerij\/"},"modified":"2021-05-11T09:42:13","modified_gmt":"2021-05-11T07:42:13","slug":"galerie-dimages","status":"publish","type":"page","link":"https:\/\/franz-jost.com\/fr\/moulage-par-injection\/galerie-dimages\/","title":{"rendered":"Galerie d&rsquo;images"},"content":{"rendered":"<div id='slider'  class='av-layout-grid-container av-5l7lq-c2d543e814c66aae6d9e01b27424e165 entry-content-wrapper main_color av-flex-cells  avia-builder-el-0  el_before_av_layout_row  avia-builder-el-first   container_wrap fullsize'  >\n\n<style type=\"text\/css\" data-created_by=\"avia_inline_auto\" id=\"style-css-av-k75096je-011f9abed54c9eec810f32a832dfe8dd\">\n.flex_cell.av-k75096je-011f9abed54c9eec810f32a832dfe8dd{\nvertical-align:top;\n}\n.responsive #top #wrap_all .flex_cell.av-k75096je-011f9abed54c9eec810f32a832dfe8dd{\npadding:0px 0px 0px 0px !important;\n}\n<\/style>\n<div class='flex_cell av-k75096je-011f9abed54c9eec810f32a832dfe8dd av-gridrow-cell av_one_full no_margin  avia-builder-el-1  avia-builder-el-no-sibling  content-align-top'  ><div class='flex_cell_inner'>\n<style type=\"text\/css\" data-created_by=\"avia_inline_auto\" id=\"style-css-av-3j0je-02e62cac2e4e173b51234d4ad9c20a43\">\n#top .flex_column.av-3j0je-02e62cac2e4e173b51234d4ad9c20a43{\nmargin-bottom:-3%;\n}\n.flex_column.av-3j0je-02e62cac2e4e173b51234d4ad9c20a43{\nborder-radius:0px 0px 0px 0px;\npadding:0px 0px 0px 0px;\n}\n.responsive #top #wrap_all .flex_column.av-3j0je-02e62cac2e4e173b51234d4ad9c20a43{\nmargin-bottom:-3%;\n}\n<\/style>\n<div  class='flex_column av-3j0je-02e62cac2e4e173b51234d4ad9c20a43 av_one_full  avia-builder-el-2  avia-builder-el-no-sibling  first flex_column_div av-zero-column-padding  '     ><style type=\"text\/css\" data-created_by=\"avia_inline_auto\" id=\"style-css-av-k7505tn4-80fd4cf5e76cf9754788e78e1846a6c4\">\n.avia-image-container.av-k7505tn4-80fd4cf5e76cf9754788e78e1846a6c4 img.avia_image{\nbox-shadow:none;\n}\n.avia-image-container.av-k7505tn4-80fd4cf5e76cf9754788e78e1846a6c4 .av-image-caption-overlay-center{\ncolor:#ffffff;\n}\n<\/style>\n<div  class='avia-image-container av-k7505tn4-80fd4cf5e76cf9754788e78e1846a6c4 av-styling- avia-align-center  avia-builder-el-3  avia-builder-el-no-sibling '   itemprop=\"image\" itemscope=\"itemscope\" itemtype=\"https:\/\/schema.org\/ImageObject\" ><div class=\"avia-image-container-inner\"><div class=\"avia-image-overlay-wrap\"><img fetchpriority=\"high\" class='wp-image-1561 avia-img-lazy-loading-not-1561 avia_image ' src='https:\/\/franz-jost.com\/wp-content\/uploads\/2020\/03\/JOST-MADE-BY-Kopfbild.png' alt='' title=''  height=\"392\" width=\"2000\"  itemprop=\"thumbnailUrl\"  \/><\/div><\/div><\/div><\/div>\n<\/div><\/div>\n<\/div>\n<div id='av-layout-grid-2'  class='av-layout-grid-container av-5l7lq-a101debedd55bdd1c659b41affb4457d entry-content-wrapper main_color av-flex-cells  avia-builder-el-4  el_after_av_layout_row  el_before_av_layout_row  grid-row-not-first  container_wrap fullsize'  >\n\n<style type=\"text\/css\" data-created_by=\"avia_inline_auto\" id=\"style-css-av-k75096je-011f9abed54c9eec810f32a832dfe8dd\">\n.flex_cell.av-k75096je-011f9abed54c9eec810f32a832dfe8dd{\nvertical-align:top;\n}\n.responsive #top #wrap_all .flex_cell.av-k75096je-011f9abed54c9eec810f32a832dfe8dd{\npadding:0px 0px 0px 0px !important;\n}\n<\/style>\n<div class='flex_cell av-k75096je-011f9abed54c9eec810f32a832dfe8dd av-gridrow-cell av_one_full no_margin  avia-builder-el-5  avia-builder-el-no-sibling  content-align-top'  ><div class='flex_cell_inner'><p>\n<style type=\"text\/css\" data-created_by=\"avia_inline_auto\" id=\"style-css-av-k7620v3n-7619dc69efd0d0b19074270ff081e074\">\n#top .hr.hr-invisible.av-k7620v3n-7619dc69efd0d0b19074270ff081e074{\nheight:50px;\n}\n<\/style>\n<div  class='hr av-k7620v3n-7619dc69efd0d0b19074270ff081e074 hr-invisible  avia-builder-el-6  el_before_av_one_full  avia-builder-el-first '><span class='hr-inner '><span class=\"hr-inner-style\"><\/span><\/span><\/div><br \/>\n\n<style type=\"text\/css\" data-created_by=\"avia_inline_auto\" id=\"style-css-av-3j0je-424cebc3a635be9f07fc37f0d4bb7d83\">\n.flex_column.av-3j0je-424cebc3a635be9f07fc37f0d4bb7d83{\nborder-radius:0px 0px 0px 0px;\npadding:2px 2px 2px 2px;\n}\n<\/style>\n<div  class='flex_column av-3j0je-424cebc3a635be9f07fc37f0d4bb7d83 av_one_full  avia-builder-el-7  el_after_av_hr  avia-builder-el-last  first no_margin flex_column_div  '     ><section  class='av_textblock_section av-k761y7k4-14a29bc68f9006644d388fbbc1c33ef1 '   itemscope=\"itemscope\" itemtype=\"https:\/\/schema.org\/CreativeWork\" ><div class='avia_textblock av_inherit_color'  itemprop=\"text\" ><h3>Bilder aus unserer Produktion<\/h3>\n<\/div><\/section><br \/>\n\n<style type=\"text\/css\" data-created_by=\"avia_inline_auto\" id=\"style-css-av-k7620v3n-c2f0be3334541c4e0bddc79fc967a459\">\n#top .hr.hr-invisible.av-k7620v3n-c2f0be3334541c4e0bddc79fc967a459{\nheight:20px;\n}\n<\/style>\n<div  class='hr av-k7620v3n-c2f0be3334541c4e0bddc79fc967a459 hr-invisible  avia-builder-el-9  el_after_av_textblock  avia-builder-el-last '><span class='hr-inner '><span class=\"hr-inner-style\"><\/span><\/span><\/div><\/p><\/div><\/p>\n<\/div><\/div>\n<\/div>\n<div id='av-layout-grid-3'  class='av-layout-grid-container av-5l7lq-a101debedd55bdd1c659b41affb4457d entry-content-wrapper main_color av-flex-cells  avia-builder-el-10  el_after_av_layout_row  el_before_av_layout_row  grid-row-not-first  container_wrap fullsize'  >\n\n<style type=\"text\/css\" data-created_by=\"avia_inline_auto\" id=\"style-css-av-k75096je-011f9abed54c9eec810f32a832dfe8dd\">\n.flex_cell.av-k75096je-011f9abed54c9eec810f32a832dfe8dd{\nvertical-align:top;\n}\n.responsive #top #wrap_all .flex_cell.av-k75096je-011f9abed54c9eec810f32a832dfe8dd{\npadding:0px 0px 0px 0px !important;\n}\n<\/style>\n<div class='flex_cell av-k75096je-011f9abed54c9eec810f32a832dfe8dd av-gridrow-cell av_one_full no_margin  avia-builder-el-11  avia-builder-el-no-sibling  content-align-top'  ><div class='flex_cell_inner'>\n<style type=\"text\/css\" data-created_by=\"avia_inline_auto\" id=\"style-css-av-1vqanb-79b3467032ae01b04ed544c9aae248e6\">\n.flex_column.av-1vqanb-79b3467032ae01b04ed544c9aae248e6{\nborder-radius:0px 0px 0px 0px;\npadding:0px 0px 0px 0px;\n}\n<\/style>\n<div  class='flex_column av-1vqanb-79b3467032ae01b04ed544c9aae248e6 av_one_full  avia-builder-el-12  avia-builder-el-no-sibling  first flex_column_div av-zero-column-padding  '     ><section  class='av_textblock_section av-k8rfu1kj-7eb82aab446172a693d94134555f6d9a '   itemscope=\"itemscope\" itemtype=\"https:\/\/schema.org\/CreativeWork\" ><div class='avia_textblock'  itemprop=\"text\" ><p>Seit 1972 t\u00e4tig und einige Jahre sp\u00e4ter gezielte Konzentration auf unser Kunststoff-Spritgussverfahren:<br \/>\nIn Klein- und Gro\u00dfserien verarbeiten wir alle g\u00e4ngigen Thermoplaste und produzieren mit h\u00f6chsten Qualit\u00e4tsstandard und modernsten Maschinen. Ihre Spezialanfertigungen sind unsere besondere Herausforderung.<br \/>\nHier sehen Sie eine kleine Auswahl unserer Anfertigungen der letzten Jahre.<br \/>\nKlicken Sie in eines der Bilder f\u00fcr eine vergr\u00f6\u00dferte Darstellung, mit den Pfeiltasten <...> bewegen Sie sich innerhalb der Zoomgalerie.<\/p>\n<\/div><\/section><\/div>\n<\/div><\/div>\n<\/div>\n<div id='av-layout-grid-4'  class='av-layout-grid-container av-5l7lq-a101debedd55bdd1c659b41affb4457d entry-content-wrapper main_color av-flex-cells  avia-builder-el-14  el_after_av_layout_row  avia-builder-el-last  grid-row-not-first  container_wrap fullsize'  >\n\n<style type=\"text\/css\" data-created_by=\"avia_inline_auto\" id=\"style-css-av-k75096je-011f9abed54c9eec810f32a832dfe8dd\">\n.flex_cell.av-k75096je-011f9abed54c9eec810f32a832dfe8dd{\nvertical-align:top;\n}\n.responsive #top #wrap_all .flex_cell.av-k75096je-011f9abed54c9eec810f32a832dfe8dd{\npadding:0px 0px 0px 0px !important;\n}\n<\/style>\n<div class='flex_cell av-k75096je-011f9abed54c9eec810f32a832dfe8dd av-gridrow-cell av_one_full no_margin  avia-builder-el-15  avia-builder-el-no-sibling  content-align-top'  ><div class='flex_cell_inner'><p>\n<style type=\"text\/css\" data-created_by=\"avia_inline_auto\" id=\"style-css-av-3j0je-424cebc3a635be9f07fc37f0d4bb7d83\">\n.flex_column.av-3j0je-424cebc3a635be9f07fc37f0d4bb7d83{\nborder-radius:0px 0px 0px 0px;\npadding:2px 2px 2px 2px;\n}\n<\/style>\n<div  class='flex_column av-3j0je-424cebc3a635be9f07fc37f0d4bb7d83 av_one_fifth  avia-builder-el-16  el_before_av_three_fifth  avia-builder-el-first  first no_margin flex_column_div  '     ><style type=\"text\/css\" data-created_by=\"avia_inline_auto\" id=\"style-css-av-k7620v3n-c2f0be3334541c4e0bddc79fc967a459\">\n#top .hr.hr-invisible.av-k7620v3n-c2f0be3334541c4e0bddc79fc967a459{\nheight:20px;\n}\n<\/style>\n<div  class='hr av-k7620v3n-c2f0be3334541c4e0bddc79fc967a459 hr-invisible  avia-builder-el-17  avia-builder-el-no-sibling '><span class='hr-inner '><span class=\"hr-inner-style\"><\/span><\/span><\/div><\/div>\n<style type=\"text\/css\" data-created_by=\"avia_inline_auto\" id=\"style-css-av-3j0je-01da4e150b2c193350930c6794bb84a0\">\n.flex_column.av-3j0je-01da4e150b2c193350930c6794bb84a0{\nborder-radius:0px 0px 0px 0px;\npadding:2px 2px 2px 2px;\n}\n<\/style>\n<div  class='flex_column av-3j0je-01da4e150b2c193350930c6794bb84a0 av_three_fifth  avia-builder-el-18  el_after_av_one_fifth  el_before_av_one_fifth  no_margin flex_column_div  '     ><style type=\"text\/css\" data-created_by=\"avia_inline_auto\" id=\"style-css-av-k8pq4drb-9e74a977817c909cdea26e9c99399d58\">\n#top .avia-gallery.av-k8pq4drb-9e74a977817c909cdea26e9c99399d58 .avia-gallery-thumb a{\nwidth:11.1111%;\n}\n<\/style>\n<div  class='avia-gallery av-k8pq4drb-9e74a977817c909cdea26e9c99399d58 avia_animate_when_visible  avia-builder-el-19  avia-builder-el-no-sibling  avia_lazyload av-slideshow-ui av-loop-manual-endless av-control-hidden av-navigate-arrows av-navigate-dots hover-effect av-control-hidden avia-gallery-animate avia-gallery-1'  itemprop=\"image\" itemscope=\"itemscope\" itemtype=\"https:\/\/schema.org\/ImageObject\" ><meta itemprop=\"contentURL\" content=\"https:\/\/franz-jost.com\/fr\/moulage-par-injection\/galerie-dimages\/\"><a class='avia-gallery-big fakeLightbox lightbox avia-gallery-big-crop-thumb ' href=\"https:\/\/franz-jost.com\/wp-content\/uploads\/2020\/04\/JOST-BILDERGALERIE-def-1030x1030.jpg\"  data-onclick='1' title='' ><span class='avia-gallery-big-inner'  itemprop=\"thumbnailUrl\" ><img fetchpriority=\"high\" class=\"wp-image-1791 avia-img-lazy-loading-not-1791\"  width='1030' height='1030' src='https:\/\/franz-jost.com\/wp-content\/uploads\/2020\/04\/JOST-BILDERGALERIE-def-1030x1030.jpg' title='' alt='' \/><\/span><\/a><div class='avia-gallery-thumb'><a href=\"https:\/\/franz-jost.com\/wp-content\/uploads\/2020\/04\/JOST-BILDERGALERIE-def-1030x1030.jpg\" data-rel='gallery-1' data-prev-img='https:\/\/franz-jost.com\/wp-content\/uploads\/2020\/04\/JOST-BILDERGALERIE-def-1030x1030.jpg' class='first_thumb lightbox ' data-onclick='1' title=''  itemprop=\"thumbnailUrl\"  ><img fetchpriority=\"high\" class=\"wp-image-1791 avia-img-lazy-loading-not-1791\"   src='https:\/\/franz-jost.com\/wp-content\/uploads\/2020\/04\/JOST-BILDERGALERIE-def-300x300.jpg' width='300' height='300'  title='' alt='' \/><div class='big-prev-fake'><img loading=\"lazy\" class=\"wp-image-1791 avia-img-lazy-loading-1791\"  width='1030' height='1030' src='https:\/\/franz-jost.com\/wp-content\/uploads\/2020\/04\/JOST-BILDERGALERIE-def-1030x1030.jpg' title='' alt='' \/><\/div><\/a><a href=\"https:\/\/franz-jost.com\/wp-content\/uploads\/2020\/04\/JOST-BILDERGALERIE-def2-1030x1030.jpg\" data-rel='gallery-1' data-prev-img='https:\/\/franz-jost.com\/wp-content\/uploads\/2020\/04\/JOST-BILDERGALERIE-def2-1030x1030.jpg' class='lightbox ' data-onclick='2' title=''  itemprop=\"thumbnailUrl\"  ><img fetchpriority=\"high\" class=\"wp-image-1796 avia-img-lazy-loading-not-1796\"   src='https:\/\/franz-jost.com\/wp-content\/uploads\/2020\/04\/JOST-BILDERGALERIE-def2-300x300.jpg' width='300' height='300'  title='' alt='' \/><div class='big-prev-fake'><img loading=\"lazy\" class=\"wp-image-1796 avia-img-lazy-loading-1796\"  width='1030' height='1030' src='https:\/\/franz-jost.com\/wp-content\/uploads\/2020\/04\/JOST-BILDERGALERIE-def2-1030x1030.jpg' title='' alt='' \/><\/div><\/a><a href=\"https:\/\/franz-jost.com\/wp-content\/uploads\/2020\/04\/JOST-BILDERGALERIE-def4-1030x1030.jpg\" data-rel='gallery-1' data-prev-img='https:\/\/franz-jost.com\/wp-content\/uploads\/2020\/04\/JOST-BILDERGALERIE-def4-1030x1030.jpg' class='lightbox ' data-onclick='3' title='Bildzeile'  itemprop=\"thumbnailUrl\"  ><img fetchpriority=\"high\" class=\"wp-image-1806 avia-img-lazy-loading-not-1806\"  data-avia-tooltip='Bildzeile' src='https:\/\/franz-jost.com\/wp-content\/uploads\/2020\/04\/JOST-BILDERGALERIE-def4-300x300.jpg' width='300' height='300'  title='' alt='' \/><div class='big-prev-fake'><img loading=\"lazy\" class=\"wp-image-1806 avia-img-lazy-loading-1806\"  width='1030' height='1030' src='https:\/\/franz-jost.com\/wp-content\/uploads\/2020\/04\/JOST-BILDERGALERIE-def4-1030x1030.jpg' title='' alt='' \/><\/div><\/a><a href=\"https:\/\/franz-jost.com\/wp-content\/uploads\/2020\/04\/JOST-BILDERGALERIE-def3-1030x1030.jpg\" data-rel='gallery-1' data-prev-img='https:\/\/franz-jost.com\/wp-content\/uploads\/2020\/04\/JOST-BILDERGALERIE-def3-1030x1030.jpg' class='lightbox ' data-onclick='4' title=''  itemprop=\"thumbnailUrl\"  ><img fetchpriority=\"high\" class=\"wp-image-1801 avia-img-lazy-loading-not-1801\"   src='https:\/\/franz-jost.com\/wp-content\/uploads\/2020\/04\/JOST-BILDERGALERIE-def3-300x300.jpg' width='300' height='300'  title='' alt='' \/><div class='big-prev-fake'><img loading=\"lazy\" class=\"wp-image-1801 avia-img-lazy-loading-1801\"  width='1030' height='1030' src='https:\/\/franz-jost.com\/wp-content\/uploads\/2020\/04\/JOST-BILDERGALERIE-def3-1030x1030.jpg' title='' alt='' \/><\/div><\/a><a href=\"https:\/\/franz-jost.com\/wp-content\/uploads\/2020\/04\/JOST-BILDERGALERIE-def5-1030x1030.jpg\" data-rel='gallery-1' data-prev-img='https:\/\/franz-jost.com\/wp-content\/uploads\/2020\/04\/JOST-BILDERGALERIE-def5-1030x1030.jpg' class='lightbox ' data-onclick='5' title=''  itemprop=\"thumbnailUrl\"  ><img fetchpriority=\"high\" class=\"wp-image-1811 avia-img-lazy-loading-not-1811\"   src='https:\/\/franz-jost.com\/wp-content\/uploads\/2020\/04\/JOST-BILDERGALERIE-def5-300x300.jpg' width='300' height='300'  title='' alt='' \/><div class='big-prev-fake'><img loading=\"lazy\" class=\"wp-image-1811 avia-img-lazy-loading-1811\"  width='1030' height='1030' src='https:\/\/franz-jost.com\/wp-content\/uploads\/2020\/04\/JOST-BILDERGALERIE-def5-1030x1030.jpg' title='' alt='' \/><\/div><\/a><a href=\"https:\/\/franz-jost.com\/wp-content\/uploads\/2020\/04\/JOST-BILDERGALERIE-def6-1030x1030.jpg\" data-rel='gallery-1' data-prev-img='https:\/\/franz-jost.com\/wp-content\/uploads\/2020\/04\/JOST-BILDERGALERIE-def6-1030x1030.jpg' class='lightbox ' data-onclick='6' title=''  itemprop=\"thumbnailUrl\"  ><img fetchpriority=\"high\" class=\"wp-image-1816 avia-img-lazy-loading-not-1816\"   src='https:\/\/franz-jost.com\/wp-content\/uploads\/2020\/04\/JOST-BILDERGALERIE-def6-300x300.jpg' width='300' height='300'  title='' alt='' \/><div class='big-prev-fake'><img loading=\"lazy\" class=\"wp-image-1816 avia-img-lazy-loading-1816\"  width='1030' height='1030' src='https:\/\/franz-jost.com\/wp-content\/uploads\/2020\/04\/JOST-BILDERGALERIE-def6-1030x1030.jpg' title='' alt='' \/><\/div><\/a><a href=\"https:\/\/franz-jost.com\/wp-content\/uploads\/2020\/04\/JOST-BILDERGALERIE-def7-1030x1030.jpg\" data-rel='gallery-1' data-prev-img='https:\/\/franz-jost.com\/wp-content\/uploads\/2020\/04\/JOST-BILDERGALERIE-def7-1030x1030.jpg' class='lightbox ' data-onclick='7' title='outil de jardin'  itemprop=\"thumbnailUrl\"  ><img fetchpriority=\"high\" class=\"wp-image-1821 avia-img-lazy-loading-not-1821\"  data-avia-tooltip='outil de jardin' src='https:\/\/franz-jost.com\/wp-content\/uploads\/2020\/04\/JOST-BILDERGALERIE-def7-300x300.jpg' width='300' height='300'  title='' alt='' \/><div class='big-prev-fake'><img loading=\"lazy\" class=\"wp-image-1821 avia-img-lazy-loading-1821\"  width='1030' height='1030' src='https:\/\/franz-jost.com\/wp-content\/uploads\/2020\/04\/JOST-BILDERGALERIE-def7-1030x1030.jpg' title='' alt='' \/><\/div><\/a><a href=\"https:\/\/franz-jost.com\/wp-content\/uploads\/2020\/04\/JOST-BILDERGALERIE-def8-1030x1030.jpg\" data-rel='gallery-1' data-prev-img='https:\/\/franz-jost.com\/wp-content\/uploads\/2020\/04\/JOST-BILDERGALERIE-def8-1030x1030.jpg' class='lightbox ' data-onclick='8' title='Balai \u00e0 feuilles'  itemprop=\"thumbnailUrl\"  ><img fetchpriority=\"high\" class=\"wp-image-1826 avia-img-lazy-loading-not-1826\"  data-avia-tooltip='Balai \u00e0 feuilles' src='https:\/\/franz-jost.com\/wp-content\/uploads\/2020\/04\/JOST-BILDERGALERIE-def8-300x300.jpg' width='300' height='300'  title='' alt='' \/><div class='big-prev-fake'><img loading=\"lazy\" class=\"wp-image-1826 avia-img-lazy-loading-1826\"  width='1030' height='1030' src='https:\/\/franz-jost.com\/wp-content\/uploads\/2020\/04\/JOST-BILDERGALERIE-def8-1030x1030.jpg' title='' alt='' \/><\/div><\/a><a href=\"https:\/\/franz-jost.com\/wp-content\/uploads\/2020\/04\/JOST-BILDERGALERIE-def9-1030x1030.jpg\" data-rel='gallery-1' data-prev-img='https:\/\/franz-jost.com\/wp-content\/uploads\/2020\/04\/JOST-BILDERGALERIE-def9-1030x1030.jpg' class='lightbox ' data-onclick='9' title='Coin de bucheron'  itemprop=\"thumbnailUrl\"  ><img fetchpriority=\"high\" class=\"wp-image-1831 avia-img-lazy-loading-not-1831\"  data-avia-tooltip='Coin de bucheron' src='https:\/\/franz-jost.com\/wp-content\/uploads\/2020\/04\/JOST-BILDERGALERIE-def9-300x300.jpg' width='300' height='300'  title='' alt='' \/><div class='big-prev-fake'><img loading=\"lazy\" class=\"wp-image-1831 avia-img-lazy-loading-1831\"  width='1030' height='1030' src='https:\/\/franz-jost.com\/wp-content\/uploads\/2020\/04\/JOST-BILDERGALERIE-def9-1030x1030.jpg' title='' alt='' \/><\/div><\/a><\/div><\/div><\/div>\n<style type=\"text\/css\" data-created_by=\"avia_inline_auto\" id=\"style-css-av-3j0je-01da4e150b2c193350930c6794bb84a0\">\n.flex_column.av-3j0je-01da4e150b2c193350930c6794bb84a0{\nborder-radius:0px 0px 0px 0px;\npadding:2px 2px 2px 2px;\n}\n<\/style>\n<div  class='flex_column av-3j0je-01da4e150b2c193350930c6794bb84a0 av_one_fifth  avia-builder-el-20  el_after_av_three_fifth  avia-builder-el-last  no_margin flex_column_div  '     ><style type=\"text\/css\" data-created_by=\"avia_inline_auto\" id=\"style-css-av-k7620v3n-c2f0be3334541c4e0bddc79fc967a459\">\n#top .hr.hr-invisible.av-k7620v3n-c2f0be3334541c4e0bddc79fc967a459{\nheight:20px;\n}\n<\/style>\n<div  class='hr av-k7620v3n-c2f0be3334541c4e0bddc79fc967a459 hr-invisible  avia-builder-el-21  avia-builder-el-no-sibling '><span class='hr-inner '><span class=\"hr-inner-style\"><\/span><\/span><\/div><\/div><\/p>\n<\/div><\/div><\/div>\n","protected":false},"excerpt":{"rendered":"","protected":false},"author":1,"featured_media":0,"parent":2275,"menu_order":4,"comment_status":"closed","ping_status":"closed","template":"","meta":{"footnotes":""},"class_list":["post-2383","page","type-page","status-publish","hentry"],"aioseo_notices":[],"_links":{"self":[{"href":"https:\/\/franz-jost.com\/fr\/wp-json\/wp\/v2\/pages\/2383","targetHints":{"allow":["GET"]}}],"collection":[{"href":"https:\/\/franz-jost.com\/fr\/wp-json\/wp\/v2\/pages"}],"about":[{"href":"https:\/\/franz-jost.com\/fr\/wp-json\/wp\/v2\/types\/page"}],"author":[{"embeddable":true,"href":"https:\/\/franz-jost.com\/fr\/wp-json\/wp\/v2\/users\/1"}],"replies":[{"embeddable":true,"href":"https:\/\/franz-jost.com\/fr\/wp-json\/wp\/v2\/comments?post=2383"}],"version-history":[{"count":5,"href":"https:\/\/franz-jost.com\/fr\/wp-json\/wp\/v2\/pages\/2383\/revisions"}],"predecessor-version":[{"id":4032,"href":"https:\/\/franz-jost.com\/fr\/wp-json\/wp\/v2\/pages\/2383\/revisions\/4032"}],"up":[{"embeddable":true,"href":"https:\/\/franz-jost.com\/fr\/wp-json\/wp\/v2\/pages\/2275"}],"wp:attachment":[{"href":"https:\/\/franz-jost.com\/fr\/wp-json\/wp\/v2\/media?parent=2383"}],"curies":[{"name":"wp","href":"https:\/\/api.w.org\/{rel}","templated":true}]}}