{"id":2355,"date":"2020-04-07T11:44:08","date_gmt":"2020-04-07T09:44:08","guid":{"rendered":"https:\/\/franz-jost.com\/made-by\/geschichte\/"},"modified":"2021-05-11T09:50:33","modified_gmt":"2021-05-11T07:50:33","slug":"histroire","status":"publish","type":"page","link":"https:\/\/franz-jost.com\/fr\/made-by\/histroire\/","title":{"rendered":"Histoire"},"content":{"rendered":"<div id='slider'  class='av-layout-grid-container av-5l7lq-c2d543e814c66aae6d9e01b27424e165 entry-content-wrapper main_color av-flex-cells  avia-builder-el-0  el_before_av_layerslider  avia-builder-el-first   container_wrap fullsize'  >\n\n<style type=\"text\/css\" data-created_by=\"avia_inline_auto\" id=\"style-css-av-k75096je-011f9abed54c9eec810f32a832dfe8dd\">\n.flex_cell.av-k75096je-011f9abed54c9eec810f32a832dfe8dd{\nvertical-align:top;\n}\n.responsive #top #wrap_all .flex_cell.av-k75096je-011f9abed54c9eec810f32a832dfe8dd{\npadding:0px 0px 0px 0px !important;\n}\n<\/style>\n<div class='flex_cell av-k75096je-011f9abed54c9eec810f32a832dfe8dd av-gridrow-cell av_one_full no_margin  avia-builder-el-1  avia-builder-el-no-sibling  content-align-top'  ><div class='flex_cell_inner'>\n<style type=\"text\/css\" data-created_by=\"avia_inline_auto\" id=\"style-css-av-3j0je-02e62cac2e4e173b51234d4ad9c20a43\">\n#top .flex_column.av-3j0je-02e62cac2e4e173b51234d4ad9c20a43{\nmargin-bottom:-3%;\n}\n.flex_column.av-3j0je-02e62cac2e4e173b51234d4ad9c20a43{\nborder-radius:0px 0px 0px 0px;\npadding:0px 0px 0px 0px;\n}\n.responsive #top #wrap_all .flex_column.av-3j0je-02e62cac2e4e173b51234d4ad9c20a43{\nmargin-bottom:-3%;\n}\n<\/style>\n<div  class='flex_column av-3j0je-02e62cac2e4e173b51234d4ad9c20a43 av_one_full  avia-builder-el-2  avia-builder-el-no-sibling  first flex_column_div av-zero-column-padding  '     ><style type=\"text\/css\" data-created_by=\"avia_inline_auto\" id=\"style-css-av-k7505tn4-80fd4cf5e76cf9754788e78e1846a6c4\">\n.avia-image-container.av-k7505tn4-80fd4cf5e76cf9754788e78e1846a6c4 img.avia_image{\nbox-shadow:none;\n}\n.avia-image-container.av-k7505tn4-80fd4cf5e76cf9754788e78e1846a6c4 .av-image-caption-overlay-center{\ncolor:#ffffff;\n}\n<\/style>\n<div  class='avia-image-container av-k7505tn4-80fd4cf5e76cf9754788e78e1846a6c4 av-styling- avia-align-center  avia-builder-el-3  avia-builder-el-no-sibling '   itemprop=\"image\" itemscope=\"itemscope\" itemtype=\"https:\/\/schema.org\/ImageObject\" ><div class=\"avia-image-container-inner\"><div class=\"avia-image-overlay-wrap\"><img fetchpriority=\"high\" class='wp-image-1561 avia-img-lazy-loading-not-1561 avia_image ' src='https:\/\/franz-jost.com\/wp-content\/uploads\/2020\/03\/JOST-MADE-BY-Kopfbild.png' alt='' title=''  height=\"392\" width=\"2000\"  itemprop=\"thumbnailUrl\"  \/><\/div><\/div><\/div><\/div>\n<\/div><\/div>\n<\/div>\n<div id='layer_slider_1'  class='avia-layerslider main_color avia-shadow  avia-builder-el-4  el_after_av_layout_row  el_before_av_layout_row  slider-not-first container_wrap fullsize'  style='height: 626px; max-width: 2000px; margin: 0 auto;'  ><\/div>\n<div id='av-layout-grid-2'  class='av-layout-grid-container av-5l7lq-a101debedd55bdd1c659b41affb4457d entry-content-wrapper main_color av-flex-cells  avia-builder-el-5  el_after_av_layerslider  avia-builder-el-last  grid-row-not-first  container_wrap fullsize'  >\n\n<style type=\"text\/css\" data-created_by=\"avia_inline_auto\" id=\"style-css-av-k75096je-011f9abed54c9eec810f32a832dfe8dd\">\n.flex_cell.av-k75096je-011f9abed54c9eec810f32a832dfe8dd{\nvertical-align:top;\n}\n.responsive #top #wrap_all .flex_cell.av-k75096je-011f9abed54c9eec810f32a832dfe8dd{\npadding:0px 0px 0px 0px !important;\n}\n<\/style>\n<div class='flex_cell av-k75096je-011f9abed54c9eec810f32a832dfe8dd av-gridrow-cell av_one_full no_margin  avia-builder-el-6  avia-builder-el-no-sibling  content-align-top'  ><div class='flex_cell_inner'><p>\n<style type=\"text\/css\" data-created_by=\"avia_inline_auto\" id=\"style-css-av-k7620v3n-c2f0be3334541c4e0bddc79fc967a459\">\n#top .hr.hr-invisible.av-k7620v3n-c2f0be3334541c4e0bddc79fc967a459{\nheight:20px;\n}\n<\/style>\n<div  class='hr av-k7620v3n-c2f0be3334541c4e0bddc79fc967a459 hr-invisible  avia-builder-el-7  el_before_av_one_full  avia-builder-el-first '><span class='hr-inner '><span class=\"hr-inner-style\"><\/span><\/span><\/div><br \/>\n\n<style type=\"text\/css\" data-created_by=\"avia_inline_auto\" id=\"style-css-av-3j0je-424cebc3a635be9f07fc37f0d4bb7d83\">\n.flex_column.av-3j0je-424cebc3a635be9f07fc37f0d4bb7d83{\nborder-radius:0px 0px 0px 0px;\npadding:2px 2px 2px 2px;\n}\n<\/style>\n<div  class='flex_column av-3j0je-424cebc3a635be9f07fc37f0d4bb7d83 av_one_full  avia-builder-el-8  el_after_av_hr  el_before_av_one_full  first no_margin flex_column_div  '     ><p>\n<style type=\"text\/css\" data-created_by=\"avia_inline_auto\" id=\"style-css-av-5swlln-bf75c17c32e102734697b7c40f3dad72\">\n#top .av-special-heading.av-5swlln-bf75c17c32e102734697b7c40f3dad72{\npadding-bottom:10px;\n}\nbody .av-special-heading.av-5swlln-bf75c17c32e102734697b7c40f3dad72 .av-special-heading-tag .heading-char{\nfont-size:25px;\n}\n.av-special-heading.av-5swlln-bf75c17c32e102734697b7c40f3dad72 .av-subheading{\nfont-size:15px;\n}\n<\/style>\n<div  class='av-special-heading av-5swlln-bf75c17c32e102734697b7c40f3dad72 av-special-heading-h1 blockquote modern-quote modern-centered  avia-builder-el-9  el_before_av_hr  avia-builder-el-first '><h1 class='av-special-heading-tag '  itemprop=\"headline\"  >De l\u2019atelier de r\u00e9paration \u00e0 l\u2019entreprise High-tech de moulage par injection<\/h1><div class='av-subheading av-subheading_below'><p>Une entreprise familiale mise sur la plasturgie innovatrice.<\/p>\n<\/div><div class=\"special-heading-border\"><div class=\"special-heading-inner-border\"><\/div><\/div><\/div><br \/>\n\n<style type=\"text\/css\" data-created_by=\"avia_inline_auto\" id=\"style-css-av-k7620v3n-c2f0be3334541c4e0bddc79fc967a459\">\n#top .hr.hr-invisible.av-k7620v3n-c2f0be3334541c4e0bddc79fc967a459{\nheight:20px;\n}\n<\/style>\n<div  class='hr av-k7620v3n-c2f0be3334541c4e0bddc79fc967a459 hr-invisible  avia-builder-el-10  el_after_av_heading  avia-builder-el-last '><span class='hr-inner '><span class=\"hr-inner-style\"><\/span><\/span><\/div><\/p><\/div>\n<style type=\"text\/css\" data-created_by=\"avia_inline_auto\" id=\"style-css-av-3j0je-424cebc3a635be9f07fc37f0d4bb7d83\">\n.flex_column.av-3j0je-424cebc3a635be9f07fc37f0d4bb7d83{\nborder-radius:0px 0px 0px 0px;\npadding:2px 2px 2px 2px;\n}\n<\/style>\n<div  class='flex_column av-3j0je-424cebc3a635be9f07fc37f0d4bb7d83 av_one_full  avia-builder-el-11  el_after_av_one_full  el_before_av_one_full  first no_margin flex_column_div  column-top-margin'     ><style type=\"text\/css\" data-created_by=\"avia_inline_auto\" id=\"style-css-sub-av-k8pvkjuv-9f809ecfd5b436aee37606c0a89d6f77\">\n.avia-timeline-container .av-milestone.av-201orv-dfbd8d835fce703dd34896230c19d5bc .av-milestone-icon-inner{\nbackground-color:#fcc251;\n}\n.avia-timeline-container .av-milestone.av-201orv-dfbd8d835fce703dd34896230c19d5bc .av-milestone-indicator{\nbackground-color:#fcc251;\n}\n.avia-timeline-container .av-milestone.av-201orv-dfbd8d835fce703dd34896230c19d5bc .av-milestone-article-footer{\nbackground-color:#fcc251;\n}\n.avia-timeline-container .av-milestone.av-69puz-4b6141ca22939b342f316b3421b2c48a .av-milestone-icon-inner{\nbackground-color:#fcc251;\n}\n.avia-timeline-container .av-milestone.av-69puz-4b6141ca22939b342f316b3421b2c48a .av-milestone-indicator{\nbackground-color:#fcc251;\n}\n.avia-timeline-container .av-milestone.av-69puz-4b6141ca22939b342f316b3421b2c48a .av-milestone-article-footer{\nbackground-color:#fcc251;\n}\n.avia-timeline-container .av-milestone.av-f7562z-00ff6b750d816a0089785dfe1b992403 .av-milestone-icon-inner{\nbackground-color:#fcc251;\n}\n.avia-timeline-container .av-milestone.av-f7562z-00ff6b750d816a0089785dfe1b992403 .av-milestone-indicator{\nbackground-color:#fcc251;\n}\n.avia-timeline-container .av-milestone.av-f7562z-00ff6b750d816a0089785dfe1b992403 .av-milestone-article-footer{\nbackground-color:#fcc251;\n}\n.avia-timeline-container .av-milestone.av-8tohtn-1d508b2b01cd550298222cafbb654e3e .av-milestone-icon-inner{\nbackground-color:#fcc251;\n}\n.avia-timeline-container .av-milestone.av-8tohtn-1d508b2b01cd550298222cafbb654e3e .av-milestone-indicator{\nbackground-color:#fcc251;\n}\n.avia-timeline-container .av-milestone.av-8tohtn-1d508b2b01cd550298222cafbb654e3e .av-milestone-article-footer{\nbackground-color:#fcc251;\n}\n.avia-timeline-container .av-milestone.av-rl1bf-763f5fd058555e55dc96546e9afcaa37 .av-milestone-icon-inner{\nbackground-color:#fcc251;\n}\n.avia-timeline-container .av-milestone.av-rl1bf-763f5fd058555e55dc96546e9afcaa37 .av-milestone-indicator{\nbackground-color:#fcc251;\n}\n.avia-timeline-container .av-milestone.av-rl1bf-763f5fd058555e55dc96546e9afcaa37 .av-milestone-article-footer{\nbackground-color:#fcc251;\n}\n.avia-timeline-container .av-milestone.av-30hezv-2cad3a405f535206267e8598092ef7a3 .av-milestone-icon-inner{\nbackground-color:#fcc251;\n}\n.avia-timeline-container .av-milestone.av-30hezv-2cad3a405f535206267e8598092ef7a3 .av-milestone-indicator{\nbackground-color:#fcc251;\n}\n.avia-timeline-container .av-milestone.av-30hezv-2cad3a405f535206267e8598092ef7a3 .av-milestone-article-footer{\nbackground-color:#fcc251;\n}\n.avia-timeline-container .av-milestone.av-6dy24b-12e4522c193382315c4ecef40a6244f1 .av-milestone-icon-inner{\nbackground-color:#fcc251;\n}\n.avia-timeline-container .av-milestone.av-6dy24b-12e4522c193382315c4ecef40a6244f1 .av-milestone-indicator{\nbackground-color:#fcc251;\n}\n.avia-timeline-container .av-milestone.av-6dy24b-12e4522c193382315c4ecef40a6244f1 .av-milestone-article-footer{\nbackground-color:#fcc251;\n}\n.avia-timeline-container .av-milestone.av-86tvmj-7326724dd4c86ea608e53cb27c233ae6 .av-milestone-icon-inner{\nbackground-color:#fcc251;\n}\n.avia-timeline-container .av-milestone.av-86tvmj-7326724dd4c86ea608e53cb27c233ae6 .av-milestone-indicator{\nbackground-color:#fcc251;\n}\n.avia-timeline-container .av-milestone.av-86tvmj-7326724dd4c86ea608e53cb27c233ae6 .av-milestone-article-footer{\nbackground-color:#fcc251;\n}\n.avia-timeline-container .av-milestone.av-3hypbf-99400aa38a539ae2827534aa68ba6e08 .av-milestone-icon-inner{\nbackground-color:#fcc251;\n}\n.avia-timeline-container .av-milestone.av-3hypbf-99400aa38a539ae2827534aa68ba6e08 .av-milestone-indicator{\nbackground-color:#fcc251;\n}\n.avia-timeline-container .av-milestone.av-3hypbf-99400aa38a539ae2827534aa68ba6e08 .av-milestone-article-footer{\nbackground-color:#fcc251;\n}\n.avia-timeline-container .av-milestone.av-4o3jsr-f52406a555c5e5cf0cf8e2d9b0a8ae63 .av-milestone-icon-inner{\nbackground-color:#fcc251;\n}\n.avia-timeline-container .av-milestone.av-4o3jsr-f52406a555c5e5cf0cf8e2d9b0a8ae63 .av-milestone-indicator{\nbackground-color:#fcc251;\n}\n.avia-timeline-container .av-milestone.av-4o3jsr-f52406a555c5e5cf0cf8e2d9b0a8ae63 .av-milestone-article-footer{\nbackground-color:#fcc251;\n}\n.avia-timeline-container .av-milestone.av-2y094b-dc466bf79ddbfedbf0bf5e03277d0581 .av-milestone-icon-inner{\nbackground-color:#fcc251;\n}\n.avia-timeline-container .av-milestone.av-2y094b-dc466bf79ddbfedbf0bf5e03277d0581 .av-milestone-indicator{\nbackground-color:#fcc251;\n}\n.avia-timeline-container .av-milestone.av-2y094b-dc466bf79ddbfedbf0bf5e03277d0581 .av-milestone-article-footer{\nbackground-color:#fcc251;\n}\n<\/style>\n<div  id=\"avia-timeline-1\"  class='avia-timeline-container av-k8pvkjuv-9f809ecfd5b436aee37606c0a89d6f77 av-slideshow-ui  avia-builder-el-12  avia-builder-el-no-sibling ' ><ul class='avia-timeline avia-timeline-vertical av-milestone-placement-alternate avia-timeline- avia_animate_when_almost_visible avia-timeline-animate'>\n<li  class='av-milestone av-201orv-dfbd8d835fce703dd34896230c19d5bc av-animated-generic fade-in av-milestone-valign-baseline av-milestone-odd'><h2 class='av-milestone-date ' id='milestone-1970' ><strong>1970<span class='av-milestone-indicator'><\/span><\/strong><\/h2><div class=\"av-milestone-icon-wrap\"><span class='av-milestone-icon milestone_icon avia-font-entypo-fontello'><span class='av-milestone-icon-inner milestone_inner'><i class='milestone-char avia-iconfont avia-font-entypo-fontello' data-av_icon='\ue832' data-av_iconfont='entypo-fontello' ><\/i><\/span><\/span><\/div><article class='av-milestone-content-wrap'><div class='av-milestone-contentbox'><div class='av-milestone-content'><p>Du petit atelier de r\u00e9paration et de fabrication d\u2019outils pour l\u2019agriculture de Franz Jost est n\u00e9e l\u2019actuelle FRANZ JOST AG.<\/p>\n<\/div><\/div><footer class='av-milestone-article-footer entry-footer'><\/footer><\/article><\/li>\n<li  class='av-milestone av-69puz-4b6141ca22939b342f316b3421b2c48a av-animated-generic fade-in av-milestone-valign-baseline av-milestone-even'><article class='av-milestone-content-wrap'><div class='av-milestone-contentbox'><div class='av-milestone-content'><p>Franz Jost a d\u00e9but\u00e9 avec la conception des premiers outils de jardinage et la premi\u00e8re fabrication en s\u00e9rie d\u2019un r\u00e2teau \u00e0 foin pourvu d\u2019un peigne synth\u00e9tique (en lieu et place de bois, m\u00e9tal ou aluminium). Au cours des ann\u00e9es suivantes, une gamme \u00e9tendue d\u2019instruments de jardinage a vu le jour, essentiellement des r\u00e2teaux pour une multitude d\u2019applications.<\/p>\n<\/div><\/div><footer class='av-milestone-article-footer entry-footer'><\/footer><\/article><div class=\"av-milestone-icon-wrap\"><span class='av-milestone-icon milestone_icon avia-font-entypo-fontello'><span class='av-milestone-icon-inner milestone_inner'><i class='milestone-char avia-iconfont avia-font-entypo-fontello' data-av_icon='\ue830' data-av_iconfont='entypo-fontello' ><\/i><\/span><\/span><\/div><h2 class='av-milestone-date ' id='milestone-1975' ><strong>1975<span class='av-milestone-indicator'><\/span><\/strong><\/h2><\/li>\n<li  class='av-milestone av-f7562z-00ff6b750d816a0089785dfe1b992403 av-animated-generic fade-in av-milestone-valign-baseline av-milestone-odd'><h2 class='av-milestone-date ' id='milestone-1976' ><strong>1976<span class='av-milestone-indicator'><\/span><\/strong><\/h2><div class=\"av-milestone-icon-wrap\"><span class='av-milestone-icon milestone_icon avia-font-entypo-fontello'><span class='av-milestone-icon-inner milestone_inner'><i class='milestone-char avia-iconfont avia-font-entypo-fontello' data-av_icon='\ue832' data-av_iconfont='entypo-fontello' ><\/i><\/span><\/span><\/div><article class='av-milestone-content-wrap'><div class='av-milestone-contentbox'><div class='av-milestone-content'><p>Acquisition et mise en service d\u2019une premi\u00e8re presse \u00e0 injection.<\/p>\n<\/div><\/div><footer class='av-milestone-article-footer entry-footer'><\/footer><\/article><\/li>\n<li  class='av-milestone av-8tohtn-1d508b2b01cd550298222cafbb654e3e av-animated-generic fade-in av-milestone-valign-baseline av-milestone-even'><article class='av-milestone-content-wrap'><div class='av-milestone-contentbox'><div class='av-milestone-content'><p>Apr\u00e8s ses \u00e9tudes d\u2019ing\u00e9nieur, Ernst Jost rejoint son p\u00e8re dans le d\u00e9veloppement constant de l\u2019entreprise.<\/p>\n<\/div><\/div><footer class='av-milestone-article-footer entry-footer'><\/footer><\/article><div class=\"av-milestone-icon-wrap\"><span class='av-milestone-icon milestone_icon avia-font-entypo-fontello'><span class='av-milestone-icon-inner milestone_inner'><i class='milestone-char avia-iconfont avia-font-entypo-fontello' data-av_icon='\ue830' data-av_iconfont='entypo-fontello' ><\/i><\/span><\/span><\/div><h2 class='av-milestone-date ' id='milestone-1980' ><strong>1980<span class='av-milestone-indicator'><\/span><\/strong><\/h2><\/li>\n<li  class='av-milestone av-rl1bf-763f5fd058555e55dc96546e9afcaa37 av-animated-generic fade-in av-milestone-valign-baseline av-milestone-odd'><h2 class='av-milestone-date ' id='milestone-1985' ><strong>1985<span class='av-milestone-indicator'><\/span><\/strong><\/h2><div class=\"av-milestone-icon-wrap\"><span class='av-milestone-icon milestone_icon avia-font-entypo-fontello'><span class='av-milestone-icon-inner milestone_inner'><i class='milestone-char avia-iconfont avia-font-entypo-fontello' data-av_icon='\ue832' data-av_iconfont='entypo-fontello' ><\/i><\/span><\/span><\/div><article class='av-milestone-content-wrap'><div class='av-milestone-contentbox'><div class='av-milestone-content'><p>De nouvelles presses \u00e0 injection sont mises en service.<\/p>\n<\/div><\/div><footer class='av-milestone-article-footer entry-footer'><\/footer><\/article><\/li>\n<li  class='av-milestone av-30hezv-2cad3a405f535206267e8598092ef7a3 av-animated-generic fade-in av-milestone-valign-baseline av-milestone-even'><article class='av-milestone-content-wrap'><div class='av-milestone-contentbox'><div class='av-milestone-content'><p>Le fondateur Franz Jost d\u00e9c\u00e8de inopin\u00e9ment \u00e0 l\u2019\u00e2ge de 66 ans.<\/p>\n<\/div><\/div><footer class='av-milestone-article-footer entry-footer'><\/footer><\/article><div class=\"av-milestone-icon-wrap\"><span class='av-milestone-icon milestone_icon avia-font-entypo-fontello'><span class='av-milestone-icon-inner milestone_inner'><i class='milestone-char avia-iconfont avia-font-entypo-fontello' data-av_icon='\ue830' data-av_iconfont='entypo-fontello' ><\/i><\/span><\/span><\/div><h2 class='av-milestone-date ' id='milestone-1989' ><strong>1989<span class='av-milestone-indicator'><\/span><\/strong><\/h2><\/li>\n<li  class='av-milestone av-6dy24b-12e4522c193382315c4ecef40a6244f1 av-animated-generic fade-in av-milestone-valign-baseline av-milestone-odd'><h2 class='av-milestone-date ' id='milestone-1990' ><strong>1990<span class='av-milestone-indicator'><\/span><\/strong><\/h2><div class=\"av-milestone-icon-wrap\"><span class='av-milestone-icon milestone_icon avia-font-entypo-fontello'><span class='av-milestone-icon-inner milestone_inner'><i class='milestone-char avia-iconfont avia-font-entypo-fontello' data-av_icon='\ue832' data-av_iconfont='entypo-fontello' ><\/i><\/span><\/span><\/div><article class='av-milestone-content-wrap'><div class='av-milestone-contentbox'><div class='av-milestone-content'><p>Son second fils, Helmut, (Ing\u00e9nieur industriel) rejoint son fr\u00e8re \u00e0 la direction de l\u2019entreprise. Auparavant, il a acquis plusieurs ann\u00e9es d\u2019exp\u00e9rience dans le d\u00e9veloppement de produits aupr\u00e8s de NMC\/ Eupen et de Stocko \/Wuppertal<\/p>\n<\/div><\/div><footer class='av-milestone-article-footer entry-footer'><\/footer><\/article><\/li>\n<li  class='av-milestone av-86tvmj-7326724dd4c86ea608e53cb27c233ae6 av-animated-generic fade-in av-milestone-valign-baseline av-milestone-even'><article class='av-milestone-content-wrap'><div class='av-milestone-contentbox'><div class='av-milestone-content'><p>D\u00e9m\u00e9nagement vers les nouveaux locaux dans le zoning industriel \u201eMorsheck\u201c pr\u00e8s de Bullange.<\/p>\n<\/div><\/div><footer class='av-milestone-article-footer entry-footer'><\/footer><\/article><div class=\"av-milestone-icon-wrap\"><span class='av-milestone-icon milestone_icon avia-font-entypo-fontello'><span class='av-milestone-icon-inner milestone_inner'><i class='milestone-char avia-iconfont avia-font-entypo-fontello' data-av_icon='\ue830' data-av_iconfont='entypo-fontello' ><\/i><\/span><\/span><\/div><h2 class='av-milestone-date ' id='milestone-1992' ><strong>1992<span class='av-milestone-indicator'><\/span><\/strong><\/h2><\/li>\n<li  class='av-milestone av-3hypbf-99400aa38a539ae2827534aa68ba6e08 av-animated-generic fade-in av-milestone-valign-baseline av-milestone-odd'><h2 class='av-milestone-date ' id='milestone-1999' ><strong>1999<span class='av-milestone-indicator'><\/span><\/strong><\/h2><div class=\"av-milestone-icon-wrap\"><span class='av-milestone-icon milestone_icon avia-font-entypo-fontello'><span class='av-milestone-icon-inner milestone_inner'><i class='milestone-char avia-iconfont avia-font-entypo-fontello' data-av_icon='\ue832' data-av_iconfont='entypo-fontello' ><\/i><\/span><\/span><\/div><article class='av-milestone-content-wrap'><div class='av-milestone-contentbox'><div class='av-milestone-content'><p>Un nouveau hall de stockage est inaugur\u00e9.<\/p>\n<\/div><\/div><footer class='av-milestone-article-footer entry-footer'><\/footer><\/article><\/li>\n<li  class='av-milestone av-4o3jsr-f52406a555c5e5cf0cf8e2d9b0a8ae63 av-animated-generic fade-in av-milestone-valign-baseline av-milestone-even'><article class='av-milestone-content-wrap'><div class='av-milestone-contentbox'><div class='av-milestone-content'><p>Jost est repris au registre des marques (REGISTERED TRADEMARK)<\/p>\n<\/div><\/div><footer class='av-milestone-article-footer entry-footer'><\/footer><\/article><div class=\"av-milestone-icon-wrap\"><span class='av-milestone-icon milestone_icon avia-font-entypo-fontello'><span class='av-milestone-icon-inner milestone_inner'><i class='milestone-char avia-iconfont avia-font-entypo-fontello' data-av_icon='\ue830' data-av_iconfont='entypo-fontello' ><\/i><\/span><\/span><\/div><h2 class='av-milestone-date ' id='milestone-2007' ><strong>2007<span class='av-milestone-indicator'><\/span><\/strong><\/h2><\/li>\n<li  class='av-milestone av-2y094b-dc466bf79ddbfedbf0bf5e03277d0581 av-animated-generic fade-in av-milestone-valign-baseline av-milestone-odd'><h2 class='av-milestone-date ' id='milestone-2016' ><strong>2016<span class='av-milestone-indicator'><\/span><\/strong><\/h2><div class=\"av-milestone-icon-wrap\"><span class='av-milestone-icon milestone_icon avia-font-entypo-fontello'><span class='av-milestone-icon-inner milestone_inner'><i class='milestone-char avia-iconfont avia-font-entypo-fontello' data-av_icon='\ue832' data-av_iconfont='entypo-fontello' ><\/i><\/span><\/span><\/div><article class='av-milestone-content-wrap'><div class='av-milestone-contentbox'><div class='av-milestone-content'><p>La 3<sup>\u00e8me<\/sup> g\u00e9n\u00e9ration assume sa part de responsabilit\u00e9s dans la direction de l\u2019entreprise\u00a0: Alexander Jost (Bachelier en \u00e9lectrom\u00e9canique + sp\u00e9cialisation en construction de moules pour mati\u00e8res plastiques \/ FH Schmalkalden) devient responsable de production.<\/p>\n<\/div><\/div><footer class='av-milestone-article-footer entry-footer'><\/footer><\/article><\/li>\n<\/ul><\/div><\/div>\n<style type=\"text\/css\" data-created_by=\"avia_inline_auto\" id=\"style-css-av-3j0je-424cebc3a635be9f07fc37f0d4bb7d83\">\n.flex_column.av-3j0je-424cebc3a635be9f07fc37f0d4bb7d83{\nborder-radius:0px 0px 0px 0px;\npadding:2px 2px 2px 2px;\n}\n<\/style>\n<div  class='flex_column av-3j0je-424cebc3a635be9f07fc37f0d4bb7d83 av_one_full  avia-builder-el-13  el_after_av_one_full  avia-builder-el-last  first no_margin flex_column_div  column-top-margin'     ><p>\n<style type=\"text\/css\" data-created_by=\"avia_inline_auto\" id=\"style-css-av-k7620v3n-c2f0be3334541c4e0bddc79fc967a459\">\n#top .hr.hr-invisible.av-k7620v3n-c2f0be3334541c4e0bddc79fc967a459{\nheight:20px;\n}\n<\/style>\n<div  class='hr av-k7620v3n-c2f0be3334541c4e0bddc79fc967a459 hr-invisible  avia-builder-el-14  el_before_av_textblock  avia-builder-el-first '><span class='hr-inner '><span class=\"hr-inner-style\"><\/span><\/span><\/div><br \/>\n<section  class='av_textblock_section av-k8pw3hx3-b9e618d1ce0338ec1e5de57bc105f133 '   itemscope=\"itemscope\" itemtype=\"https:\/\/schema.org\/CreativeWork\" ><div class='avia_textblock'  itemprop=\"text\" ><blockquote>\n<p>Pr\u00e8s de 50 ann\u00e9es d\u2019exp\u00e9rience et de d\u00e9veloppement constant nous ont pr\u00e9par\u00e9s aux d\u00e9fis \u00e0 venir.<\/p>\n<\/blockquote>\n<\/div><\/section><\/p><\/div><\/p>\n<\/div><\/div>\n<\/div>\n","protected":false},"excerpt":{"rendered":"","protected":false},"author":1,"featured_media":0,"parent":2295,"menu_order":1,"comment_status":"closed","ping_status":"closed","template":"","meta":{"footnotes":""},"class_list":["post-2355","page","type-page","status-publish","hentry"],"aioseo_notices":[],"_links":{"self":[{"href":"https:\/\/franz-jost.com\/fr\/wp-json\/wp\/v2\/pages\/2355","targetHints":{"allow":["GET"]}}],"collection":[{"href":"https:\/\/franz-jost.com\/fr\/wp-json\/wp\/v2\/pages"}],"about":[{"href":"https:\/\/franz-jost.com\/fr\/wp-json\/wp\/v2\/types\/page"}],"author":[{"embeddable":true,"href":"https:\/\/franz-jost.com\/fr\/wp-json\/wp\/v2\/users\/1"}],"replies":[{"embeddable":true,"href":"https:\/\/franz-jost.com\/fr\/wp-json\/wp\/v2\/comments?post=2355"}],"version-history":[{"count":13,"href":"https:\/\/franz-jost.com\/fr\/wp-json\/wp\/v2\/pages\/2355\/revisions"}],"predecessor-version":[{"id":4039,"href":"https:\/\/franz-jost.com\/fr\/wp-json\/wp\/v2\/pages\/2355\/revisions\/4039"}],"up":[{"embeddable":true,"href":"https:\/\/franz-jost.com\/fr\/wp-json\/wp\/v2\/pages\/2295"}],"wp:attachment":[{"href":"https:\/\/franz-jost.com\/fr\/wp-json\/wp\/v2\/media?parent=2355"}],"curies":[{"name":"wp","href":"https:\/\/api.w.org\/{rel}","templated":true}]}}