{"id":1836,"date":"2020-03-24T15:25:30","date_gmt":"2020-03-24T14:25:30","guid":{"rendered":"https:\/\/franz-jost.com\/kontakt\/"},"modified":"2021-05-11T10:10:50","modified_gmt":"2021-05-11T08:10:50","slug":"kontakt","status":"publish","type":"page","link":"https:\/\/franz-jost.com\/fr\/kontakt\/","title":{"rendered":"CONTACT"},"content":{"rendered":"<div id='slider'  class='av-layout-grid-container av-5l7lq-c2d543e814c66aae6d9e01b27424e165 entry-content-wrapper main_color av-flex-cells  avia-builder-el-0  el_before_av_layerslider  avia-builder-el-first   container_wrap fullsize'  >\n\n<style type=\"text\/css\" data-created_by=\"avia_inline_auto\" id=\"style-css-av-k75096je-011f9abed54c9eec810f32a832dfe8dd\">\n.flex_cell.av-k75096je-011f9abed54c9eec810f32a832dfe8dd{\nvertical-align:top;\n}\n.responsive #top #wrap_all .flex_cell.av-k75096je-011f9abed54c9eec810f32a832dfe8dd{\npadding:0px 0px 0px 0px !important;\n}\n<\/style>\n<div class='flex_cell av-k75096je-011f9abed54c9eec810f32a832dfe8dd av-gridrow-cell av_one_full no_margin  avia-builder-el-1  avia-builder-el-no-sibling  content-align-top'  ><div class='flex_cell_inner'>\n<style type=\"text\/css\" data-created_by=\"avia_inline_auto\" id=\"style-css-av-3j0je-02e62cac2e4e173b51234d4ad9c20a43\">\n#top .flex_column.av-3j0je-02e62cac2e4e173b51234d4ad9c20a43{\nmargin-bottom:-3%;\n}\n.flex_column.av-3j0je-02e62cac2e4e173b51234d4ad9c20a43{\nborder-radius:0px 0px 0px 0px;\npadding:0px 0px 0px 0px;\n}\n.responsive #top #wrap_all .flex_column.av-3j0je-02e62cac2e4e173b51234d4ad9c20a43{\nmargin-bottom:-3%;\n}\n<\/style>\n<div  class='flex_column av-3j0je-02e62cac2e4e173b51234d4ad9c20a43 av_one_full  avia-builder-el-2  avia-builder-el-no-sibling  first flex_column_div av-zero-column-padding  '     ><style type=\"text\/css\" data-created_by=\"avia_inline_auto\" id=\"style-css-av-k7505tn4-6626740534366d8c0238f10f9267e324\">\n.avia-image-container.av-k7505tn4-6626740534366d8c0238f10f9267e324 img.avia_image{\nbox-shadow:none;\n}\n.avia-image-container.av-k7505tn4-6626740534366d8c0238f10f9267e324 .av-image-caption-overlay-center{\ncolor:#ffffff;\n}\n<\/style>\n<div  class='avia-image-container av-k7505tn4-6626740534366d8c0238f10f9267e324 av-styling- avia-align-center  avia-builder-el-3  avia-builder-el-no-sibling '   itemprop=\"image\" itemscope=\"itemscope\" itemtype=\"https:\/\/schema.org\/ImageObject\" ><div class=\"avia-image-container-inner\"><div class=\"avia-image-overlay-wrap\"><img fetchpriority=\"high\" class='wp-image-1476 avia-img-lazy-loading-not-1476 avia_image ' src='https:\/\/franz-jost.com\/wp-content\/uploads\/2020\/03\/JOST-WEB-KONTAKT-START-Kopf-oben.png' alt='' title=''  height=\"393\" width=\"2000\"  itemprop=\"thumbnailUrl\"  \/><\/div><\/div><\/div><\/div>\n<\/div><\/div>\n<\/div>\n<div id='layer_slider_1'  class='avia-layerslider main_color avia-shadow  avia-builder-el-4  el_after_av_layout_row  el_before_av_layout_row  slider-not-first container_wrap fullsize'  style='height: 626px; max-width: 2000px; margin: 0 auto;'  ><\/div>\n<div id='av-layout-grid-2'  class='av-layout-grid-container av-5l7lq-a101debedd55bdd1c659b41affb4457d entry-content-wrapper main_color av-flex-cells  avia-builder-el-5  el_after_av_layerslider  el_before_av_layout_row  grid-row-not-first  container_wrap fullsize'  >\n\n<style type=\"text\/css\" data-created_by=\"avia_inline_auto\" id=\"style-css-av-k75096je-011f9abed54c9eec810f32a832dfe8dd\">\n.flex_cell.av-k75096je-011f9abed54c9eec810f32a832dfe8dd{\nvertical-align:top;\n}\n.responsive #top #wrap_all .flex_cell.av-k75096je-011f9abed54c9eec810f32a832dfe8dd{\npadding:0px 0px 0px 0px !important;\n}\n<\/style>\n<div class='flex_cell av-k75096je-011f9abed54c9eec810f32a832dfe8dd av-gridrow-cell av_one_full no_margin  avia-builder-el-6  avia-builder-el-no-sibling  content-align-top'  ><div class='flex_cell_inner'>\n<style type=\"text\/css\" data-created_by=\"avia_inline_auto\" id=\"style-css-av-k7620v3n-c2f0be3334541c4e0bddc79fc967a459\">\n#top .hr.hr-invisible.av-k7620v3n-c2f0be3334541c4e0bddc79fc967a459{\nheight:20px;\n}\n<\/style>\n<div  class='hr av-k7620v3n-c2f0be3334541c4e0bddc79fc967a459 hr-invisible  avia-builder-el-7  avia-builder-el-no-sibling '><span class='hr-inner '><span class=\"hr-inner-style\"><\/span><\/span><\/div>\n<\/div><\/div>\n<\/div>\n<div id='av-layout-grid-3'  class='av-layout-grid-container av-l0n2k-7f37a158ecd22f5a6148f018b37a809a entry-content-wrapper main_color av-flex-cells  avia-builder-el-8  el_after_av_layout_row  avia-builder-el-last  grid-row-not-first  container_wrap fullsize'  >\n\n<style type=\"text\/css\" data-created_by=\"avia_inline_auto\" id=\"style-css-av-kbktebiu-ac0f7c3a47f4fe1cddfb78f4cf7a7570\">\n.flex_cell.av-kbktebiu-ac0f7c3a47f4fe1cddfb78f4cf7a7570{\nvertical-align:top;\n}\n.responsive #top #wrap_all .flex_cell.av-kbktebiu-ac0f7c3a47f4fe1cddfb78f4cf7a7570{\npadding:30px 10px 0px 0px !important;\n}\n<\/style>\n<div class='flex_cell av-kbktebiu-ac0f7c3a47f4fe1cddfb78f4cf7a7570 av-gridrow-cell av_one_fifth no_margin  avia-builder-el-9  el_before_av_cell_four_fifth  avia-builder-el-first  content-align-top'  ><div class='flex_cell_inner'>\n<style type=\"text\/css\" data-created_by=\"avia_inline_auto\" id=\"style-css-av-1g5oz2-edc38f9c91c230c57be95ab654ab3c79\">\n.flex_column.av-1g5oz2-edc38f9c91c230c57be95ab654ab3c79{\nborder-radius:0px 0px 0px 0px;\npadding:0px 0px 0px 0px;\n}\n<\/style>\n<div  class='flex_column av-1g5oz2-edc38f9c91c230c57be95ab654ab3c79 av_one_full  avia-builder-el-10  avia-builder-el-no-sibling  first flex_column_div av-zero-column-padding  '     ><p>\n<style type=\"text\/css\" data-created_by=\"avia_inline_auto\" id=\"style-css-av-kadycc2f-683c5f9c1db3f778ef25bae0b31eeca4\">\n.iconbox.av-kadycc2f-683c5f9c1db3f778ef25bae0b31eeca4 .iconbox_icon{\nbackground-color:#fcc251;\nborder:1px solid #fcc251;\ncolor:#ffffff;\n}\n.iconbox.av-kadycc2f-683c5f9c1db3f778ef25bae0b31eeca4 .iconbox_icon.avia-svg-icon svg:first-child{\nfill:#ffffff;\nstroke:#ffffff;\n}\n<\/style>\n<article  class='iconbox iconbox_top av-kadycc2f-683c5f9c1db3f778ef25bae0b31eeca4  avia-builder-el-11  el_before_av_hr  avia-builder-el-first  main_color'  itemscope=\"itemscope\" itemtype=\"https:\/\/schema.org\/CreativeWork\" ><div class=\"iconbox_content\"><header class=\"entry-content-header\" aria-label=\"Ic\u00f4ne : &lt;a href=&quot;#happyforms-modal&quot; data-form-id=&quot;2747&quot;&gt;DEMANDE&lt;\/a&gt;\"><div class='iconbox_icon heading-color avia-iconfont avia-font-entypo-fontello' data-av_icon='\ue81e' data-av_iconfont='entypo-fontello' title=\"&lt;a href=&quot;#happyforms-modal&quot; data-form-id=&quot;2747&quot;&gt;DEMANDE&lt;\/a&gt;\" desc=\"&lt;a href=&quot;#happyforms-modal&quot; data-form-id=&quot;2747&quot;&gt;DEMANDE&lt;\/a&gt;\" ><\/div><h4 class='iconbox_content_title '  itemprop=\"headline\" ><a href='https:\/\/franz-jost.com\/fr\/kontakt\/' title='&lt;a href=&quot;#happyforms-modal&quot; data-form-id=&quot;2747&quot;&gt;DEMANDE&lt;\/a&gt;'  ><a href=\"#happyforms-modal\" data-form-id=\"2747\">DEMANDE<\/a><\/a><\/h4><\/header><div class='iconbox_content_container '  itemprop=\"text\" ><\/div><\/div><footer class=\"entry-footer\"><\/footer><\/article><br \/>\n\n<style type=\"text\/css\" data-created_by=\"avia_inline_auto\" id=\"style-css-av-k7620v3n-c2f0be3334541c4e0bddc79fc967a459\">\n#top .hr.hr-invisible.av-k7620v3n-c2f0be3334541c4e0bddc79fc967a459{\nheight:20px;\n}\n<\/style>\n<div  class='hr av-k7620v3n-c2f0be3334541c4e0bddc79fc967a459 hr-invisible  avia-builder-el-12  el_after_av_icon_box  avia-builder-el-last '><span class='hr-inner '><span class=\"hr-inner-style\"><\/span><\/span><\/div><\/p><\/div>\n<\/div><\/div>\n<style type=\"text\/css\" data-created_by=\"avia_inline_auto\" id=\"style-css-av-4qtil8-9d99232fd2b2242ed867f392d6e66551\">\n.flex_cell.av-4qtil8-9d99232fd2b2242ed867f392d6e66551{\nvertical-align:top;\n}\n.responsive #top #wrap_all .flex_cell.av-4qtil8-9d99232fd2b2242ed867f392d6e66551{\npadding:30px 30px 30px 30px !important;\n}\n<\/style>\n<div class='flex_cell av-4qtil8-9d99232fd2b2242ed867f392d6e66551 av-gridrow-cell av_four_fifth no_margin  avia-builder-el-13  el_after_av_cell_one_fifth  avia-builder-el-last  content-align-top'  ><div class='flex_cell_inner'><p>\n<style type=\"text\/css\" data-created_by=\"avia_inline_auto\" id=\"style-css-av-kbktcv9c-7230fbc0733975afc4962497caf85eec\">\n.flex_column.av-kbktcv9c-7230fbc0733975afc4962497caf85eec{\nborder-radius:0px 0px 0px 0px;\npadding:0px 0px 0px 0px;\n}\n<\/style>\n<div  class='flex_column av-kbktcv9c-7230fbc0733975afc4962497caf85eec av_one_full  avia-builder-el-14  el_before_av_one_full  avia-builder-el-first  first no_margin flex_column_div av-zero-column-padding  '     ><style type=\"text\/css\" data-created_by=\"avia_inline_auto\" id=\"style-css-av-38c50s-03c557002f2dda5f1caddeab649f5d1c\">\n#top .av-special-heading.av-38c50s-03c557002f2dda5f1caddeab649f5d1c{\npadding-bottom:10px;\n}\nbody .av-special-heading.av-38c50s-03c557002f2dda5f1caddeab649f5d1c .av-special-heading-tag .heading-char{\nfont-size:25px;\n}\n.av-special-heading.av-38c50s-03c557002f2dda5f1caddeab649f5d1c .av-subheading{\nfont-size:15px;\n}\n<\/style>\n<div  class='av-special-heading av-38c50s-03c557002f2dda5f1caddeab649f5d1c av-special-heading-h1  avia-builder-el-15  avia-builder-el-no-sibling  av-linked-heading'><h1 class='av-special-heading-tag '  itemprop=\"headline\"  >Comment nous trouver<\/h1><div class=\"special-heading-border\"><div class=\"special-heading-inner-border\"><\/div><\/div><\/div><\/div>\n<style type=\"text\/css\" data-created_by=\"avia_inline_auto\" id=\"style-css-av-kbktcz44-99eb423da8bdb8a2c3edd3e3b390c116\">\n.flex_column.av-kbktcz44-99eb423da8bdb8a2c3edd3e3b390c116{\nborder-radius:0px 0px 0px 0px;\npadding:0px 0px 0px 0px;\n}\n<\/style>\n<div  class='flex_column av-kbktcz44-99eb423da8bdb8a2c3edd3e3b390c116 av_one_full  avia-builder-el-16  el_after_av_one_full  el_before_av_one_half  first no_margin flex_column_div av-zero-column-padding  column-top-margin'     ><section  class='av_textblock_section av-k86095gl-0042066a179411b57e14c5b0d75f56a8 '   itemscope=\"itemscope\" itemtype=\"https:\/\/schema.org\/CreativeWork\" ><div class='avia_textblock'  itemprop=\"text\" ><h2>FRANZ JOST AG<\/h2>\n<\/div><\/section><\/div>\n<style type=\"text\/css\" data-created_by=\"avia_inline_auto\" id=\"style-css-av-y88v2-4ec8e88c7d783af0ed8716a2bae6cbbc\">\n.flex_column.av-y88v2-4ec8e88c7d783af0ed8716a2bae6cbbc{\nborder-radius:0px 0px 0px 0px;\npadding:0px 0px 0px 0px;\n}\n<\/style>\n<div  class='flex_column av-y88v2-4ec8e88c7d783af0ed8716a2bae6cbbc av_one_half  avia-builder-el-18  el_after_av_one_full  el_before_av_one_half  first no_margin flex_column_div av-zero-column-padding  column-top-margin'     ><section  class='av_textblock_section av-k86095gl-0042066a179411b57e14c5b0d75f56a8 '   itemscope=\"itemscope\" itemtype=\"https:\/\/schema.org\/CreativeWork\" ><div class='avia_textblock'  itemprop=\"text\" ><p>Morsheck 12<br \/>\n4760 B\u00dcLLINGEN \/ Belgien<\/p>\n<p>Tel.: +32(0)80 64 71 78<br \/>\nFax: +32(0)80 64 26 01<\/p>\n<\/div><\/section><\/div>\n<style type=\"text\/css\" data-created_by=\"avia_inline_auto\" id=\"style-css-av-su2w6-c14938e74394066324ad2d3aabf72c9e\">\n.flex_column.av-su2w6-c14938e74394066324ad2d3aabf72c9e{\nborder-radius:0px 0px 0px 0px;\npadding:0px 0px 0px 0px;\n}\n<\/style>\n<div  class='flex_column av-su2w6-c14938e74394066324ad2d3aabf72c9e av_one_half  avia-builder-el-20  el_after_av_one_half  el_before_av_one_half  no_margin flex_column_div av-zero-column-padding  column-top-margin'     ><section  class='av_textblock_section av-k86095gl-0042066a179411b57e14c5b0d75f56a8 '   itemscope=\"itemscope\" itemtype=\"https:\/\/schema.org\/CreativeWork\" ><div class='avia_textblock'  itemprop=\"text\" ><p>info@franz-jost.com<\/p>\n<p>www.franz-jost.com<br \/>\nwww.jost-injection-moulding.com<\/p>\n<\/div><\/section><\/div>\n<style type=\"text\/css\" data-created_by=\"avia_inline_auto\" id=\"style-css-av-hm4ge-23ff6777c7eb6a2ba5282e6ca15322f1\">\n.flex_column.av-hm4ge-23ff6777c7eb6a2ba5282e6ca15322f1{\nborder-radius:0px 0px 0px 0px;\npadding:0px 0px 0px 0px;\n}\n<\/style>\n<div  class='flex_column av-hm4ge-23ff6777c7eb6a2ba5282e6ca15322f1 av_one_half  avia-builder-el-22  el_after_av_one_half  el_before_av_one_half  first no_margin flex_column_div av-zero-column-padding  column-top-margin'     ><p>\n<style type=\"text\/css\" data-created_by=\"avia_inline_auto\" id=\"style-css-av-k86088vs-96652fd8809111593df532667a4396be\">\n.avia-image-container.av-k86088vs-96652fd8809111593df532667a4396be img.avia_image{\nbox-shadow:none;\n}\n.avia-image-container.av-k86088vs-96652fd8809111593df532667a4396be .av-image-caption-overlay-center{\ncolor:#ffffff;\n}\n<\/style>\n<div  class='avia-image-container av-k86088vs-96652fd8809111593df532667a4396be av-styling-no-styling avia-align-center  avia-builder-el-23  el_before_av_textblock  avia-builder-el-first '   itemprop=\"image\" itemscope=\"itemscope\" itemtype=\"https:\/\/schema.org\/ImageObject\" ><div class=\"avia-image-container-inner\"><div class=\"avia-image-overlay-wrap\"><img fetchpriority=\"high\" class='wp-image-1486 avia-img-lazy-loading-not-1486 avia_image ' src='https:\/\/franz-jost.com\/wp-content\/uploads\/2020\/03\/JOST-KONTAKT-TEAM-1030x492.jpg' alt='' title=''  height=\"492\" width=\"1030\"  itemprop=\"thumbnailUrl\"  \/><\/div><\/div><\/div><br \/>\n<section  class='av_textblock_section av-k86095gl-f2ce5154a8059896c8ca847ada80da9d '   itemscope=\"itemscope\" itemtype=\"https:\/\/schema.org\/CreativeWork\" ><div class='avia_textblock'  itemprop=\"text\" ><p><strong>Ernst, Helmut et Alexander Jost<\/strong> (de gauche \u00e0 droite) sont vos interlocuteurs directs et r\u00e9pondront \u00e0 toutes vos questions. Vous pouvez les joindre par le formulaire ci-contre.<\/p>\n<\/div><\/section><\/p><\/div>\n<style type=\"text\/css\" data-created_by=\"avia_inline_auto\" id=\"style-css-av-a6iyu-2800ab9055ed853d855d3b3259b0d5cf\">\n.flex_column.av-a6iyu-2800ab9055ed853d855d3b3259b0d5cf{\nborder-radius:0px 0px 0px 0px;\npadding:0px 0px 0px 0px;\n}\n<\/style>\n<div  class='flex_column av-a6iyu-2800ab9055ed853d855d3b3259b0d5cf av_one_half  avia-builder-el-25  el_after_av_one_half  avia-builder-el-last  no_margin flex_column_div av-zero-column-padding  column-top-margin'     ><p>\n<style type=\"text\/css\" data-created_by=\"avia_inline_auto\" id=\"style-css-av-k86088vs-6b344601b5280870562fbaf854a12d28\">\n.avia-image-container.av-k86088vs-6b344601b5280870562fbaf854a12d28 img.avia_image{\nbox-shadow:none;\n}\n.avia-image-container.av-k86088vs-6b344601b5280870562fbaf854a12d28 .av-image-caption-overlay-center{\ncolor:#ffffff;\n}\n<\/style>\n<div  class='avia-image-container av-k86088vs-6b344601b5280870562fbaf854a12d28 av-styling-no-styling av-img-linked avia-align-center  avia-builder-el-26  el_before_av_textblock  avia-builder-el-first '   itemprop=\"image\" itemscope=\"itemscope\" itemtype=\"https:\/\/schema.org\/ImageObject\" ><div class=\"avia-image-container-inner\"><div class=\"avia-image-overlay-wrap\"><a href=\"https:\/\/www.google.be\/maps\/dir\/\/Jost+Franz,+Morsheck+12,+4760+Bullange%2FB\u00fcllingen\/@50.3967249,6.2359407,17z\/data=!4m8!4m7!1m0!1m5!1m1!1s0x47bf84186d1e35f3:0x549937435041e5b5!2m2!1d6.2407628!2d50.39626\" class='avia_image '  target=\"_blank\"  rel=\"noopener noreferrer\" ><img fetchpriority=\"high\" class='wp-image-1481 avia-img-lazy-loading-not-1481 avia_image ' src='https:\/\/franz-jost.com\/wp-content\/uploads\/2020\/03\/JOST-KONTAKT-LUFT-1030x492.jpg' alt='' title=''  height=\"492\" width=\"1030\"  itemprop=\"thumbnailUrl\"  \/><\/a><\/div><\/div><\/div><br \/>\n<section  class='av_textblock_section av-k86095gl-0042066a179411b57e14c5b0d75f56a8 '   itemscope=\"itemscope\" itemtype=\"https:\/\/schema.org\/CreativeWork\" ><div class='avia_textblock'  itemprop=\"text\" ><p>Cliquez dans la vue a\u00e9rienne pour une vue agrandie et votre itin\u00e9raire vers nous<\/p>\n<\/div><\/section><\/p><\/div><\/p>\n<\/div><\/div><\/div>\n","protected":false},"excerpt":{"rendered":"","protected":false},"author":1,"featured_media":0,"parent":0,"menu_order":5,"comment_status":"closed","ping_status":"closed","template":"","meta":{"footnotes":""},"class_list":["post-1836","page","type-page","status-publish","hentry"],"aioseo_notices":[],"_links":{"self":[{"href":"https:\/\/franz-jost.com\/fr\/wp-json\/wp\/v2\/pages\/1836","targetHints":{"allow":["GET"]}}],"collection":[{"href":"https:\/\/franz-jost.com\/fr\/wp-json\/wp\/v2\/pages"}],"about":[{"href":"https:\/\/franz-jost.com\/fr\/wp-json\/wp\/v2\/types\/page"}],"author":[{"embeddable":true,"href":"https:\/\/franz-jost.com\/fr\/wp-json\/wp\/v2\/users\/1"}],"replies":[{"embeddable":true,"href":"https:\/\/franz-jost.com\/fr\/wp-json\/wp\/v2\/comments?post=1836"}],"version-history":[{"count":18,"href":"https:\/\/franz-jost.com\/fr\/wp-json\/wp\/v2\/pages\/1836\/revisions"}],"predecessor-version":[{"id":4048,"href":"https:\/\/franz-jost.com\/fr\/wp-json\/wp\/v2\/pages\/1836\/revisions\/4048"}],"wp:attachment":[{"href":"https:\/\/franz-jost.com\/fr\/wp-json\/wp\/v2\/media?parent=1836"}],"curies":[{"name":"wp","href":"https:\/\/api.w.org\/{rel}","templated":true}]}}